{"id":63,"date":"2023-08-17T12:11:25","date_gmt":"2023-08-17T15:11:25","guid":{"rendered":"https:\/\/www3.unicentro.br\/dedir\/?page_id=63"},"modified":"2023-08-29T15:25:31","modified_gmt":"2023-08-29T18:25:31","slug":"ensino-pesquisa-e-extensao","status":"publish","type":"page","link":"https:\/\/www3.unicentro.br\/dedir\/ensino-pesquisa-e-extensao\/","title":{"rendered":"Ensino, Pesquisa e Extens\u00e3o"},"content":{"rendered":"<div class=\"wpb-content-wrapper\"><p>[vc_row u_row_style=&#8221;0&#8243; u_row_paralax=&#8221;0&#8243; u_row_scheme=&#8221;0&#8243; css=&#8221;.vc_custom_1693333480036{margin-bottom: 15px !important;padding-left: 30px !important;background-color: #f4f4f4 !important;}&#8221;][vc_column][vc_column_text]<\/p>\n<p class=\"p1\"><strong>Projeto de Ensino<\/strong><\/p>\n<ul>\n<li class=\"p1\">Est\u00e1gio Pedag\u00f3gico Volunt\u00e1rio<\/li>\n<li class=\"p1\">Pibid<\/li>\n<li class=\"p1\">Monitoria<\/li>\n<li class=\"p1\">Resid\u00eancia Pedag\u00f3gica<\/li>\n<li class=\"p1\">Tutoria Discente Remunerada<\/li>\n<\/ul>\n<p>[\/vc_column_text][\/vc_column][\/vc_row][vc_row u_row_style=&#8221;0&#8243; u_row_paralax=&#8221;0&#8243; u_row_scheme=&#8221;0&#8243; css=&#8221;.vc_custom_1693333388615{margin-bottom: 15px !important;padding-left: 30px !important;background-color: #f4f4f4 !important;}&#8221;][vc_column][vc_column_text]<strong>Projetos de Extens\u00e3o<\/strong><\/p>\n<p style=\"padding-left: 40px\">Em constru\u00e7\u00e3o<\/p>\n<p>[\/vc_column_text][\/vc_column][\/vc_row][vc_row u_row_style=&#8221;0&#8243; u_row_paralax=&#8221;0&#8243; u_row_scheme=&#8221;0&#8243; css=&#8221;.vc_custom_1693333399967{margin-bottom: 15px !important;padding-left: 30px !important;background-color: #f4f4f4 !important;}&#8221;][vc_column][vc_column_text]<strong>Projetos de Pesquisa<\/strong><\/p>\n<p style=\"padding-left: 40px\">Em constru\u00e7\u00e3o<\/p>\n<p>[\/vc_column_text][\/vc_column][\/vc_row][vc_row u_row_style=&#8221;0&#8243; u_row_paralax=&#8221;0&#8243; u_row_scheme=&#8221;0&#8243; css=&#8221;.vc_custom_1693333413267{margin-bottom: 15px !important;padding-left: 30px !important;background-color: #f4f4f4 !important;}&#8221;][vc_column][vc_column_text]<\/p>\n<p class=\"p1\"><strong>Grupos de Pesquisa<\/strong><\/p>\n<p class=\"p2\" style=\"padding-left: 40px\"><a href=\"http:\/\/dgp.cnpq.br\/dgp\/espelhogrupo\/791806\"><span class=\"s1\">Grupo Farol<\/span><\/a><\/p>\n<p class=\"p1\" style=\"padding-left: 80px\">Linhas de Pesquisa:<\/p>\n<ol>\n<li style=\"list-style-type: none\">\n<ol>\n<li style=\"list-style-type: none\">\n<ol style=\"list-style-type: numeric\">\n<li class=\"p1\">Direito de realidade<\/li>\n<li class=\"p1\">Direito, Tecnologia e Informa\u00e7\u00e3o<\/li>\n<\/ol>\n<\/li>\n<\/ol>\n<\/li>\n<\/ol>\n<p>[\/vc_column_text][\/vc_column][\/vc_row][vc_row u_row_style=&#8221;0&#8243; u_row_paralax=&#8221;0&#8243; u_row_scheme=&#8221;0&#8243; css=&#8221;.vc_custom_1693333425766{margin-bottom: 15px !important;padding-left: 30px !important;background-color: #f4f4f4 !important;}&#8221;][vc_column][vc_column_text]<strong>NPJ &#8211; N\u00facleo de Pr\u00e1ticas Jur\u00eddicas<\/strong><\/p>\n<p class=\"p1\" style=\"padding-left: 40px\">O Est\u00e1gio Supervisionado Obrigat\u00f3rio do Curso de Direito, ESO, constitui-se em uma atividade obrigat\u00f3ria de car\u00e1ter pr\u00e1tico-profissionalizante realizada individualmente pelo Acad\u00eamico, sob supervis\u00e3o do NPJ &#8211; N\u00facleo de Pr\u00e1tica Jur\u00eddica. O NPJ &#8211; N\u00facleo de Pr\u00e1ticas Jur\u00eddicas \u00e9 \u00f3rg\u00e3o executor e supervisor das pr\u00e1ticas jur\u00eddicas, reais e simuladas, do ESO e do est\u00e1gio volunt\u00e1rio.<\/p>\n<p>[\/vc_column_text][\/vc_column][\/vc_row][vc_row u_row_style=&#8221;0&#8243; u_row_paralax=&#8221;0&#8243; u_row_scheme=&#8221;0&#8243; css=&#8221;.vc_custom_1693333435586{margin-bottom: 15px !important;padding-left: 30px !important;background-color: #f4f4f4 !important;}&#8221;][vc_column][vc_column_text]<\/p>\n<p class=\"p1\"><strong>Laborat\u00f3rios<\/strong><\/p>\n<p class=\"p1\" style=\"padding-left: 40px\">Em constru\u00e7\u00e3o<\/p>\n<p>[\/vc_column_text][\/vc_column][\/vc_row]<\/p>\n<\/div>","protected":false},"excerpt":{"rendered":"<p>[vc_row u_row_style=&#8221;0&#8243; u_row_paralax=&#8221;0&#8243; u_row_scheme=&#8221;0&#8243; css=&#8221;.vc_custom_1693333480036{margin-bottom: 15px !important;padding-left: 30px !important;background-color: #f4f4f4 !important;}&#8221;][vc_column][vc_column_text] Projeto de Ensino Est\u00e1gio Pedag\u00f3gico Volunt\u00e1rio Pibid Monitoria Resid\u00eancia Pedag\u00f3gica Tutoria Discente Remunerada [\/vc_column_text][\/vc_column][\/vc_row][vc_row u_row_style=&#8221;0&#8243; u_row_paralax=&#8221;0&#8243; u_row_scheme=&#8221;0&#8243; css=&#8221;.vc_custom_1693333388615{margin-bottom: 15px !important;padding-left: 30px !important;background-color: #f4f4f4 !important;}&#8221;][vc_column][vc_column_text]Projetos de Extens\u00e3o Em constru\u00e7\u00e3o [\/vc_column_text][\/vc_column][\/vc_row][vc_row u_row_style=&#8221;0&#8243; u_row_paralax=&#8221;0&#8243; u_row_scheme=&#8221;0&#8243; css=&#8221;.vc_custom_1693333399967{margin-bottom: 15px !important;padding-left: 30px !important;background-color: #f4f4f4 !important;}&#8221;][vc_column][vc_column_text]Projetos de Pesquisa Em constru\u00e7\u00e3o [\/vc_column_text][\/vc_column][\/vc_row][vc_row [&hellip;]<\/p>\n","protected":false},"author":3,"featured_media":0,"parent":0,"menu_order":0,"comment_status":"closed","ping_status":"closed","template":"","meta":{"_exactmetrics_skip_tracking":false,"_exactmetrics_sitenote_active":false,"_exactmetrics_sitenote_note":"","_exactmetrics_sitenote_category":0,"footnotes":"","_links_to":"","_links_to_target":""},"class_list":["post-63","page","type-page","status-publish","hentry"],"_links":{"self":[{"href":"https:\/\/www3.unicentro.br\/dedir\/wp-json\/wp\/v2\/pages\/63","targetHints":{"allow":["GET"]}}],"collection":[{"href":"https:\/\/www3.unicentro.br\/dedir\/wp-json\/wp\/v2\/pages"}],"about":[{"href":"https:\/\/www3.unicentro.br\/dedir\/wp-json\/wp\/v2\/types\/page"}],"author":[{"embeddable":true,"href":"https:\/\/www3.unicentro.br\/dedir\/wp-json\/wp\/v2\/users\/3"}],"replies":[{"embeddable":true,"href":"https:\/\/www3.unicentro.br\/dedir\/wp-json\/wp\/v2\/comments?post=63"}],"version-history":[{"count":2,"href":"https:\/\/www3.unicentro.br\/dedir\/wp-json\/wp\/v2\/pages\/63\/revisions"}],"predecessor-version":[{"id":115,"href":"https:\/\/www3.unicentro.br\/dedir\/wp-json\/wp\/v2\/pages\/63\/revisions\/115"}],"wp:attachment":[{"href":"https:\/\/www3.unicentro.br\/dedir\/wp-json\/wp\/v2\/media?parent=63"}],"curies":[{"name":"wp","href":"https:\/\/api.w.org\/{rel}","templated":true}]}}