{"id":61,"date":"2023-08-17T12:08:18","date_gmt":"2023-08-17T15:08:18","guid":{"rendered":"https:\/\/www3.unicentro.br\/dedir\/?page_id=61"},"modified":"2023-08-17T12:08:18","modified_gmt":"2023-08-17T15:08:18","slug":"legislacao-e-formularios","status":"publish","type":"page","link":"https:\/\/www3.unicentro.br\/dedir\/legislacao-e-formularios\/","title":{"rendered":"Legisla\u00e7\u00e3o e Formul\u00e1rios"},"content":{"rendered":"<ul>\n<li class=\"p1\">IMPLANTA\u00c7\u00c3O DO CURSO DE DIREITO \u2013 Bacharelado<br \/>\nLegisla\u00e7\u00e3o referente \u00e0 cria\u00e7\u00e3o, autoriza\u00e7\u00e3o e reconhecimento do curso<\/li>\n<\/ul>\n<p class=\"p1\"><strong>Cria\u00e7\u00e3o:<\/strong><\/p>\n<ul>\n<li class=\"p1\">RESOLU\u00c7\u00c3O N\u00ba 107-COU\/UNICENTRO, de 5 de agosto de 2014.<br \/>\nCria o Curso de Gradua\u00e7\u00e3o em Direito, Bacharelado, na UNICENTRO, no C\u00e2mpus Santa Cruz, e d\u00e1 outras provid\u00eancias.<\/li>\n<li class=\"p1\">RESOLU\u00c7\u00c3O N\u00ba 10-COU\/UNICENTRO, de 13 de setembro de 2022<br \/>\nCria o Departamento de Direito, DEDIR, no C\u00e2mpus Santa Cruz, Unidade Universit\u00e1ria de Guarapuava, e d\u00e1 outras provid\u00eancias.<\/li>\n<\/ul>\n<p class=\"p1\"><strong>Autoriza\u00e7\u00e3o:<\/strong><\/p>\n<ul>\n<li class=\"p1\">DECRETO N\u00ba 10834, de 25 de abril de 2022. DIOE N\u00ba 11161, de 25 de abril de 2022.<br \/>\nAutoriza o funcionamento do Curso de Gradua\u00e7\u00e3o em Direito no C\u00e2mpus Santa Cruz da UNICENTRO. carga hor\u00e1ria de 3.954 horas (tr\u00eas mil, novecentas e cinquenta e quatro) horas, 40 (quarenta) vagas anuais, regime de matr\u00edcula seriado anual com disciplinas semestrais, turno de funcionamento matutino, per\u00edodo de integraliza\u00e7\u00e3o m\u00ednimo de 5 (cinco) e m\u00e1ximo de 7 (sete) anos.<\/li>\n<\/ul>\n<p class=\"p2\"><strong><span class=\"s1\">Projeto Pedag\u00f3gico do Curso\u00a0<\/span><\/strong><\/p>\n<ul>\n<li class=\"p2\">RESOLU\u00c7\u00c3O N\u00ba 108-COU\/UNICENTRO, de 5 de agosto de 2014.<br \/>\nAprova o Projeto Pedag\u00f3gico do Curso de Gradua\u00e7\u00e3o em Direito, Bacharelado, da UNICENTRO, C\u00e2mpus Santa Cruz, e d\u00e1 outras provid\u00eancias.<\/li>\n<li class=\"p2\">RESOLU\u00c7\u00c3O N\u00ba 9-COU\/UNICENTRO, de 13 de setembro de 2022.<br \/>\nAprova as altera\u00e7\u00f5es do Projeto Pedag\u00f3gico do Curso de Gradua\u00e7\u00e3o em Direito, Bacharelado, da UNICENTRO, C\u00e2mpus Santa Cruz, e d\u00e1 outras provid\u00eancias.<\/li>\n<\/ul>\n<p><strong><span class=\"s3\">Legisla\u00e7\u00e3o<\/span><\/strong><\/p>\n<ul style=\"list-style-type: square\">\n<li class=\"p1\">Decreto;<\/li>\n<li class=\"p1\">Instru\u00e7\u00f5es Normativas;<\/li>\n<li class=\"p1\">Regulamentos;<\/li>\n<li class=\"p1\">Resolu\u00e7\u00f5es.<\/li>\n<\/ul>\n","protected":false},"excerpt":{"rendered":"<p>IMPLANTA\u00c7\u00c3O DO CURSO DE DIREITO \u2013 Bacharelado Legisla\u00e7\u00e3o referente \u00e0 cria\u00e7\u00e3o, autoriza\u00e7\u00e3o e reconhecimento do curso Cria\u00e7\u00e3o: RESOLU\u00c7\u00c3O N\u00ba 107-COU\/UNICENTRO, de 5 de agosto de 2014. Cria o Curso de Gradua\u00e7\u00e3o em Direito, Bacharelado, na UNICENTRO, no C\u00e2mpus Santa Cruz, e d\u00e1 outras provid\u00eancias. RESOLU\u00c7\u00c3O N\u00ba 10-COU\/UNICENTRO, de 13 de setembro de 2022 Cria o [&hellip;]<\/p>\n","protected":false},"author":3,"featured_media":0,"parent":0,"menu_order":0,"comment_status":"closed","ping_status":"closed","template":"","meta":{"_exactmetrics_skip_tracking":false,"_exactmetrics_sitenote_active":false,"_exactmetrics_sitenote_note":"","_exactmetrics_sitenote_category":0,"footnotes":"","_links_to":"","_links_to_target":""},"class_list":["post-61","page","type-page","status-publish","hentry"],"_links":{"self":[{"href":"https:\/\/www3.unicentro.br\/dedir\/wp-json\/wp\/v2\/pages\/61","targetHints":{"allow":["GET"]}}],"collection":[{"href":"https:\/\/www3.unicentro.br\/dedir\/wp-json\/wp\/v2\/pages"}],"about":[{"href":"https:\/\/www3.unicentro.br\/dedir\/wp-json\/wp\/v2\/types\/page"}],"author":[{"embeddable":true,"href":"https:\/\/www3.unicentro.br\/dedir\/wp-json\/wp\/v2\/users\/3"}],"replies":[{"embeddable":true,"href":"https:\/\/www3.unicentro.br\/dedir\/wp-json\/wp\/v2\/comments?post=61"}],"version-history":[{"count":0,"href":"https:\/\/www3.unicentro.br\/dedir\/wp-json\/wp\/v2\/pages\/61\/revisions"}],"wp:attachment":[{"href":"https:\/\/www3.unicentro.br\/dedir\/wp-json\/wp\/v2\/media?parent=61"}],"curies":[{"name":"wp","href":"https:\/\/api.w.org\/{rel}","templated":true}]}}