{"id":34,"date":"2023-08-08T15:10:05","date_gmt":"2023-08-08T18:10:05","guid":{"rendered":"https:\/\/www3.unicentro.br\/dedir\/?page_id=34"},"modified":"2026-03-06T22:03:35","modified_gmt":"2026-03-07T01:03:35","slug":"docentes","status":"publish","type":"page","link":"https:\/\/www3.unicentro.br\/dedir\/docentes\/","title":{"rendered":"Docentes"},"content":{"rendered":"<div class=\"wpb-content-wrapper\"><p>[vc_row u_row_style=&#8221;0&#8243; u_row_paralax=&#8221;0&#8243; u_row_scheme=&#8221;0&#8243; css=&#8221;.vc_custom_1693508887097{margin-bottom: 15px !important;padding-top: 15px !important;padding-right: 15px !important;padding-bottom: 15px !important;padding-left: 15px !important;background-color: #e2e2e2 !important;}&#8221;][vc_column][vc_column_text]<\/p>\n<p style=\"text-align: center\"><strong>PROFESSORES EFETIVOS<\/strong><\/p>\n<p>[\/vc_column_text][\/vc_column][\/vc_row][vc_row u_row_style=&#8221;0&#8243; u_row_paralax=&#8221;0&#8243; u_row_scheme=&#8221;0&#8243; css=&#8221;.vc_custom_1691517885778{margin-bottom: 15px !important;background-color: #efefef !important;}&#8221;][vc_column width=&#8221;1\/4&#8243;][vc_single_image image=&#8221;35&#8243; img_size=&#8221;100&#215;140&#8243; add_caption=&#8221;yes&#8221; alignment=&#8221;center&#8221;][\/vc_column][vc_column width=&#8221;3\/4&#8243;][vc_column_text]<\/p>\n<p class=\"p1\">Doutoranda no Programa de P\u00f3s-Gradua\u00e7\u00e3o Interdisciplinar em Desenvolvimento Comunit\u00e1rio da Universidade Estadual do Centro-Oeste (PPGDC-Unicentro), pesquisadora do projeto &#8220;A comunidade como epicentro na resolu\u00e7\u00e3o de conflitos&#8221;, sob orienta\u00e7\u00e3o do Prof. Dr. J\u00f3 Klanovicz. Advogada. Mestre em Direito\u00a0pela Universidade Federal do Paran\u00e1 (2005) e Graduada em Direito pela Faculdade Direito de Curitiba (2000). Professora do Curso Prof. Luiz Carlos (Curitiba\/PR) desde 2006 at\u00e9 2019. Professora Titular da Universidade Estadual do Centro-Oeste (UNICENTRO). Integrante do N\u00facleo de Pesquisas Interdisciplinares em Desenvolvimento Comunit\u00e1rio do Programa de P\u00f3s-Gradua\u00e7\u00e3o Interdisciplinar em Desenvolvimento Comunit\u00e1rio da Universidade Estadual do Centro-Oeste (PPGDCUnicentro) e do Grupo de Pesquisas Envirotech and Community Studies, na tr\u00edade composta pelo Laborat\u00f3rio de Hist\u00f3ria Ambiental e Estudos de Comunidade (LHA-Unicentro), Laborat\u00f3rio de Hist\u00f3ria Ambiental (UFFS-Chapec\u00f3) e Laborat\u00f3rio de Migra\u00e7\u00e3o, Imigra\u00e7\u00e3o e Hist\u00f3ria Ambiental (UFSC-Florian\u00f3polis). Coordenadora do Projeto de Extens\u00e3o: Escolas de Economia de Comunh\u00e3o (UNICENTRO). Facilitadora Restaurativa habilitada pelo Tribunal de Justi\u00e7a do Paran\u00e1. Membro da Comiss\u00e3o de Defesa dos Direitos da Crian\u00e7a e Adolescente da OAB\/PR, subse\u00e7\u00e3o de Guarapuava. (Texto informado pelo autor. Acesso ao curr\u00edculo lattes completo <span class=\"s1\">em: <\/span><a href=\"http:\/\/lattes.cnpq.br\/0707172153999510\">http:\/\/lattes.cnpq.br\/0707172153999510<\/a>)<\/p>\n<p>[\/vc_column_text][\/vc_column][\/vc_row][vc_row u_row_style=&#8221;0&#8243; u_row_paralax=&#8221;0&#8243; u_row_scheme=&#8221;0&#8243; css=&#8221;.vc_custom_1691517885778{margin-bottom: 15px !important;background-color: #efefef !important;}&#8221;][vc_column width=&#8221;1\/4&#8243;][vc_single_image image=&#8221;36&#8243; img_size=&#8221;100&#215;140&#8243; add_caption=&#8221;yes&#8221; alignment=&#8221;center&#8221;][\/vc_column][vc_column width=&#8221;3\/4&#8243;][vc_column_text]<\/p>\n<p class=\"p1\">Possui gradua\u00e7\u00e3o em Direito pela Pontif\u00edcia Universidade Cat\u00f3lica do Paran\u00e1 (1997) e mestrado em Educa\u00e7\u00e3o pela Pontif\u00edcia\u00a0Universidade Cat\u00f3lica do Paran\u00e1 (2012). Professora de Direito na Universidade Estadual do Centro-Oeste UNICENTRO. Atuou como Assessora T\u00e9cnica e Procuradora Jur\u00eddica da Procuradoria Jur\u00eddica da Universidade Estadual do Centro-Oeste UNICENTRO. Foi Membro Suplente do Conselho Gestor do Fundo Municipal de Defesa do Consumidor de Guarapuava, entre 2010 e 2011. Foi Coordenadora do N\u00facleo de Estudos e Defesa de Direitos da Inf\u00e2ncia e da Juventude, entre 2006 e 2007. Foi Coordenadora do Programa de Execu\u00e7\u00e3o das Alternativas Penais do munic\u00edpio de Guarapuava, entre 2013 e 2014. Membro da Comiss\u00e3o de Implanta\u00e7\u00e3o do Curso de Direito da UNICENTRO e do N\u00facleo Docente Estruturante. Tem experi\u00eancia na \u00e1rea de Direito, e Doc\u00eancia na Educa\u00e7\u00e3o Superior<\/p>\n<p class=\"p1\">Acesso ao curr\u00edculo lattes completo <span class=\"s1\">em: <\/span><a href=\"http:\/\/lattes.cnpq.br\/4867832566086274\">http:\/\/lattes.cnpq.br\/4867832566086274<\/a><\/p>\n<p>[\/vc_column_text][\/vc_column][\/vc_row][vc_row u_row_style=&#8221;0&#8243; u_row_paralax=&#8221;0&#8243; u_row_scheme=&#8221;0&#8243; css=&#8221;.vc_custom_1691517885778{margin-bottom: 15px !important;background-color: #efefef !important;}&#8221;][vc_column width=&#8221;1\/4&#8243;][vc_single_image image=&#8221;38&#8243; img_size=&#8221;100&#215;140&#8243; add_caption=&#8221;yes&#8221; alignment=&#8221;center&#8221;][\/vc_column][vc_column width=&#8221;3\/4&#8243;][vc_column_text]<\/p>\n<p class=\"p1\">Graduado e Mestre em Direito. Doutor em Educa\u00e7\u00e3o. Professor da Universidade Estadual do Centro-Oeste &#8211; UNICENTRO, em Guarapuava-PR. Tem experi\u00eancia nas \u00e1reas de Filosofia do Direito, Sociologia do Direito, Direito Tribut\u00e1rio e Direito Administrativo, com \u00eanfase em Teoria do Direito. Desenvolve pesquisas principalmente sobre os seguintes temas: direito, globaliza\u00e7\u00e3o,pol\u00edticas p\u00fablicas, poder e ideologia.<\/p>\n<p class=\"p1\">Acesso ao curr\u00edculo lattes completo <span class=\"s1\">em: <\/span><a href=\"http:\/\/lattes.cnpq.br\/2670077032222363\">http:\/\/lattes.cnpq.br\/2670077032222363<\/a><\/p>\n<p>[\/vc_column_text][\/vc_column][\/vc_row][vc_row u_row_style=&#8221;0&#8243; u_row_paralax=&#8221;0&#8243; u_row_scheme=&#8221;0&#8243; css=&#8221;.vc_custom_1691517885778{margin-bottom: 15px !important;background-color: #efefef !important;}&#8221;][vc_column width=&#8221;1\/4&#8243;][vc_single_image image=&#8221;39&#8243; img_size=&#8221;100&#215;140&#8243; add_caption=&#8221;yes&#8221; alignment=&#8221;center&#8221;][\/vc_column][vc_column width=&#8221;3\/4&#8243;][vc_column_text]<\/p>\n<p class=\"p1\">Professor Adjunto da Universidade Estadual do Centro-Oeste UNICENTRO, possui gradua\u00e7\u00e3o em Direito pela Universidade Federal do Paran\u00e1 (1998), mestrado em Direito pela Universidade Federal de Santa Catarina (2000) e doutorado em Direito pela Universidade Federal do Paran\u00e1 (2001). Tem experi\u00eancia na \u00e1rea de Direito, com \u00eanfase em Direito P\u00fablico e Teoria do Direito, atuando principalmente nos seguintes temas: direito constitucional, teoria da democracia, teoria constitucional, direitos fundamentais, hermen\u00eautica constitucional, teoria do discurso e da linguagem e filosofia do direito. Advogado, parecerista e conferencista. Cursando Medicina (2018) no Centro Universit\u00e1rio Campo Real, tamb\u00e9m com dedica\u00e7\u00e3o \u00e0 pesquisa.<\/p>\n<p class=\"p1\">Acesso ao curr\u00edculo lattes completo <span class=\"s1\">em: <\/span><a href=\"http:\/\/lattes.cnpq.br\/3850478748841410\">http:\/\/lattes.cnpq.br\/3850478748841410<\/a><\/p>\n<p>[\/vc_column_text][\/vc_column][\/vc_row][vc_row u_row_style=&#8221;0&#8243; u_row_paralax=&#8221;0&#8243; u_row_scheme=&#8221;0&#8243; css=&#8221;.vc_custom_1691517885778{margin-bottom: 15px !important;background-color: #efefef !important;}&#8221;][vc_column width=&#8221;1\/4&#8243;][vc_single_image image=&#8221;152&#8243; img_size=&#8221;100&#215;140&#8243; add_caption=&#8221;yes&#8221; alignment=&#8221;center&#8221;][\/vc_column][vc_column width=&#8221;3\/4&#8243;][vc_column_text]<\/p>\n<p class=\"p1\">Doutor em Ci\u00eancias Sociais Aplicadas pela Universidade Estadual de Ponta Grossa (2022); Mestre em Ci\u00eancia Jur\u00eddica pela Universidade do Vale do Itaja\u00ed (2014); Mestre em Desenvolvimento Econ\u00f4mico pela Universidade Federal do Paran\u00e1 (2009); Especialista em Economia do Agroneg\u00f3cio pela Universidade Estadual do Centro-Oeste (2005); Especialista em Contabilidade e Controladoria pela Universidade Estadual do Centro-Oeste (2000); Graduado em Direito pela Faculdade Campo Real (2005); Graduado em Ci\u00eancias Cont\u00e1beis pela Universidade Estadual do Centro-Oeste (1998); T\u00e9cnico em Contabilidade pelo Col\u00e9gio Francisco Carneiro Martins (1994). Atualmente \u00e9 professor adjunto da Universidade Estadual do CentroOeste. S\u00f3cio da Regiani, Silva e Marquetti Advogados Associados. S\u00f3cio da Dias Regiani Consultoria. Tem experi\u00eancia na \u00e1rea Jur\u00eddica, Cont\u00e1bil e Econ\u00f4mica, com \u00eanfase no Direito Tribut\u00e1rio; no Direito do Trabalho; na Contabilidade Tribut\u00e1ria; na Contabilidade Societ\u00e1ria e no Planejamento Empresarial. H\u00e1 30 anos atuando nas entidades p\u00fablicas e privadas.<\/p>\n<p class=\"p1\">Acesso ao curr\u00edculo lattes completo <span class=\"s1\">em: <\/span><a href=\"http:\/\/lattes.cnpq.br\/8067027731612112\">http:\/\/lattes.cnpq.br\/8067027731612112<\/a><\/p>\n<p>[\/vc_column_text][\/vc_column][\/vc_row][vc_row u_row_style=&#8221;0&#8243; u_row_paralax=&#8221;0&#8243; u_row_scheme=&#8221;0&#8243; css=&#8221;.vc_custom_1691517885778{margin-bottom: 15px !important;background-color: #efefef !important;}&#8221;][vc_column width=&#8221;1\/4&#8243;][vc_single_image image=&#8221;41&#8243; img_size=&#8221;100&#215;140&#8243; add_caption=&#8221;yes&#8221; alignment=&#8221;center&#8221;][\/vc_column][vc_column width=&#8221;3\/4&#8243;][vc_column_text]<\/p>\n<p class=\"p1\">Doutoranda no Programa de P\u00f3s-Gradua\u00e7\u00e3o Interdisciplinar em Desenvolvimento Comunit\u00e1rio (PPGDC), da Universidade Estadual do Centro-Oeste (Unicentro), Paran\u00e1, desenvolvendo pesquisa: &#8220;Antes que virem a \u00faltima canoa: nas ondas do buen vivir cai\u00e7ara no litoral norte do Paran\u00e1&#8221;, sob a orienta\u00e7\u00e3o do Professor Dr. J\u00f3 Klanovicz. \u00c9 membro pesquisador no Laborat\u00f3rio de Hist\u00f3ria Ambiental e Estudos de Comunidade (LHAUNICENTRO\/PR). Professora de direito na UNICENTRO, integrante do DEDIR. Mestre em Direito pela Universidade Federal do Paran\u00e1. Especialista em Direito Processual pelas Faculdades Positivo e em Direito Sist\u00eamico pela Hellinger Schulle e Faculdade Innovare. Vinculada ao grupo de pesquisas Envirotech and Community Studies. Advogada, bacharel em Direito pela Universidade Estadual de Ponta Grossa, possui experi\u00eancia na \u00e1rea de direito p\u00fablico com \u00eanfase em direito administrativo e direito do ensino superior. Atua como volunt\u00e1ria facilitadora de conflitos pelo m\u00e9todo da Justi\u00e7a Restaurativa (IIRP e EMSP) por meio de projetos de extens\u00e3o em conv\u00eanio com o Poder Judici\u00e1rio na Comarca de Guarapuava, coordenando o projeto institucional de gest\u00e3o de conflitos Universidade com Justi\u00e7a.<\/p>\n<p class=\"p1\">Acesso ao curr\u00edculo lattes completo <span class=\"s1\">em: <\/span><a href=\"http:\/\/lattes.cnpq.br\/0309597356940152\">http:\/\/lattes.cnpq.br\/0309597356940152<\/a><\/p>\n<p>[\/vc_column_text][\/vc_column][\/vc_row][vc_row u_row_style=&#8221;0&#8243; u_row_paralax=&#8221;0&#8243; u_row_scheme=&#8221;0&#8243; css=&#8221;.vc_custom_1693508901849{margin-bottom: 15px !important;padding-top: 15px !important;padding-right: 15px !important;padding-bottom: 15px !important;padding-left: 15px !important;background-color: #e2e2e2 !important;}&#8221;][vc_column][vc_column_text]<\/p>\n<p style=\"text-align: center\"><strong>PROFESSORES COLABORADORES<\/strong><\/p>\n<p>[\/vc_column_text][\/vc_column][\/vc_row][vc_row u_row_style=&#8221;0&#8243; u_row_paralax=&#8221;0&#8243; u_row_scheme=&#8221;0&#8243; css=&#8221;.vc_custom_1691517885778{margin-bottom: 15px !important;background-color: #efefef !important;}&#8221;][vc_column width=&#8221;1\/4&#8243;][vc_single_image image=&#8221;37&#8243; img_size=&#8221;100&#215;140&#8243; add_caption=&#8221;yes&#8221; alignment=&#8221;center&#8221;][\/vc_column][vc_column width=&#8221;3\/4&#8243;][vc_column_text css=&#8221;&#8221;]<\/p>\n<p class=\"p1\">Possui gradua\u00e7\u00e3o em Direito pelo Centro Universit\u00e1rio Curitiba (2009) e p\u00f3s-gradua\u00e7\u00e3o (Lato Sensu) em Direito Penal e Processo Penal pela Academia Brasileira de Direito Constitucional. P\u00f3s-graduado (Lato Sensu) em Pedagogia do Ensino Superior pelo Centro Universit\u00e1rio Campo Real. Mestre em Filosofia pela Universidade Federal do Paran\u00e1. Coordenador do Grupo de Estudos de Filosofia do Direito (Centro Universit\u00e1rio Campo Real) Membro da Comiss\u00e3o de Defesa dos Direitos Humanos (OAB\/Curitiba-PR) entre 2010 e 2012. Professor de Direito Penal e Filosofia do Direito no Centro Universit\u00e1rio Campo Real (Guarapuava-PR). Advogado.<\/p>\n<p class=\"p1\">Acesso ao curr\u00edculo lattes completo <span class=\"s1\">em: <\/span><a href=\"http:\/\/lattes.cnpq.br\/8420738817531276\">http:\/\/lattes.cnpq.br\/8420738817531276<\/a><\/p>\n<p>[\/vc_column_text][\/vc_column][\/vc_row][vc_row u_row_style=&#8221;0&#8243; u_row_paralax=&#8221;0&#8243; u_row_scheme=&#8221;0&#8243; css=&#8221;.vc_custom_1691517885778{margin-bottom: 15px !important;background-color: #efefef !important;}&#8221;][vc_column width=&#8221;1\/4&#8243;][vc_single_image image=&#8221;182&#8243; img_size=&#8221;100&#215;140&#8243; add_caption=&#8221;yes&#8221; alignment=&#8221;center&#8221; css=&#8221;&#8221;][\/vc_column][vc_column width=&#8221;3\/4&#8243;][vc_column_text css=&#8221;&#8221;]Doutora pela Universidad de Le\u00f3n (ES), programa &#8221; Responsabilidad Juridica &#8211; perspectiva multidiciplinar&#8221; , tendo conclu\u00eddo seu Doutorado CUM LAUDE, defendendo sua tese com o aval de doutores de tr\u00eas pa\u00edses, com o t\u00edtulo &#8220;Nuevas Formas de Empresa en el mundo globalizado y sus repercucciones sobre los derechos de los trabajadores&#8221; (Jan\/2013). Graduada em Direito pela Faculdade Novo Ateneu de Guarapuava (2005). Advogada inscrita na Ordem dos Advogados do Brasil e na Ordem dos Advogados de Portugal. Professora de Direito do Trabalho e de Direito Previdenci\u00e1rio. Coordenadora do Curso de Direito do Centro Universit\u00e1rio Guairac\u00e1 &#8211; UNIGUAIRAC\u00c1.<\/p>\n<p>Acesso ao curr\u00edculo lattes completo em:<a href=\"https:\/\/lattes.cnpq.br\/9983719647925825\"> https:\/\/lattes.cnpq.br\/9983719647925825<\/a>[\/vc_column_text][\/vc_column][\/vc_row][vc_row u_row_style=&#8221;0&#8243; u_row_paralax=&#8221;0&#8243; u_row_scheme=&#8221;0&#8243; css=&#8221;.vc_custom_1691517885778{margin-bottom: 15px !important;background-color: #efefef !important;}&#8221;][vc_column width=&#8221;1\/4&#8243;][vc_single_image image=&#8221;146&#8243; img_size=&#8221;100&#215;140&#8243; add_caption=&#8221;yes&#8221; alignment=&#8221;center&#8221;][\/vc_column][vc_column width=&#8221;3\/4&#8243;][vc_column_text css=&#8221;&#8221;]Doutora em Direito Socioambiental e Sustentabilidade pela PUCPR (2021). Mestre em Direito Econ\u00f4mico e Socioambiental pela PUCPR (2011). Professora Universit\u00e1ria desde 2010. Interesse em pesquisa desde o in\u00edcio da Faculdade, com experi\u00eancia acad\u00eamica em inicia\u00e7\u00e3o cient\u00edfica (Bolsista Funda\u00e7\u00e3o Arauc\u00e1ria PIBIC &#8211; Gradua\u00e7\u00e3o 2006-2008 e Mestrado 2009-2011 PUCPR), ganhando pr\u00eamio de 1 lugar &#8211; XII Mostra de Pesquisa da P\u00f3s- Gradua\u00e7\u00e3o &#8211; PUCPR. Membro Conselho Editorial (Prisma Editorial &#8211; 2024). Parecerista ABDCONST (2022). Lecionou Direito Civil na Escola de Direito da Pontif\u00edcia Universidade Cat\u00f3lica do Paran\u00e1, em Curitiba. Professora (PSS) UNICENTRO &#8211; Guarapuava. Professora do Curso de Direito da Faculdade Campo Real &#8211; Guarapuava-PR, nas \u00e1reas do Direito Civil e Direitos Humanos (desde 2015). Experi\u00eancia como professora da P\u00f3s Gradua\u00e7\u00e3o em Direito da Faculdade Campo Real (2017) em Guarapuava- PR e Faculdade Cnec (2017) em Campo Largo &#8211; PR, atuando inclusive como organizadora. Professora na p\u00f3s-gradua\u00e7\u00e3o em Contratos Empresariais da FAMEC &#8211; PR (2010). Coordena\u00e7\u00e3o de Grupos de Pesquisa (at\u00e9 2016) na faculdade Cnec. Lecionou em cursos t\u00e9cnicos na Universidade Positivo &#8211; PR (Empresarial e Tribut\u00e1rio). Advogada desde 2008, atuante em grandes escrit\u00f3rios da Capital do Estado, realizando audi\u00eancias e sustenta\u00e7\u00f5es orais no TJPR. Procuradora em v\u00e1rios processos na esfera C\u00edvel (empresarial,contratos, consumidor, responsabilidade civil), Direitos Humanos, Tribut\u00e1rio e Trabalhista. Possui gradua\u00e7\u00e3o em Direito pela Pontif\u00edcia Universidade Cat\u00f3lica do Paran\u00e1 (2008). \u00c1reas de atua\u00e7\u00e3o advocacia e doc\u00eancia: Direito Civil, Empresarial, Tribut\u00e1rio, Direitos Humanos, Direito do Consumidor e Direito Eletr\u00f4nico &#8211; Tecnologia de Informa\u00e7\u00e3o e Comunica\u00e7\u00e3o. Palestrante, autora de livros e artigos nacionais e internacionais. Membro de Comiss\u00f5es OAB\/PR desde 2011 (Curitiba).<\/p>\n<p>Acesso ao curr\u00edculo lattes completo em:\u00a0\u00a0<a href=\"http:\/\/lattes.cnpq.br\/8467418866620640\">http:\/\/lattes.cnpq.br\/8467418866620640<\/a>[\/vc_column_text][\/vc_column][\/vc_row][vc_row u_row_style=&#8221;0&#8243; u_row_paralax=&#8221;0&#8243; u_row_scheme=&#8221;0&#8243; css=&#8221;.vc_custom_1691517885778{margin-bottom: 15px !important;background-color: #efefef !important;}&#8221;][vc_column width=&#8221;1\/4&#8243;][vc_single_image image=&#8221;42&#8243; img_size=&#8221;100&#215;140&#8243; add_caption=&#8221;yes&#8221; alignment=&#8221;center&#8221;][\/vc_column][vc_column width=&#8221;3\/4&#8243;][vc_column_text css=&#8221;&#8221;]<\/p>\n<p class=\"p1\">Possui gradua\u00e7\u00e3o em Direito &#8211; Faculdades Guarapuava (2013). Atualmente \u00e9 professora, advogada, Ju\u00edza Leiga no Juizado Especial C\u00edvel e da Fazenda da Comarca de Pinh\u00e3o\/PR. \u00c9 p\u00f3s-graduada em Direito do Trabalho e em Media\u00e7\u00e3o, Arbitragem, Concilia\u00e7\u00e3o e Negocia\u00e7\u00e3o. Tem experi\u00eancia na \u00e1rea de Direito, com \u00eanfase em Direito Civil e Previdenci\u00e1rio.<\/p>\n<p class=\"p1\">Acesso ao curr\u00edculo lattes completo em: <a href=\"http:\/\/lattes.cnpq.br\/5474068426747516\">http:\/\/lattes.cnpq.br\/5474068426747516<\/a><\/p>\n<p>[\/vc_column_text][\/vc_column][\/vc_row][vc_row u_row_style=&#8221;0&#8243; u_row_paralax=&#8221;0&#8243; u_row_scheme=&#8221;0&#8243; css=&#8221;.vc_custom_1691517885778{margin-bottom: 15px !important;background-color: #efefef !important;}&#8221;][vc_column width=&#8221;1\/4&#8243;][vc_single_image image=&#8221;185&#8243; img_size=&#8221;100&#215;140&#8243; add_caption=&#8221;yes&#8221; alignment=&#8221;center&#8221; css=&#8221;&#8221;][\/vc_column][vc_column width=&#8221;3\/4&#8243;][vc_column_text css=&#8221;&#8221;]Possui gradua\u00e7\u00e3o em Direito pela Universidade Estadual do Norte do Paran\u00e1 (1996). Possui Mestrado em Ci\u00eancia Jur\u00eddica pela Universidade Estadual do Norte do Paran\u00e1 (2009).<\/p>\n<p>Acesso ao curr\u00edculo lattes completo em: <a href=\"https:\/\/lattes.cnpq.br\/4027545970570719\">https:\/\/lattes.cnpq.br\/4027545970570719<\/a>[\/vc_column_text][\/vc_column][\/vc_row]<\/p>\n<\/div>","protected":false},"excerpt":{"rendered":"<p>[vc_row u_row_style=&#8221;0&#8243; u_row_paralax=&#8221;0&#8243; u_row_scheme=&#8221;0&#8243; css=&#8221;.vc_custom_1693508887097{margin-bottom: 15px !important;padding-top: 15px !important;padding-right: 15px !important;padding-bottom: 15px !important;padding-left: 15px !important;background-color: #e2e2e2 !important;}&#8221;][vc_column][vc_column_text] PROFESSORES EFETIVOS [\/vc_column_text][\/vc_column][\/vc_row][vc_row u_row_style=&#8221;0&#8243; u_row_paralax=&#8221;0&#8243; u_row_scheme=&#8221;0&#8243; css=&#8221;.vc_custom_1691517885778{margin-bottom: 15px !important;background-color: #efefef !important;}&#8221;][vc_column width=&#8221;1\/4&#8243;][vc_single_image image=&#8221;35&#8243; img_size=&#8221;100&#215;140&#8243; add_caption=&#8221;yes&#8221; alignment=&#8221;center&#8221;][\/vc_column][vc_column width=&#8221;3\/4&#8243;][vc_column_text] Doutoranda no Programa de P\u00f3s-Gradua\u00e7\u00e3o Interdisciplinar em Desenvolvimento Comunit\u00e1rio da Universidade Estadual do Centro-Oeste (PPGDC-Unicentro), pesquisadora do projeto &#8220;A comunidade como [&hellip;]<\/p>\n","protected":false},"author":3,"featured_media":0,"parent":0,"menu_order":0,"comment_status":"closed","ping_status":"closed","template":"","meta":{"_exactmetrics_skip_tracking":false,"_exactmetrics_sitenote_active":false,"_exactmetrics_sitenote_note":"","_exactmetrics_sitenote_category":0,"footnotes":"","_links_to":"","_links_to_target":""},"class_list":["post-34","page","type-page","status-publish","hentry"],"_links":{"self":[{"href":"https:\/\/www3.unicentro.br\/dedir\/wp-json\/wp\/v2\/pages\/34","targetHints":{"allow":["GET"]}}],"collection":[{"href":"https:\/\/www3.unicentro.br\/dedir\/wp-json\/wp\/v2\/pages"}],"about":[{"href":"https:\/\/www3.unicentro.br\/dedir\/wp-json\/wp\/v2\/types\/page"}],"author":[{"embeddable":true,"href":"https:\/\/www3.unicentro.br\/dedir\/wp-json\/wp\/v2\/users\/3"}],"replies":[{"embeddable":true,"href":"https:\/\/www3.unicentro.br\/dedir\/wp-json\/wp\/v2\/comments?post=34"}],"version-history":[{"count":3,"href":"https:\/\/www3.unicentro.br\/dedir\/wp-json\/wp\/v2\/pages\/34\/revisions"}],"predecessor-version":[{"id":186,"href":"https:\/\/www3.unicentro.br\/dedir\/wp-json\/wp\/v2\/pages\/34\/revisions\/186"}],"wp:attachment":[{"href":"https:\/\/www3.unicentro.br\/dedir\/wp-json\/wp\/v2\/media?parent=34"}],"curies":[{"name":"wp","href":"https:\/\/api.w.org\/{rel}","templated":true}]}}