{"id":30,"date":"2023-08-08T14:37:05","date_gmt":"2023-08-08T17:37:05","guid":{"rendered":"https:\/\/www3.unicentro.br\/dedir\/?page_id=30"},"modified":"2023-08-08T14:39:54","modified_gmt":"2023-08-08T17:39:54","slug":"sobre","status":"publish","type":"page","link":"https:\/\/www3.unicentro.br\/dedir\/o-curso\/sobre\/","title":{"rendered":"Sobre o curso"},"content":{"rendered":"<p class=\"p1\">O curso de Direito ofertado no C\u00e2mpus Santa Cruz em Guarapuava tem seu funcionamento no per\u00edodo da manh\u00e3.<\/p>\n<p class=\"p1\"><strong>VAGAS DE ACESSO:<\/strong><\/p>\n<p class=\"p1\">Vestibular &#8211; 36<br \/>\nPAC &#8211; 4<\/p>\n<p class=\"p1\"><strong>Atua\u00e7\u00e3o<\/strong><\/p>\n<p class=\"p1\">O Bacharel em Direito tem a possibilidade de atuar tanto na esfera p\u00fablica como na esfera privada. Este diferencial \u00e9 um dos grandes atrativos do curso, que \u00e9 requisito para uma s\u00e9rie de carreiras p\u00fablicas (Magistratura federal, trabalhista e estadual, Minist\u00e9rio P\u00fablico federal, estadual e especializado, Defensoria P\u00fablica, Procuradorias federais, estaduais, aut\u00e1rquicas e especializadas, Delegado federal e estadual) al\u00e9m de ser forma\u00e7\u00e3o essencial para qualquer carreira p\u00fablica. No setor privado, al\u00e9m da especialidade e exclusividade principal, que \u00e9 o exerc\u00edcio da Advocacia, o curso de direito tamb\u00e9m prepara o profissional para atua\u00e7\u00f5es relevantes em negocia\u00e7\u00f5es nacionais e internacionais, concilia\u00e7\u00e3o e arbitragem, consultorias e assessorias.<\/p>\n<p class=\"p1\"><strong>Mercado de trabalho<\/strong><\/p>\n<p class=\"p1\">Essa grande oferta de \u00e1reas de atua\u00e7\u00e3o deixa o mercado sempre aquecido e com bom retorno financeiro, tendo possibilidade de ganhos efetivos relevantes. Agrega-se ainda a atua\u00e7\u00e3o social destacada e essencial do profissional do direito na busca de justi\u00e7a, equidade e equil\u00edbrio. Uma carreira que \u00e9 fundamental para o bom desenvolvimento de uma comunidade.<\/p>\n","protected":false},"excerpt":{"rendered":"<p>O curso de Direito ofertado no C\u00e2mpus Santa Cruz em Guarapuava tem seu funcionamento no per\u00edodo da manh\u00e3. VAGAS DE ACESSO: Vestibular &#8211; 36 PAC &#8211; 4 Atua\u00e7\u00e3o O Bacharel em Direito tem a possibilidade de atuar tanto na esfera p\u00fablica como na esfera privada. Este diferencial \u00e9 um dos grandes atrativos do curso, que [&hellip;]<\/p>\n","protected":false},"author":3,"featured_media":0,"parent":32,"menu_order":0,"comment_status":"closed","ping_status":"closed","template":"","meta":{"_exactmetrics_skip_tracking":false,"_exactmetrics_sitenote_active":false,"_exactmetrics_sitenote_note":"","_exactmetrics_sitenote_category":0,"footnotes":"","_links_to":"","_links_to_target":""},"class_list":["post-30","page","type-page","status-publish","hentry"],"_links":{"self":[{"href":"https:\/\/www3.unicentro.br\/dedir\/wp-json\/wp\/v2\/pages\/30","targetHints":{"allow":["GET"]}}],"collection":[{"href":"https:\/\/www3.unicentro.br\/dedir\/wp-json\/wp\/v2\/pages"}],"about":[{"href":"https:\/\/www3.unicentro.br\/dedir\/wp-json\/wp\/v2\/types\/page"}],"author":[{"embeddable":true,"href":"https:\/\/www3.unicentro.br\/dedir\/wp-json\/wp\/v2\/users\/3"}],"replies":[{"embeddable":true,"href":"https:\/\/www3.unicentro.br\/dedir\/wp-json\/wp\/v2\/comments?post=30"}],"version-history":[{"count":0,"href":"https:\/\/www3.unicentro.br\/dedir\/wp-json\/wp\/v2\/pages\/30\/revisions"}],"up":[{"embeddable":true,"href":"https:\/\/www3.unicentro.br\/dedir\/wp-json\/wp\/v2\/pages\/32"}],"wp:attachment":[{"href":"https:\/\/www3.unicentro.br\/dedir\/wp-json\/wp\/v2\/media?parent=30"}],"curies":[{"name":"wp","href":"https:\/\/api.w.org\/{rel}","templated":true}]}}