{"id":703,"date":"2025-07-09T13:31:56","date_gmt":"2025-07-09T16:31:56","guid":{"rendered":"https:\/\/www3.unicentro.br\/decon\/?page_id=703"},"modified":"2025-09-12T10:23:04","modified_gmt":"2025-09-12T13:23:04","slug":"referencias-bibliograficas","status":"publish","type":"page","link":"https:\/\/www3.unicentro.br\/decon\/producao-discente\/historica-da-moeda-no-brasil\/referencias-bibliograficas\/","title":{"rendered":"Refer\u00eancias Bibliogr\u00e1ficas"},"content":{"rendered":"<div class=\"wpb-content-wrapper\"><p>[vc_row][vc_column][vc_column_text]BANCO CENTRAL DO BRASIL. Plano Real. Dispon\u00edvel em: <a href=\"https:\/\/www.bcb.gov.br\/controleinflacao\/30anosreal\">https:\/\/www.bcb.gov.br\/controleinflacao\/30anosreal<\/a>. Acesso em: 4 maio 2025.<\/p>\n<p>BARBOSA, Felipe Santana. A implanta\u00e7\u00e3o do Plano Real e seus impactos na economia brasileira. Reposit\u00f3rio Universit\u00e1rio da \u00c2nima (RUNA), 2023. Acesso em: 4 maio 2025.<\/p>\n<p>BARCELOS, Reginaldo. Casas de fundi\u00e7\u00e3o e da moeda no Brasil e em Portugal: purificar o ouro, apurar as t\u00e9cnicas. <em>Popula\u00e7\u00e3o e Sociedade<\/em>, p. 143, 2013.<\/p>\n<p>CERQUEIRA LIMA, Fernando. Da moeda met\u00e1lica \u00e0 moeda fiduci\u00e1ria: as transforma\u00e7\u00f5es do meio circulante na constru\u00e7\u00e3o do Imp\u00e9rio do Brasil (1808-1840). <em>Hist\u00f3ria Econ\u00f4mica &amp; Hist\u00f3ria de Empresas<\/em>, v. 25, n. 1, p. 118\u2013140, 2022. Acesso em: 6 mai. 2025.<\/p>\n<p>FRANCO, Gustavo H. B. <em>A moeda e a lei: uma hist\u00f3ria monet\u00e1ria brasileira (1933-2013)<\/em>. 1. ed. Rio de Janeiro: Zahar, 2017.<\/p>\n<p>GAMBI, Thiago Fontelas Rosado. O banco da ordem: pol\u00edtica e finan\u00e7as no imp\u00e9rio brasileiro (1853-66). 2010. Tese (Doutorado em Hist\u00f3ria Econ\u00f4mica) \u2013 Faculdade de Filosofia, Letras e Ci\u00eancias Humanas, Universidade de S\u00e3o Paulo, S\u00e3o Paulo, 2010. Acesso em: 5 mai. 2025.<\/p>\n<p>GOULART, Vanessa Martins. Plano Real e seus formuladores: a an\u00e1lise de uma pol\u00edtica anti-inflacion\u00e1ria. Universidade Federal do Rio de Janeiro, Instituto de Economia, 2017. Acesso em: 4 mai. 2025.<\/p>\n<p>LEVY, Maria B\u00e1rbara. Elementos para o estudo da circula\u00e7\u00e3o da moeda na economia colonial. <em>Estudos Econ\u00f4micos (S\u00e3o Paulo)<\/em>, v. 13, n. especial, p. 825-840, 1983.<\/p>\n<p>LIMA, Fernando Cerqueira. Da moeda met\u00e1lica ao papel-moeda: as transforma\u00e7\u00f5es do meio circulante na constru\u00e7\u00e3o do Imp\u00e9rio do Brasil (1808-1831). <em>Hist\u00f3ria Econ\u00f4mica &amp; Hist\u00f3ria de Empresas<\/em>, v. 25, n. 1, p. 118-140, jan.\/abr. 2022.<\/p>\n<p>LIMA, Francisco Carlos Gomes de Cerqueira. Uma an\u00e1lise cr\u00edtica da literatura sobre a oferta e a circula\u00e7\u00e3o de moeda met\u00e1lica no Brasil nos s\u00e9culos XVI e XVII. <em>Estudos Econ\u00f4micos (S\u00e3o Paulo)<\/em>, v. 35, n. 1, p. 169\u2013201, mar. 2005.<\/p>\n<p>MARTINS, Marco Ant\u00f4nio dos Santos. Lembrando o Encilhamento. <em>An\u00e1lise: Conjuntura Nacional e Coronav\u00edrus<\/em>, FCE\/UFRGS, Porto Alegre, 19 ago. 2020.<\/p>\n<p>RIBEIRO, Tom\u00e1s Jundi. Plano Real: sua hist\u00f3ria e seu resultado. 2023. Monografia (Gradua\u00e7\u00e3o em Economia) \u2013 Pontif\u00edcia Universidade Cat\u00f3lica do Rio de Janeiro, Departamento de Economia, Rio de Janeiro. Acesso em: 4 mai. 2025.<\/p>\n<p>RIBEIRO DE OLIVEIRA, Maria Teresa; FALC\u00c3O SILVA, Maria Luiza. O Brasil no padr\u00e3o-ouro: a Caixa de Convers\u00e3o de 1906-1914. <em>Hist\u00f3ria Econ\u00f4mica &amp; Hist\u00f3ria de Empresas<\/em>, v. 4, n. 1, 2012. Acesso em: 6 mai. 2025.<\/p>\n<p>SANDOVAL, M\u00e1rcio Rovere. A padroniza\u00e7\u00e3o do Mil-R\u00e9is (1918-1942). Associa\u00e7\u00e3o Filat\u00e9lica e Numism\u00e1tica de Santa Catarina, Florian\u00f3polis, 2015. Acesso em: 2 mai. 2025.<\/p>\n<p>SERRA, Jos\u00e9. Ciclos e mudan\u00e7as estruturais na economia brasileira do p\u00f3s-guerra. <em>Revista de Economia Pol\u00edtica<\/em>, v. 2, n. 2, p. 145-183, abr.\/jun. 1982.<\/p>\n<p>SERRANO, Ana; SANTOS, Deivid; QUINTINO, Leandro. Duas d\u00e9cadas do trip\u00e9 macroecon\u00f4mico: uma an\u00e1lise da sua atua\u00e7\u00e3o na economia brasileira. <em>A Economia em Revista<\/em>, v. 31, n. 2, p. 69-81, maio\/ago. 2023. Acesso em: 4 mai. 2025.<\/p>\n<p>SOARES, L. M.; DAVID, K. L. Feira de Antiguidades: Hist\u00f3ria da Moeda Brasileira. <em>Congresso de Divulga\u00e7\u00e3o Cient\u00edfica, Cultural e Tecnol\u00f3gica do IFF P\u00e1dua,<\/em> <em>[S. l.]<\/em>, v. 2, 2023. Dispon\u00edvel em: https:\/\/anais.eventos.iff.edu.br\/index.php\/sacaiff\/article\/view\/1650. Acesso em: 10 jun. 2025.<\/p>\n<p>SZMRECS\u00c1NYI, Tam\u00e1s. Origens e consequ\u00eancias do funding loan de 1898. <em>An\u00e1lise Econ\u00f4mica<\/em>, v. 20, n. 38, 2002.<\/p>\n<p>VARASCHIN, Jorge Armindo Aguiar. Plano Real: normatiza\u00e7\u00e3o de uma economia financeirizada. <em>Economia e Sociedade<\/em>, v. 33, n. 1, 2024. Acesso em: 4 maio 2025.<\/p>\n<p>Impactos da crise do petr\u00f3leo na economia brasileira. Multivix, Acesso em:<\/p>\n<p>U.S. Energy Information Administration (EIA). Dados hist\u00f3ricos do pre\u00e7o do petr\u00f3leo (em d\u00f3lares correntes). Dispon\u00edvel em: <a href=\"https:\/\/www.eia.gov\/dnav\/pet\/hist\/LeafHandler.ashx?n=PET&amp;s=RBRTE&amp;f=A\">https:\/\/www.eia.gov\/dnav\/pet\/hist\/LeafHandler.ashx?n=PET&amp;s=RBRTE&amp;f=A<\/a><u> Acesso em: <\/u><\/p>\n<p>MULTIVIX. Impactos da crise do petr\u00f3leo na economia brasileira. 2018. Dispon\u00edvel em: <a href=\"https:\/\/multivix.edu.br\/wp-content\/uploads\/2018\/08\/impactos-da-crise-do-petroleo-na-economia-brasileira.pdf\">https:\/\/multivix.edu.br\/wp-content\/uploads\/2018\/08\/impactos-da-crise-do-petroleo-na-economia-brasileira.pdf<\/a>. Acesso em: 26 maio 2025.<\/p>\n<p>DE PAIVA ABREU, Marcelo. A economia brasileira 1930-1964. EconStor, 2018. Dispon\u00edvel em: <a href=\"https:\/\/www.econstor.eu\/bitstream\/10419\/176068\/1\/td585.pdf\">https:\/\/www.econstor.eu\/bitstream\/10419\/176068\/1\/td585.pdf<\/a>. Acesso em: 26 mai. 2025.<\/p>\n<p>U.S. ENERGY INFORMATION ADMINISTRATION (EIA). Dados hist\u00f3ricos do pre\u00e7o do petr\u00f3leo (em d\u00f3lares correntes). Dispon\u00edvel em: <a href=\"https:\/\/www.eia.gov\/dnav\/pet\/hist\/LeafHandler.ashx?n=PET&amp;s=RBRTE&amp;f=A\">https:\/\/www.eia.gov\/dnav\/pet\/hist\/LeafHandler.ashx?n=PET&amp;s=RBRTE&amp;f=A<\/a>. Acesso em: 26 mai. 2025.<\/p>\n<p>ZANATTA, Pedro. Para combater a infla\u00e7\u00e3o, Brasil j\u00e1 passou por seis trocas de moeda; entenda. CNN Brasil, S\u00e3o Paulo, 1 jul. 2022. Dispon\u00edvel em: <a href=\"https:\/\/www.cnnbrasil.com.br\/economia\/macroeconomia\/para-combater-a-inflacao-brasil-ja-passou-por-seis-trocas-de-moeda-entenda\/\">https:\/\/www.cnnbrasil.com.br\/economia\/macroeconomia\/para-combater-a-inflacao-brasil-ja-passou-por-seis-trocas-de-moeda-entenda\/<\/a>.<\/p>\n<p>BANCO CENTRAL DO BRASIL. S\u00edntese dos Padr\u00f5es Monet\u00e1rios Brasileiros. Bras\u00edlia: Banco Central do Brasil, maio de 2007. Dispon\u00edvel em: <a href=\"https:\/\/www.bcb.gov.br\/content\/acessoinformacao\/museudocs\/pub\/SintesePadroesMonetariosBrasileiros.pdf\">https:\/\/www.bcb.gov.br\/content\/acessoinformacao\/museudocs\/pub\/SintesePadroesMonetariosBrasileiros.pdf<\/a>.[\/vc_column_text][vc_row_inner][vc_column_inner width=&#8221;1\/6&#8243;][vc_icon icon_fontawesome=&#8221;fa fa-solid fa-circle-arrow-left&#8221; color=&#8221;custom&#8221; align=&#8221;center&#8221; css=&#8221;&#8221; custom_color=&#8221;#EED1A3&#8243; link=&#8221;url:https%3A%2F%2Fwww3.unicentro.br%2Fdecon%2Fproducao-discente%2Fhistorica-da-moeda-no-brasil%2Fconsideracoes-finais%2F|title:Expediente&#8221;][\/vc_column_inner][vc_column_inner width=&#8221;2\/3&#8243;][\/vc_column_inner][vc_column_inner width=&#8221;1\/6&#8243;][\/vc_column_inner][\/vc_row_inner][\/vc_column][\/vc_row]<\/p>\n<\/div>","protected":false},"excerpt":{"rendered":"<p>[vc_row][vc_column][vc_column_text]BANCO CENTRAL DO BRASIL. Plano Real. Dispon\u00edvel em: https:\/\/www.bcb.gov.br\/controleinflacao\/30anosreal. Acesso em: 4 maio 2025. BARBOSA, Felipe Santana. A implanta\u00e7\u00e3o do Plano Real e seus impactos na economia brasileira. Reposit\u00f3rio Universit\u00e1rio da \u00c2nima (RUNA), 2023. Acesso em: 4 maio 2025. BARCELOS, Reginaldo. Casas de fundi\u00e7\u00e3o e da moeda no Brasil e em Portugal: purificar o ouro, [&hellip;]<\/p>\n","protected":false},"author":3,"featured_media":0,"parent":588,"menu_order":0,"comment_status":"closed","ping_status":"closed","template":"","meta":{"_exactmetrics_skip_tracking":false,"_exactmetrics_sitenote_active":false,"_exactmetrics_sitenote_note":"","_exactmetrics_sitenote_category":0,"footnotes":"","_links_to":"","_links_to_target":""},"class_list":["post-703","page","type-page","status-publish","hentry"],"_links":{"self":[{"href":"https:\/\/www3.unicentro.br\/decon\/wp-json\/wp\/v2\/pages\/703","targetHints":{"allow":["GET"]}}],"collection":[{"href":"https:\/\/www3.unicentro.br\/decon\/wp-json\/wp\/v2\/pages"}],"about":[{"href":"https:\/\/www3.unicentro.br\/decon\/wp-json\/wp\/v2\/types\/page"}],"author":[{"embeddable":true,"href":"https:\/\/www3.unicentro.br\/decon\/wp-json\/wp\/v2\/users\/3"}],"replies":[{"embeddable":true,"href":"https:\/\/www3.unicentro.br\/decon\/wp-json\/wp\/v2\/comments?post=703"}],"version-history":[{"count":1,"href":"https:\/\/www3.unicentro.br\/decon\/wp-json\/wp\/v2\/pages\/703\/revisions"}],"predecessor-version":[{"id":760,"href":"https:\/\/www3.unicentro.br\/decon\/wp-json\/wp\/v2\/pages\/703\/revisions\/760"}],"up":[{"embeddable":true,"href":"https:\/\/www3.unicentro.br\/decon\/wp-json\/wp\/v2\/pages\/588"}],"wp:attachment":[{"href":"https:\/\/www3.unicentro.br\/decon\/wp-json\/wp\/v2\/media?parent=703"}],"curies":[{"name":"wp","href":"https:\/\/api.w.org\/{rel}","templated":true}]}}