{"id":686,"date":"2025-07-09T13:30:57","date_gmt":"2025-07-09T16:30:57","guid":{"rendered":"https:\/\/www3.unicentro.br\/decon\/?page_id=686"},"modified":"2025-09-12T10:20:46","modified_gmt":"2025-09-12T13:20:46","slug":"capitulo-4-o-plano-real-e-seus-desdobramentos-1994-presente","status":"publish","type":"page","link":"https:\/\/www3.unicentro.br\/decon\/producao-discente\/historica-da-moeda-no-brasil\/capitulo-4-o-plano-real-e-seus-desdobramentos-1994-presente\/","title":{"rendered":"Cap\u00edtulo 4 \u2013 O Plano Real e seus desdobramentos (1994\u2013presente)"},"content":{"rendered":"<div class=\"wpb-content-wrapper\"><p>[vc_row][vc_column][vc_column_text css=&#8221;&#8221;]<strong>Implementa\u00e7\u00e3o do <\/strong><a href=\"https:\/\/www.bcb.gov.br\/controleinflacao\/planoreal\"><strong>Plano Real<\/strong><\/a><\/p>\n<p>O Plano Real trouxe uma nova perspectiva para a economia brasileira. \u201cO Plano Real foi elaborado a partir de um diagn\u00f3stico realista e profundo da situa\u00e7\u00e3o brasileira. A equipe econ\u00f4mica liderada por Fernando Henrique Cardoso no Minist\u00e9rio da Fazenda buscou solu\u00e7\u00f5es eficazes para conter a infla\u00e7\u00e3o e estabilizar a economia.\u201d (Goulart, 2016, p. 45) Em 1993, foi desenvolvido com a colabora\u00e7\u00e3o dos renomados economistas P\u00e9rsio Arida, Gustavo Franco, Edmar Bacha, Andr\u00e9 Lara Resende e Pedro Malan. Apresentando uma abordagem inovadora e distinta dos planos anteriores, o Plano Real priorizou a transpar\u00eancia e a atualiza\u00e7\u00e3o cont\u00ednua ao longo de seu processo, garantindo tamb\u00e9m uma melhor compreens\u00e3o de seus objetivos pela popula\u00e7\u00e3o. Sua implementa\u00e7\u00e3o ocorreu em tr\u00eas etapas principais.<\/p>\n<p><img loading=\"lazy\" decoding=\"async\" class=\"aligncenter wp-image-687\" src=\"https:\/\/www3.unicentro.br\/decon\/wp-content\/uploads\/sites\/80\/2025\/07\/infografico2-scaled.png\" alt=\"plano real\" width=\"637\" height=\"389\" srcset=\"https:\/\/www3.unicentro.br\/decon\/wp-content\/uploads\/sites\/80\/2025\/07\/infografico2-scaled.png 2560w, https:\/\/www3.unicentro.br\/decon\/wp-content\/uploads\/sites\/80\/2025\/07\/infografico2-300x183.png 300w, https:\/\/www3.unicentro.br\/decon\/wp-content\/uploads\/sites\/80\/2025\/07\/infografico2-1024x626.png 1024w, https:\/\/www3.unicentro.br\/decon\/wp-content\/uploads\/sites\/80\/2025\/07\/infografico2-768x469.png 768w, https:\/\/www3.unicentro.br\/decon\/wp-content\/uploads\/sites\/80\/2025\/07\/infografico2-1536x938.png 1536w, https:\/\/www3.unicentro.br\/decon\/wp-content\/uploads\/sites\/80\/2025\/07\/infografico2-2048x1251.png 2048w, https:\/\/www3.unicentro.br\/decon\/wp-content\/uploads\/sites\/80\/2025\/07\/infografico2-255x156.png 255w\" sizes=\"auto, (max-width: 637px) 100vw, 637px\" \/><\/p>\n<p>[\/vc_column_text][vc_video link=&#8221;https:\/\/youtu.be\/Wxq6WbD8tw4?si=g5Yly_1OEcfCGp8J&#8221; el_width=&#8221;80&#8243; align=&#8221;center&#8221; css=&#8221;&#8221;][vc_column_text css=&#8221;&#8221;]<\/p>\n<p style=\"text-align: center\"><span style=\"font-size: 10pt\"><strong><em>Reportagem sobre o lan\u00e7amento do plano real<\/em><\/strong><\/span><\/p>\n<p>A implementa\u00e7\u00e3o da Unidade Real de Valor (URV) foi uma estrat\u00e9gia inovadora para o controle inflacion\u00e1rio. Segundo Ribeiro (2023, p. 45), &#8220;foi essencial para a transi\u00e7\u00e3o monet\u00e1ria, evitando os impactos negativos de planos de choque anteriores&#8221;. N\u00e3o focou no congelamento de pre\u00e7os, destacando-se por ser uma solu\u00e7\u00e3o gradual e tempor\u00e1ria, com o objetivo de romper a indexa\u00e7\u00e3o que dominava a economia brasileira desde 1980.<\/p>\n<p>No per\u00edodo pr\u00e9-Plano Real, a infla\u00e7\u00e3o n\u00e3o resultava apenas do descompasso entre oferta e demanda, mas tamb\u00e9m da instabilidade dos pre\u00e7os, sal\u00e1rios e contratos, formando um ciclo vicioso. Surgindo justamente para romper essa l\u00f3gica, atuando como um padr\u00e3o de valor virtual, sem exist\u00eancia f\u00edsica. Os pre\u00e7os e sal\u00e1rios eram expressos em URV, mas pagos em cruzeiros, baseando-se na taxa de convers\u00e3o das moedas, atualizada diariamente. Essa metodologia acostumava os agentes econ\u00f4micos \u00e0 estabilidade, garantindo um ambiente mais equilibrado.<\/p>\n<p>Mesmo que o cruzeiro continuasse inflacionando, o valor da URV permanecia est\u00e1vel, o que gerava confian\u00e7a no sistema. &#8220;A URV foi importante para que n\u00e3o fosse necess\u00e1rio corrigir os pre\u00e7os depois da mudan\u00e7a da moeda. Na verdade, criou-se um ajuste de pre\u00e7os que variava conforme o d\u00f3lar, mas sem a dolariza\u00e7\u00e3o da moeda&#8221; (Barbosa, 2023, p. 18).<\/p>\n<p>Essa estabilidade foi essencial para que a popula\u00e7\u00e3o acreditasse na possibilidade de controle da infla\u00e7\u00e3o. &#8220;Permitiu uma transi\u00e7\u00e3o suave entre a moeda antiga e o real, evitando os efeitos colaterais t\u00edpicos de planos de choque, como o desabastecimento e a quebra de contratos&#8221; (Goulart, 2016, p. 22). O governo garantiu o engajamento da sociedade por meio de uma comunica\u00e7\u00e3o clara e transparente, facilitando a adapta\u00e7\u00e3o ao novo sistema.<\/p>\n<p>A transi\u00e7\u00e3o para o Real, em julho de 1994, ocorreu de forma organizada, sem os choques econ\u00f4micos habituais dos planos anteriores. &#8220;O Plano Real reconheceu que a infla\u00e7\u00e3o brasileira possu\u00eda car\u00e1ter inercial, ou seja, os pre\u00e7os continuavam a subir n\u00e3o por press\u00f5es de demanda, mas pela expectativa de que subiriam&#8221; (Varaschin, 2024, p. 6). A URV pavimentou o caminho para a estabiliza\u00e7\u00e3o da moeda, restaurando a confian\u00e7a na economia e possibilitando a constru\u00e7\u00e3o de uma base s\u00f3lida e previs\u00edvel.[\/vc_column_text][vc_row_inner][vc_column_inner width=&#8221;1\/2&#8243;][vc_column_text css=&#8221;&#8221;]<strong>Reais de 1994<\/strong>[\/vc_column_text][vc_single_image image=&#8221;691&#8243; img_size=&#8221;full&#8221; alignment=&#8221;center&#8221; css=&#8221;&#8221;][vc_single_image image=&#8221;692&#8243; img_size=&#8221;full&#8221; alignment=&#8221;center&#8221; css=&#8221;&#8221;][\/vc_column_inner][vc_column_inner width=&#8221;1\/2&#8243;][vc_single_image image=&#8221;693&#8243; img_size=&#8221;full&#8221; add_caption=&#8221;yes&#8221; alignment=&#8221;center&#8221; css=&#8221;&#8221;][vc_single_image image=&#8221;694&#8243; img_size=&#8221;full&#8221; add_caption=&#8221;yes&#8221; alignment=&#8221;center&#8221; css=&#8221;&#8221;][\/vc_column_inner][\/vc_row_inner][vc_column_text css=&#8221;&#8221;]<span style=\"font-size: 8pt\"><em>Fonte: Banco Central do Brasil dispon\u00edvel em https:\/\/www.bcb.gov.br\/cedulasemoedas\/moedasemitidas<\/em><\/span>[\/vc_column_text][vc_column_text css=&#8221;&#8221;]<strong><em>Confira o comercial oficial do lan\u00e7amento da URV (Unidade Real de Valor), marco inicial do Plano Real, que foi fundamental para o controle da hiperinfla\u00e7\u00e3o no Brasil: <\/em><\/strong><a href=\"https:\/\/youtu.be\/pC1J3_N_D54?si=K3ATuE6ikQ7MEmqB\">Comercial do lan\u00e7amento da URV &#8211; Plano Real (1993)<\/a><\/p>\n<p>O Real foi rapidamente aceito pela popula\u00e7\u00e3o, representando um al\u00edvio ap\u00f3s anos de instabilidade econ\u00f4mica. Para assegurar sua estabilidade, o governo adotou pol\u00edticas rigorosas, como juros elevados para atrair investimentos estrangeiros, controle de gastos p\u00fablicos e manuten\u00e7\u00e3o de taxas de c\u00e2mbio inicialmente valorizadas. Goulart (2016) observa que o lan\u00e7amento do Plano Real foi apenas a primeira etapa do processo de estabiliza\u00e7\u00e3o monet\u00e1ria. Para preservar o valor da nova moeda, tornou-se essencial a implementa\u00e7\u00e3o de uma pol\u00edtica econ\u00f4mica estruturada, incluindo taxas de juros altas para capta\u00e7\u00e3o de capital estrangeiro, restri\u00e7\u00e3o de despesas p\u00fablicas e valoriza\u00e7\u00e3o cambial tempor\u00e1ria, garantindo a solidez conquistada. Essas medidas foram decisivas para o in\u00edcio da estabilidade econ\u00f4mica no Brasil.<\/p>\n<p>Entretanto, o plano tamb\u00e9m enfrentou desafios. A valoriza\u00e7\u00e3o do Real prejudicou as exporta\u00e7\u00f5es, tornando o mercado menos competitivo e aumentando a depend\u00eancia de investimentos externos. Em 1999, diante da influ\u00eancia do mercado global, o Brasil abandonou a \u00e2ncora cambial que mantinha o Real pr\u00f3ximo ao d\u00f3lar e adotou o regime de c\u00e2mbio flutuante. Como observam Serrano, Santos e Quintino (2023, p. 75), &#8220;o trip\u00e9 macroecon\u00f4mico implementado em 1999 consolidou um novo modelo de pol\u00edtica econ\u00f4mica baseado na estabilidade fiscal, no c\u00e2mbio flutuante e no controle da infla\u00e7\u00e3o, permitindo ao pa\u00eds enfrentar crises internacionais sem desorganizar o mercado interno.&#8221;<\/p>\n<p>Nesse per\u00edodo, foi implementado o trip\u00e9 macroecon\u00f4mico, um conjunto de tr\u00eas pilares que busca a estabilidade da pol\u00edtica econ\u00f4mica do Brasil desde 1999. Os tr\u00eas componentes s\u00e3o:<\/p>\n<p>Todas essas pr\u00e1ticas desenvolvidas e planejadas vieram com o intuito de trazer uma resist\u00eancia e fortalecimento para a economia, o Plano Real transformou a forma de pensar e administrar a economia brasileira e permitiu que a sociedade possa planejar melhor suas finan\u00e7as, aos empres\u00e1rios investir com maior previsibilidade e ao pa\u00eds crescer com mais equil\u00edbrio.<\/p>\n<blockquote><p>O Plano Real destacou-se significativamente dos planos anteriores ao priorizar uma abordagem estrutural e de longo prazo para estabilizar a economia. A aten\u00e7\u00e3o \u00e0s pol\u00edticas monet\u00e1rias, o apoio pol\u00edtico e social, bem como a real corre\u00e7\u00e3o das causas subjacentes da infla\u00e7\u00e3o, foram fatores determinantes para o sucesso e a sustentabilidade desse plano em compara\u00e7\u00e3o aos seus predecessores (Ribeiro, 2023, p.10).<\/p><\/blockquote>\n<p><a href=\"https:\/\/www.bcb.gov.br\/controleinflacao\/30anosreal\"><strong><em>Para saber mais sobre os 30 anos do Plano Real e o controle da infla\u00e7\u00e3o no Brasil, acesse a p\u00e1gina especial do Banco Central do Brasil.<\/em><\/strong><\/a><\/p>\n<p><img loading=\"lazy\" decoding=\"async\" class=\"aligncenter wp-image-695\" src=\"https:\/\/www3.unicentro.br\/decon\/wp-content\/uploads\/sites\/80\/2025\/07\/infografico3.png\" alt=\"\" width=\"651\" height=\"474\" srcset=\"https:\/\/www3.unicentro.br\/decon\/wp-content\/uploads\/sites\/80\/2025\/07\/infografico3.png 1980w, https:\/\/www3.unicentro.br\/decon\/wp-content\/uploads\/sites\/80\/2025\/07\/infografico3-300x219.png 300w, https:\/\/www3.unicentro.br\/decon\/wp-content\/uploads\/sites\/80\/2025\/07\/infografico3-1024x746.png 1024w, https:\/\/www3.unicentro.br\/decon\/wp-content\/uploads\/sites\/80\/2025\/07\/infografico3-768x560.png 768w, https:\/\/www3.unicentro.br\/decon\/wp-content\/uploads\/sites\/80\/2025\/07\/infografico3-1536x1119.png 1536w, https:\/\/www3.unicentro.br\/decon\/wp-content\/uploads\/sites\/80\/2025\/07\/infografico3-255x186.png 255w\" sizes=\"auto, (max-width: 651px) 100vw, 651px\" \/>[\/vc_column_text][vc_row_inner][vc_column_inner width=&#8221;1\/2&#8243;][vc_column_text css=&#8221;&#8221;]<strong>Moedas e c\u00e9dulas atuais<\/strong>[\/vc_column_text][vc_single_image image=&#8221;696&#8243; img_size=&#8221;full&#8221; alignment=&#8221;center&#8221; css=&#8221;&#8221;][vc_single_image image=&#8221;697&#8243; img_size=&#8221;full&#8221; alignment=&#8221;center&#8221; css=&#8221;&#8221;][\/vc_column_inner][vc_column_inner width=&#8221;1\/2&#8243;][vc_single_image image=&#8221;698&#8243; img_size=&#8221;full&#8221; add_caption=&#8221;yes&#8221; alignment=&#8221;center&#8221; css=&#8221;&#8221;][vc_single_image image=&#8221;699&#8243; img_size=&#8221;full&#8221; add_caption=&#8221;yes&#8221; alignment=&#8221;center&#8221; css=&#8221;&#8221;][\/vc_column_inner][\/vc_row_inner][vc_column_text css=&#8221;&#8221;]<span style=\"font-size: 8pt\"><em>Fonte: Banco Central do Brasil dispon\u00edvel em https:\/\/www.bcb.gov.br\/cedulasemoedas\/moedasemitidas<\/em><\/span>[\/vc_column_text][vc_column_text css=&#8221;&#8221;]Indica-se como material complementar para a compreens\u00e3o do surgimento da moeda o <a href=\"https:\/\/www3.unicentro.br\/decon\/wp-content\/uploads\/sites\/80\/2024\/09\/EBOOK-HISTORIA-DA-MOEDA.pdf\">eBook produzido em 2024 pela 28\u00aa turma do curso de Ci\u00eancias Econ\u00f4micas da UNICENTRO<\/a>, que aborda a hist\u00f3ria da moeda no cen\u00e1rio mais amplo, apresentando, de forma did\u00e1tica e interativa, a trajet\u00f3ria da moeda desde as origens do com\u00e9rcio at\u00e9 a sua inven\u00e7\u00e3o. A combina\u00e7\u00e3o dos dois materiais oferece uma base s\u00f3lida para um entendimento amplo sobre o tema.[\/vc_column_text][vc_row_inner][vc_column_inner width=&#8221;1\/6&#8243;][vc_icon icon_fontawesome=&#8221;fa fa-solid fa-circle-arrow-left&#8221; color=&#8221;custom&#8221; align=&#8221;center&#8221; css=&#8221;&#8221; custom_color=&#8221;#EED1A3&#8243; link=&#8221;url:https%3A%2F%2Fwww3.unicentro.br%2Fdecon%2Fproducao-discente%2Fhistorica-da-moeda-no-brasil%2Fcapitulo-3-republica-1889-1994%2F|title:Expediente&#8221;][\/vc_column_inner][vc_column_inner width=&#8221;2\/3&#8243;][\/vc_column_inner][vc_column_inner width=&#8221;1\/6&#8243;][vc_icon icon_fontawesome=&#8221;fa fa-solid fa-circle-arrow-right&#8221; color=&#8221;custom&#8221; align=&#8221;center&#8221; css=&#8221;&#8221; custom_color=&#8221;#EED1A3&#8243; link=&#8221;url:https%3A%2F%2Fwww3.unicentro.br%2Fdecon%2Fproducao-discente%2Fhistorica-da-moeda-no-brasil%2Fconsideracoes-finais%2F|title:Expediente&#8221;][\/vc_column_inner][\/vc_row_inner][\/vc_column][\/vc_row]<\/p>\n<\/div>","protected":false},"excerpt":{"rendered":"<p>[vc_row][vc_column][vc_column_text css=&#8221;&#8221;]Implementa\u00e7\u00e3o do Plano Real O Plano Real trouxe uma nova perspectiva para a economia brasileira. \u201cO Plano Real foi elaborado a partir de um diagn\u00f3stico realista e profundo da situa\u00e7\u00e3o brasileira. A equipe econ\u00f4mica liderada por Fernando Henrique Cardoso no Minist\u00e9rio da Fazenda buscou solu\u00e7\u00f5es eficazes para conter a infla\u00e7\u00e3o e estabilizar a economia.\u201d [&hellip;]<\/p>\n","protected":false},"author":3,"featured_media":0,"parent":588,"menu_order":0,"comment_status":"closed","ping_status":"closed","template":"","meta":{"_exactmetrics_skip_tracking":false,"_exactmetrics_sitenote_active":false,"_exactmetrics_sitenote_note":"","_exactmetrics_sitenote_category":0,"footnotes":"","_links_to":"","_links_to_target":""},"class_list":["post-686","page","type-page","status-publish","hentry"],"_links":{"self":[{"href":"https:\/\/www3.unicentro.br\/decon\/wp-json\/wp\/v2\/pages\/686","targetHints":{"allow":["GET"]}}],"collection":[{"href":"https:\/\/www3.unicentro.br\/decon\/wp-json\/wp\/v2\/pages"}],"about":[{"href":"https:\/\/www3.unicentro.br\/decon\/wp-json\/wp\/v2\/types\/page"}],"author":[{"embeddable":true,"href":"https:\/\/www3.unicentro.br\/decon\/wp-json\/wp\/v2\/users\/3"}],"replies":[{"embeddable":true,"href":"https:\/\/www3.unicentro.br\/decon\/wp-json\/wp\/v2\/comments?post=686"}],"version-history":[{"count":1,"href":"https:\/\/www3.unicentro.br\/decon\/wp-json\/wp\/v2\/pages\/686\/revisions"}],"predecessor-version":[{"id":758,"href":"https:\/\/www3.unicentro.br\/decon\/wp-json\/wp\/v2\/pages\/686\/revisions\/758"}],"up":[{"embeddable":true,"href":"https:\/\/www3.unicentro.br\/decon\/wp-json\/wp\/v2\/pages\/588"}],"wp:attachment":[{"href":"https:\/\/www3.unicentro.br\/decon\/wp-json\/wp\/v2\/media?parent=686"}],"curies":[{"name":"wp","href":"https:\/\/api.w.org\/{rel}","templated":true}]}}