{"id":635,"date":"2025-07-08T16:12:33","date_gmt":"2025-07-08T19:12:33","guid":{"rendered":"https:\/\/www3.unicentro.br\/decon\/?page_id=635"},"modified":"2025-09-12T10:16:57","modified_gmt":"2025-09-12T13:16:57","slug":"capitulo-2-imperio-1822-1889","status":"publish","type":"page","link":"https:\/\/www3.unicentro.br\/decon\/producao-discente\/historica-da-moeda-no-brasil\/capitulo-2-imperio-1822-1889\/","title":{"rendered":"Cap\u00edtulo 2 \u2013 Imp\u00e9rio (1822\u20131889)"},"content":{"rendered":"<div class=\"wpb-content-wrapper\"><p>[vc_row][vc_column][vc_column_text css=&#8221;&#8221;]<strong>As transforma\u00e7\u00f5es no sistema monet\u00e1rio ap\u00f3s a Independ\u00eancia do Brasil <\/strong><\/p>\n<p>Ap\u00f3s a Independ\u00eancia do Brasil, em 1822, o pa\u00eds precisou repensar de imediato seu sistema monet\u00e1rio. At\u00e9 ent\u00e3o, ele estava conectado \u00e0s moedas portuguesas, devido \u00e0 submiss\u00e3o econ\u00f4mica \u00e0 antiga metr\u00f3pole, o que dificultava a conquista de uma autonomia financeira real. Com a promulga\u00e7\u00e3o da Lei n\u00ba 59, em 1833, que instituiu o &#8220;mil-r\u00e9is&#8221; como unidade oficial, o Brasil deu um passo decisivo para reduzir a circula\u00e7\u00e3o de moedas estrangeiras e construir um sistema monet\u00e1rio administrado internamente. A casa da moeda do Brasil, criada em 1694, foi fundamental nesse processo, pois passou a ser respons\u00e1vel pela cunhagem das novas moedas, garantindo um controle mais rigoroso da produ\u00e7\u00e3o monet\u00e1ria (Simonsen,\u00a0 1937, p. 340, <em>apud <\/em>Lima, 2005, p. 404). Paralelamente, o Banco do Brasil, criado em 1808, assumiu um papel central na regula\u00e7\u00e3o financeira do pa\u00eds, gerenciando o cr\u00e9dito e a circula\u00e7\u00e3o do dinheiro, o que contribuiu para a estrutura\u00e7\u00e3o de um sistema financeiro mais organizado. Essa transi\u00e7\u00e3o, contudo, n\u00e3o aconteceu sem enfrentar desafios. A escassez de metais preciosos e os problemas de infla\u00e7\u00e3o representaram obst\u00e1culos \u00e0 estabilidade da nova moeda. Mesmo assim, a reforma de 1833 foi vital para consolidar um sistema financeiro aut\u00f4nomo e fortalecer a identidade econ\u00f4mica nacional, impulsionando a constru\u00e7\u00e3o de um Estado soberano e a evolu\u00e7\u00e3o econ\u00f4mica do pa\u00eds.<\/p>\n<p>No contexto do Imp\u00e9rio, entre 1822 e 1889, a reorganiza\u00e7\u00e3o da moeda continuou sendo uma estrat\u00e9gia central para modernizar a economia. A lei que instituiu o Mil-r\u00e9is trouxe maior clareza para os assuntos comerciais e fiscais, al\u00e9m de alinhar o sistema monet\u00e1rio aos preceitos de um Estado moderno, com moedas baseadas em metais preciosos, como ouro e prata, que conferiram credibilidade e solidez ao sistema. Apesar de algumas regi\u00f5es terem resistido \u00e0 transi\u00e7\u00e3o para o Mil-r\u00e9is, essa mudan\u00e7a foi decisiva para os primeiros esfor\u00e7os de cria\u00e7\u00e3o de um sistema financeiro nacional centralizado. A introdu\u00e7\u00e3o do &#8220;conto de r\u00e9is&#8221;, equivalente a um milh\u00e3o de r\u00e9is, facilitou as grandes transa\u00e7\u00f5es financeiras e marcou o in\u00edcio de uma economia mais estruturada (Lima, 2022). Dessa maneira, as reformas monet\u00e1rias n\u00e3o apenas consolidaram a identidade, mas tamb\u00e9m possibilitaram o surgimento de uma economia encorpada e independente.<\/p>\n<p><strong>\u00a0<\/strong><\/p>\n<p><strong>A introdu\u00e7\u00e3o e circula\u00e7\u00e3o do papel-moeda, seus desafios e as primeiras tentativas de controle inflacion\u00e1rio<\/strong><\/p>\n<p>A introdu\u00e7\u00e3o do papel-moeda no Brasil, no s\u00e9culo XIX, marcou uma virada no sistema monet\u00e1rio do pa\u00eds, que at\u00e9 ent\u00e3o se baseava quase exclusivamente em moedas met\u00e1licas. O que motivou essa mudan\u00e7a, foi a necessidade de um meio de troca mais pr\u00e1tico para impulsionar o com\u00e9rcio (Furtado, 1959).\u00a0 Em 1790, a Casa da Moeda passou a emitir bilhetes lastreados em metais preciosos. Mesmo assim, a aceita\u00e7\u00e3o do papel-moeda sofreu com a desconfian\u00e7a da popula\u00e7\u00e3o, que se agravou em meio a crises, como as ocorridas durante as Guerras Napole\u00f4nicas, que levaram o governo a emitir moeda em excesso, sem o devido lastro met\u00e1lico, resultando em infla\u00e7\u00e3o e desvaloriza\u00e7\u00e3o.<\/p>\n<p>Em 1830, enfrentando a alta infla\u00e7\u00e3o, foi criada a Caixa Econ\u00f4mica da Corte, a primeira tentativa formal de regular a emiss\u00e3o do papel-moeda. Essa iniciativa, ainda que importante para o desenvolvimento do sistema financeiro, n\u00e3o resolveu todos os problemas de imediato, pois o governo seguia financiando suas despesas com a emiss\u00e3o de moeda sem as reservas necess\u00e1rias para o lastro. Essa pr\u00e1tica somada aos altos impostos e \u00e0 instabilidade pol\u00edtica fazia com que as tentativas de refor\u00e7ar o lastro e controlar a quantidade de papel-moeda em circula\u00e7\u00e3o n\u00e3o tivessem sucesso (Furtado, 1959).<\/p>\n<p>Ao mesmo tempo, o sistema financeiro imperial procurava consolidar a economia p\u00f3s-independ\u00eancia e reduzir a depend\u00eancia de importa\u00e7\u00f5es e pot\u00eancias estrangeiras (Schwartz, 1985), al\u00e9m disso, Siqueira (2006) aponta que a desconfian\u00e7a popular em rela\u00e7\u00e3o ao papel-moeda nesse per\u00edodo refletiu diretamente a car\u00eancia de um suporte financeiro efetivo. Apesar das tentativas de reformas, o Brasil ainda se encontrava longe de alcan\u00e7ar uma estabilidade econ\u00f4mica completa.<\/p>\n<p>O Banco do Brasil enfrentou desafios decorrentes da baixa confian\u00e7a no papel-moeda e da alta infla\u00e7\u00e3o. Al\u00e9m disso, a oferta de cr\u00e9dito era limitada, especialmente em regi\u00f5es mais afastadas, dificultando o surgimento de outros bancos comerciais. Outras institui\u00e7\u00f5es financeiras, como o Banco de S\u00e3o Paulo e o Banco do Imp\u00e9rio, passaram pelas mesmas dificuldades, principalmente devido \u00e0 falta de uma regulamenta\u00e7\u00e3o eficaz e \u00e0 confian\u00e7a abalada no sistema (Gambi, 2010). Mesmo assim, essas institui\u00e7\u00f5es colaboraram para a circula\u00e7\u00e3o de cr\u00e9dito e contribu\u00edram, aos poucos, para a estabiliza\u00e7\u00e3o da moeda, embora a economia continuasse fragilizada pelas crises e pela elevada d\u00edvida p\u00fablica. Apesar dos desafios, o desenvolvimento do sistema financeiro durante o per\u00edodo imperial foi crucial para a moderniza\u00e7\u00e3o da economia brasileira e estabeleceu bases importantes para futuras interven\u00e7\u00f5es. Em resumo, a introdu\u00e7\u00e3o do papel-moeda, as primeiras tentativas de controle inflacion\u00e1rio e o surgimento de institui\u00e7\u00f5es financeiras foram passos significativos embora desafiadores na constru\u00e7\u00e3o de um sistema financeiro nacional mais robusto.<\/p>\n<p style=\"text-align: center\"><a href=\"https:\/\/studhistoria.com.br\/historia-das-coisas\/o-dinheiro-no-brasil-colonia-1500-a-1822\/\"><strong><em>Acesse para saber mais sobre o dinheiro no per\u00edodo do Brasil colonial.<\/em><\/strong><\/a><\/p>\n<p>[\/vc_column_text][vc_row_inner css=&#8221;.vc_custom_1751986359783{background-color: #F3F3F3 !important;}&#8221;][vc_column_inner css=&#8221;.vc_custom_1751987793771{padding-top: 15px !important;}&#8221;][vc_column_text css=&#8221;.vc_custom_1751987770855{margin-bottom: 15px !important;}&#8221;]<\/p>\n<h2 style=\"text-align: center\"><strong>Galeria de moedas<\/strong><\/h2>\n<p>[\/vc_column_text][\/vc_column_inner][\/vc_row_inner][vc_row_inner equal_height=&#8221;yes&#8221; gap=&#8221;10&#8243; css=&#8221;.vc_custom_1752001874135{margin-top: 0px !important;margin-bottom: 0px !important;}&#8221;][vc_column_inner width=&#8221;1\/3&#8243; css=&#8221;.vc_custom_1751987667603{padding-top: 15px !important;background-color: #F3F3F3 !important;}&#8221;][vc_column_text css=&#8221;.vc_custom_1751988344915{margin-bottom: 10px !important;}&#8221;]<\/p>\n<p style=\"text-align: center\"><strong>Um mil r\u00e9is, 1923 a 1930<\/strong><\/p>\n<p>[\/vc_column_text][vc_single_image image=&#8221;636&#8243; img_size=&#8221;full&#8221; alignment=&#8221;center&#8221; css=&#8221;.vc_custom_1752001582831{margin-bottom: 10px !important;}&#8221;][vc_single_image image=&#8221;640&#8243; img_size=&#8221;full&#8221; alignment=&#8221;center&#8221; css=&#8221;&#8221;][\/vc_column_inner][vc_column_inner width=&#8221;1\/3&#8243; css=&#8221;.vc_custom_1751987662244{padding-top: 15px !important;background-color: #F3F3F3 !important;}&#8221;][vc_column_text css=&#8221;.vc_custom_1752001880244{margin-bottom: 15px !important;}&#8221;]<\/p>\n<p style=\"text-align: center\"><strong>Duzentos mil r\u00e9is, 1923 a 1930<\/strong><\/p>\n<p>[\/vc_column_text][vc_single_image image=&#8221;643&#8243; img_size=&#8221;full&#8221; alignment=&#8221;center&#8221; css=&#8221;.vc_custom_1752001900134{margin-bottom: 20px !important;}&#8221;][vc_single_image image=&#8221;644&#8243; img_size=&#8221;full&#8221; alignment=&#8221;center&#8221; css=&#8221;.vc_custom_1752001641858{margin-bottom: 10px !important;}&#8221;][\/vc_column_inner][vc_column_inner width=&#8221;1\/3&#8243; css=&#8221;.vc_custom_1751987672247{padding-top: 15px !important;background-color: #F3F3F3 !important;}&#8221;][vc_column_text css=&#8221;.vc_custom_1751988362440{margin-bottom: 10px !important;}&#8221;]<\/p>\n<p style=\"text-align: center\"><strong>Moeda de 500 r\u00e9is, 1913 e 1928<\/strong><\/p>\n<p>[\/vc_column_text][vc_single_image image=&#8221;645&#8243; img_size=&#8221;full&#8221; alignment=&#8221;center&#8221; css=&#8221;.vc_custom_1752001822290{margin-bottom: 10px !important;}&#8221;][vc_single_image image=&#8221;646&#8243; img_size=&#8221;full&#8221; alignment=&#8221;center&#8221; css=&#8221;.vc_custom_1752001830296{margin-bottom: 10px !important;}&#8221;][\/vc_column_inner][\/vc_row_inner][vc_column_text css=&#8221;.vc_custom_1752001938978{margin-top: 15px !important;}&#8221;]<\/p>\n<p style=\"text-align: center\"><span style=\"font-size: 8pt\"><em>Fonte: Banco Central do Brasil dispon\u00edvel em <\/em><a href=\"https:\/\/www.bcb.gov.br\/cedulasemoedas\/moedasemitidas\"><em>https:\/\/www.bcb.gov.br\/cedulasemoedas\/moedasemitidas<\/em><\/a><\/span><\/p>\n<p>[\/vc_column_text][vc_row_inner][vc_column_inner width=&#8221;1\/6&#8243;][vc_icon icon_fontawesome=&#8221;fa fa-solid fa-circle-arrow-left&#8221; color=&#8221;custom&#8221; align=&#8221;center&#8221; css=&#8221;&#8221; custom_color=&#8221;#EED1A3&#8243; link=&#8221;url:https%3A%2F%2Fwww3.unicentro.br%2Fdecon%2Fproducao-discente%2Fhistorica-da-moeda-no-brasil%2Fcapitulo-1-periodo-colonial-1500-1822%2F|title:Expediente&#8221;][\/vc_column_inner][vc_column_inner width=&#8221;2\/3&#8243;][\/vc_column_inner][vc_column_inner width=&#8221;1\/6&#8243;][vc_icon icon_fontawesome=&#8221;fa fa-solid fa-circle-arrow-right&#8221; color=&#8221;custom&#8221; align=&#8221;center&#8221; css=&#8221;&#8221; custom_color=&#8221;#EED1A3&#8243; link=&#8221;url:https%3A%2F%2Fwww3.unicentro.br%2Fdecon%2Fproducao-discente%2Fhistorica-da-moeda-no-brasil%2Fcapitulo-3-republica-1889-1994%2F|title:Expediente&#8221;][\/vc_column_inner][\/vc_row_inner][\/vc_column][\/vc_row]<\/p>\n<\/div>","protected":false},"excerpt":{"rendered":"<p>[vc_row][vc_column][vc_column_text css=&#8221;&#8221;]As transforma\u00e7\u00f5es no sistema monet\u00e1rio ap\u00f3s a Independ\u00eancia do Brasil Ap\u00f3s a Independ\u00eancia do Brasil, em 1822, o pa\u00eds precisou repensar de imediato seu sistema monet\u00e1rio. At\u00e9 ent\u00e3o, ele estava conectado \u00e0s moedas portuguesas, devido \u00e0 submiss\u00e3o econ\u00f4mica \u00e0 antiga metr\u00f3pole, o que dificultava a conquista de uma autonomia financeira real. Com a promulga\u00e7\u00e3o [&hellip;]<\/p>\n","protected":false},"author":3,"featured_media":0,"parent":588,"menu_order":0,"comment_status":"closed","ping_status":"closed","template":"","meta":{"_exactmetrics_skip_tracking":false,"_exactmetrics_sitenote_active":false,"_exactmetrics_sitenote_note":"","_exactmetrics_sitenote_category":0,"footnotes":"","_links_to":"","_links_to_target":""},"class_list":["post-635","page","type-page","status-publish","hentry"],"_links":{"self":[{"href":"https:\/\/www3.unicentro.br\/decon\/wp-json\/wp\/v2\/pages\/635","targetHints":{"allow":["GET"]}}],"collection":[{"href":"https:\/\/www3.unicentro.br\/decon\/wp-json\/wp\/v2\/pages"}],"about":[{"href":"https:\/\/www3.unicentro.br\/decon\/wp-json\/wp\/v2\/types\/page"}],"author":[{"embeddable":true,"href":"https:\/\/www3.unicentro.br\/decon\/wp-json\/wp\/v2\/users\/3"}],"replies":[{"embeddable":true,"href":"https:\/\/www3.unicentro.br\/decon\/wp-json\/wp\/v2\/comments?post=635"}],"version-history":[{"count":1,"href":"https:\/\/www3.unicentro.br\/decon\/wp-json\/wp\/v2\/pages\/635\/revisions"}],"predecessor-version":[{"id":756,"href":"https:\/\/www3.unicentro.br\/decon\/wp-json\/wp\/v2\/pages\/635\/revisions\/756"}],"up":[{"embeddable":true,"href":"https:\/\/www3.unicentro.br\/decon\/wp-json\/wp\/v2\/pages\/588"}],"wp:attachment":[{"href":"https:\/\/www3.unicentro.br\/decon\/wp-json\/wp\/v2\/media?parent=635"}],"curies":[{"name":"wp","href":"https:\/\/api.w.org\/{rel}","templated":true}]}}