{"id":594,"date":"2025-07-08T11:36:22","date_gmt":"2025-07-08T14:36:22","guid":{"rendered":"https:\/\/www3.unicentro.br\/decon\/?page_id=594"},"modified":"2025-09-12T10:10:09","modified_gmt":"2025-09-12T13:10:09","slug":"introducao","status":"publish","type":"page","link":"https:\/\/www3.unicentro.br\/decon\/producao-discente\/historica-da-moeda-no-brasil\/introducao\/","title":{"rendered":"Introdu\u00e7\u00e3o"},"content":{"rendered":"<div class=\"wpb-content-wrapper\"><p>[vc_row][vc_column][vc_column_text]Este e-Book apresenta um panorama da hist\u00f3ria da moeda no Brasil, organizado cronologicamente e voltado para a compreens\u00e3o das principais transforma\u00e7\u00f5es do sistema monet\u00e1rio nacional. A narrativa se inicia no per\u00edodo colonial e avan\u00e7a at\u00e9 as reformas econ\u00f4micas do s\u00e9culo XX, culminando na cria\u00e7\u00e3o e implementa\u00e7\u00e3o do Real, moeda em vigor desde a d\u00e9cada de 1990. Ao longo dos cap\u00edtulos, s\u00e3o exploradas as mudan\u00e7as monet\u00e1rias ocorridas em diferentes contextos hist\u00f3ricos, com \u00eanfase em suas causas e efeitos. A moeda, como instrumento essencial de troca e de pol\u00edtica econ\u00f4mica, desempenhou um papel fundamental na estrutura\u00e7\u00e3o da economia brasileira. Com isso, este trabalho pretende oferecer uma leitura clara e contextualizada da trajet\u00f3ria da moeda brasileira, destacando suas transforma\u00e7\u00f5es, desafios e contribui\u00e7\u00f5es ao desenvolvimento econ\u00f4mico nacional.<\/p>\n<p>O conte\u00fado foi elaborado com o objetivo de favorecer a compreens\u00e3o por parte de estudantes e demais interessados, permitindo uma leitura clara e contextualizada sobre as etapas que marcaram a trajet\u00f3ria da moeda brasileira at\u00e9 os desdobramentos contempor\u00e2neos do Plano Real. Ao longo dos cap\u00edtulos, voc\u00ea encontrar\u00e1 <strong>links clic\u00e1veis<\/strong> que levam a conte\u00fados complementares, v\u00eddeos explicativos e refer\u00eancias externas. Basta clicar nos links destacados para expandir seu conhecimento e aprofundar sua compreens\u00e3o sobre os temas abordados.<\/p>\n<p>Este e-Book foi desenvolvido pelos discentes da 29\u00aa turma do curso de Ci\u00eancias Econ\u00f4micas da Universidade Estadual do Centro-Oeste- UNICENTRO, atualmente no 2\u00ba ano, sob a orienta\u00e7\u00e3o da professora Dr.\u00aa Jos\u00e9lia Elvira Teixeira, como parte das atividades da disciplina de Economia Monet\u00e1ria no ano de 2025.[\/vc_column_text][vc_row_inner][vc_column_inner width=&#8221;1\/6&#8243;][\/vc_column_inner][vc_column_inner width=&#8221;2\/3&#8243;][\/vc_column_inner][vc_column_inner width=&#8221;1\/6&#8243;][vc_icon icon_fontawesome=&#8221;fa fa-solid fa-circle-arrow-right&#8221; color=&#8221;custom&#8221; align=&#8221;center&#8221; css=&#8221;&#8221; custom_color=&#8221;#EED1A3&#8243; link=&#8221;url:https%3A%2F%2Fwww3.unicentro.br%2Fdecon%2Fproducao-discente%2Fhistorica-da-moeda-no-brasil%2Fexpediente%2F|title:Expediente&#8221;][\/vc_column_inner][\/vc_row_inner][\/vc_column][\/vc_row]<\/p>\n<\/div>","protected":false},"excerpt":{"rendered":"<p>[vc_row][vc_column][vc_column_text]Este e-Book apresenta um panorama da hist\u00f3ria da moeda no Brasil, organizado cronologicamente e voltado para a compreens\u00e3o das principais transforma\u00e7\u00f5es do sistema monet\u00e1rio nacional. A narrativa se inicia no per\u00edodo colonial e avan\u00e7a at\u00e9 as reformas econ\u00f4micas do s\u00e9culo XX, culminando na cria\u00e7\u00e3o e implementa\u00e7\u00e3o do Real, moeda em vigor desde a d\u00e9cada de [&hellip;]<\/p>\n","protected":false},"author":3,"featured_media":0,"parent":588,"menu_order":0,"comment_status":"closed","ping_status":"closed","template":"","meta":{"_exactmetrics_skip_tracking":false,"_exactmetrics_sitenote_active":false,"_exactmetrics_sitenote_note":"","_exactmetrics_sitenote_category":0,"footnotes":"","_links_to":"","_links_to_target":""},"class_list":["post-594","page","type-page","status-publish","hentry"],"_links":{"self":[{"href":"https:\/\/www3.unicentro.br\/decon\/wp-json\/wp\/v2\/pages\/594","targetHints":{"allow":["GET"]}}],"collection":[{"href":"https:\/\/www3.unicentro.br\/decon\/wp-json\/wp\/v2\/pages"}],"about":[{"href":"https:\/\/www3.unicentro.br\/decon\/wp-json\/wp\/v2\/types\/page"}],"author":[{"embeddable":true,"href":"https:\/\/www3.unicentro.br\/decon\/wp-json\/wp\/v2\/users\/3"}],"replies":[{"embeddable":true,"href":"https:\/\/www3.unicentro.br\/decon\/wp-json\/wp\/v2\/comments?post=594"}],"version-history":[{"count":2,"href":"https:\/\/www3.unicentro.br\/decon\/wp-json\/wp\/v2\/pages\/594\/revisions"}],"predecessor-version":[{"id":752,"href":"https:\/\/www3.unicentro.br\/decon\/wp-json\/wp\/v2\/pages\/594\/revisions\/752"}],"up":[{"embeddable":true,"href":"https:\/\/www3.unicentro.br\/decon\/wp-json\/wp\/v2\/pages\/588"}],"wp:attachment":[{"href":"https:\/\/www3.unicentro.br\/decon\/wp-json\/wp\/v2\/media?parent=594"}],"curies":[{"name":"wp","href":"https:\/\/api.w.org\/{rel}","templated":true}]}}