{"id":590,"date":"2025-07-08T11:29:19","date_gmt":"2025-07-08T14:29:19","guid":{"rendered":"https:\/\/www3.unicentro.br\/decon\/?page_id=590"},"modified":"2025-09-12T10:13:41","modified_gmt":"2025-09-12T13:13:41","slug":"expediente","status":"publish","type":"page","link":"https:\/\/www3.unicentro.br\/decon\/producao-discente\/historica-da-moeda-no-brasil\/expediente\/","title":{"rendered":"Expediente"},"content":{"rendered":"<div class=\"wpb-content-wrapper\"><p>[vc_row][vc_column][vc_column_text]<strong>Professora Supervisora: <\/strong>Jos\u00e9lia Elvira Teixeira.<\/p>\n<p><strong>L\u00edder do Projeto:<\/strong> Vin\u00edcius Moraes Caldas.<\/p>\n<p><strong>Vice-l\u00edder do Projeto: <\/strong>Djenifer Ferreira Pereira.<\/p>\n<p>&nbsp;<\/p>\n<p><strong>Pesquisa, Escrita, Revis\u00e3o e personaliza\u00e7\u00e3o:<\/strong><\/p>\n<p>Aline Toledo Vidal;<\/p>\n<p>Abel Felipe dos Santos Calixto;<\/p>\n<p>Everaldo Jos\u00e9 Batista Pereira;<\/p>\n<p>Fl\u00e1via Maria Santos Dangui;<\/p>\n<p>Jair Paulista;<\/p>\n<p>Jaqueline Lachovicz;<\/p>\n<p>Luis Henrique Suss Lang;<\/p>\n<p>Luiz Ant\u00f4nio Mariano Oliveira;<\/p>\n<p>Priscila de C\u00e1ssia Garcia de Lara;<\/p>\n<p>Sandi Karine Oliveira Souza Lemes;<\/p>\n<p>Tassiana Gomes Nogueira.[\/vc_column_text][vc_row_inner][vc_column_inner width=&#8221;1\/6&#8243;][vc_icon icon_fontawesome=&#8221;fa fa-solid fa-circle-arrow-left&#8221; color=&#8221;custom&#8221; align=&#8221;center&#8221; css=&#8221;&#8221; custom_color=&#8221;#EED1A3&#8243; link=&#8221;url:https%3A%2F%2Fwww3.unicentro.br%2Fdecon%2Fproducao-discente%2Fhistorica-da-moeda-no-brasil%2Fintroducao%2F|title:Expediente&#8221;][\/vc_column_inner][vc_column_inner width=&#8221;2\/3&#8243;][\/vc_column_inner][vc_column_inner width=&#8221;1\/6&#8243;][vc_icon icon_fontawesome=&#8221;fa fa-solid fa-circle-arrow-right&#8221; color=&#8221;custom&#8221; align=&#8221;center&#8221; css=&#8221;&#8221; custom_color=&#8221;#EED1A3&#8243; link=&#8221;url:https%3A%2F%2Fwww3.unicentro.br%2Fdecon%2Fproducao-discente%2Fhistorica-da-moeda-no-brasil%2Fcapitulo-1-periodo-colonial-1500-1822%2F|title:Expediente&#8221;][\/vc_column_inner][\/vc_row_inner][\/vc_column][\/vc_row]<\/p>\n<\/div>","protected":false},"excerpt":{"rendered":"<p>[vc_row][vc_column][vc_column_text]Professora Supervisora: Jos\u00e9lia Elvira Teixeira. L\u00edder do Projeto: Vin\u00edcius Moraes Caldas. Vice-l\u00edder do Projeto: Djenifer Ferreira Pereira. &nbsp; Pesquisa, Escrita, Revis\u00e3o e personaliza\u00e7\u00e3o: Aline Toledo Vidal; Abel Felipe dos Santos Calixto; Everaldo Jos\u00e9 Batista Pereira; Fl\u00e1via Maria Santos Dangui; Jair Paulista; Jaqueline Lachovicz; Luis Henrique Suss Lang; Luiz Ant\u00f4nio Mariano Oliveira; Priscila de C\u00e1ssia Garcia [&hellip;]<\/p>\n","protected":false},"author":3,"featured_media":0,"parent":588,"menu_order":0,"comment_status":"closed","ping_status":"closed","template":"","meta":{"_exactmetrics_skip_tracking":false,"_exactmetrics_sitenote_active":false,"_exactmetrics_sitenote_note":"","_exactmetrics_sitenote_category":0,"footnotes":"","_links_to":"","_links_to_target":""},"class_list":["post-590","page","type-page","status-publish","hentry"],"_links":{"self":[{"href":"https:\/\/www3.unicentro.br\/decon\/wp-json\/wp\/v2\/pages\/590","targetHints":{"allow":["GET"]}}],"collection":[{"href":"https:\/\/www3.unicentro.br\/decon\/wp-json\/wp\/v2\/pages"}],"about":[{"href":"https:\/\/www3.unicentro.br\/decon\/wp-json\/wp\/v2\/types\/page"}],"author":[{"embeddable":true,"href":"https:\/\/www3.unicentro.br\/decon\/wp-json\/wp\/v2\/users\/3"}],"replies":[{"embeddable":true,"href":"https:\/\/www3.unicentro.br\/decon\/wp-json\/wp\/v2\/comments?post=590"}],"version-history":[{"count":2,"href":"https:\/\/www3.unicentro.br\/decon\/wp-json\/wp\/v2\/pages\/590\/revisions"}],"predecessor-version":[{"id":754,"href":"https:\/\/www3.unicentro.br\/decon\/wp-json\/wp\/v2\/pages\/590\/revisions\/754"}],"up":[{"embeddable":true,"href":"https:\/\/www3.unicentro.br\/decon\/wp-json\/wp\/v2\/pages\/588"}],"wp:attachment":[{"href":"https:\/\/www3.unicentro.br\/decon\/wp-json\/wp\/v2\/media?parent=590"}],"curies":[{"name":"wp","href":"https:\/\/api.w.org\/{rel}","templated":true}]}}