{"id":588,"date":"2025-07-08T11:28:13","date_gmt":"2025-07-08T14:28:13","guid":{"rendered":"https:\/\/www3.unicentro.br\/decon\/?page_id=588"},"modified":"2025-07-08T11:30:06","modified_gmt":"2025-07-08T14:30:06","slug":"historica-da-moeda-no-brasil","status":"publish","type":"page","link":"https:\/\/www3.unicentro.br\/decon\/producao-discente\/historica-da-moeda-no-brasil\/","title":{"rendered":"Hist\u00f3rica da Moeda no Brasil"},"content":{"rendered":"<h1 style=\"text-align: center\">Evolu\u00e7\u00e3o Hist\u00f3rica da Moeda no Brasil:<br \/>\nDo Escambo ao Real<\/h1>\n<p>&nbsp;<\/p>\n<p style=\"text-align: center\">Trabalho apresentado \u00e0 Universidade Estadual do Centro-Oeste \u2013 Unicentro, como requisito parcial para a avalia\u00e7\u00e3o na disciplina de Economia Monet\u00e1ria do 2\u00ba ano do curso de Ci\u00eancias Econ\u00f4micas, sob a orienta\u00e7\u00e3o da Prof.\u00aa Dr.\u00aa Jos\u00e9lia Elvira Teixeira. Trata-se da vers\u00e3o final do e-Book desenvolvido pelos discentes do curso de Ci\u00eancias Econ\u00f4micas.<\/p>\n<p style=\"text-align: center\">Guarapuava, 03 de Junho de 2025.<\/p>\n","protected":false},"excerpt":{"rendered":"<p>Evolu\u00e7\u00e3o Hist\u00f3rica da Moeda no Brasil: Do Escambo ao Real &nbsp; Trabalho apresentado \u00e0 Universidade Estadual do Centro-Oeste \u2013 Unicentro, como requisito parcial para a avalia\u00e7\u00e3o na disciplina de Economia Monet\u00e1ria do 2\u00ba ano do curso de Ci\u00eancias Econ\u00f4micas, sob a orienta\u00e7\u00e3o da Prof.\u00aa Dr.\u00aa Jos\u00e9lia Elvira Teixeira. Trata-se da vers\u00e3o final do e-Book desenvolvido [&hellip;]<\/p>\n","protected":false},"author":3,"featured_media":0,"parent":424,"menu_order":0,"comment_status":"closed","ping_status":"closed","template":"","meta":{"_exactmetrics_skip_tracking":false,"_exactmetrics_sitenote_active":false,"_exactmetrics_sitenote_note":"","_exactmetrics_sitenote_category":0,"footnotes":"","_links_to":"","_links_to_target":""},"class_list":["post-588","page","type-page","status-publish","hentry"],"_links":{"self":[{"href":"https:\/\/www3.unicentro.br\/decon\/wp-json\/wp\/v2\/pages\/588","targetHints":{"allow":["GET"]}}],"collection":[{"href":"https:\/\/www3.unicentro.br\/decon\/wp-json\/wp\/v2\/pages"}],"about":[{"href":"https:\/\/www3.unicentro.br\/decon\/wp-json\/wp\/v2\/types\/page"}],"author":[{"embeddable":true,"href":"https:\/\/www3.unicentro.br\/decon\/wp-json\/wp\/v2\/users\/3"}],"replies":[{"embeddable":true,"href":"https:\/\/www3.unicentro.br\/decon\/wp-json\/wp\/v2\/comments?post=588"}],"version-history":[{"count":1,"href":"https:\/\/www3.unicentro.br\/decon\/wp-json\/wp\/v2\/pages\/588\/revisions"}],"predecessor-version":[{"id":593,"href":"https:\/\/www3.unicentro.br\/decon\/wp-json\/wp\/v2\/pages\/588\/revisions\/593"}],"up":[{"embeddable":true,"href":"https:\/\/www3.unicentro.br\/decon\/wp-json\/wp\/v2\/pages\/424"}],"wp:attachment":[{"href":"https:\/\/www3.unicentro.br\/decon\/wp-json\/wp\/v2\/media?parent=588"}],"curies":[{"name":"wp","href":"https:\/\/api.w.org\/{rel}","templated":true}]}}