{"id":550,"date":"2025-04-10T13:55:19","date_gmt":"2025-04-10T16:55:19","guid":{"rendered":"https:\/\/www3.unicentro.br\/decon\/?page_id=550"},"modified":"2026-03-12T14:15:05","modified_gmt":"2026-03-12T17:15:05","slug":"valor-da-cesta-basica-de-alimentos-de-guarapuava-cbag","status":"publish","type":"page","link":"https:\/\/www3.unicentro.br\/decon\/valor-da-cesta-basica-de-alimentos-de-guarapuava-cbag\/","title":{"rendered":"Valor da Cesta B\u00e1sica de Alimentos de Guarapuava (CBAG)"},"content":{"rendered":"<div class=\"wpb-content-wrapper\"><p>[vc_row][vc_column][vc_column_text css=&#8221;&#8221;]<\/p>\n<p style=\"text-align: center\"><span style=\"font-family: tahoma, arial, helvetica, sans-serif;font-size: 14pt\"><strong>VALOR DA CESTA B\u00c1SICA DE ALIMENTOS DE GUARAPUAVA (CBAG)<\/strong><\/span><\/p>\n<p>&nbsp;<\/p>\n<p style=\"text-align: justify\"><span style=\"font-family: tahoma, arial, helvetica, sans-serif;font-size: 14pt\">Historicamente, a estima\u00e7\u00e3o do Valor da Cesta B\u00e1sica de Alimentos de Guarapuava (CBAG) vem sendo realizada pelo Departamento de Ci\u00eancias Econ\u00f4micas (DECON) da Universidade Estadual do Centro-Oeste &#8211; UNICENTRO desde 1998. <\/span><\/p>\n<p style=\"text-align: justify\"><span style=\"font-family: tahoma, arial, helvetica, sans-serif;font-size: 14pt\">As pesquisas foram interrompidas em 2010, voltando a serem coletadas a partir de 2015 at\u00e9 2016, quando foi interrompida novamente por for\u00e7a de restri\u00e7\u00f5es or\u00e7ament\u00e1rias. Em 2018, as pesquisas da CBAG foram retomadas por meio da coleta digital de pre\u00e7os, com o uso do Programa Menor Pre\u00e7o vinculado ao Programa Nota Paran\u00e1, mediante metodologia de coleta desenvolvida atrav\u00e9s de Trabalho de Conclus\u00e3o de Curso do Decon.<\/span><\/p>\n<p style=\"text-align: justify\"><span style=\"font-family: tahoma, arial, helvetica, sans-serif;font-size: 14pt\">No caso da CBAG, para fins de compara\u00e7\u00e3o nacional, \u00e9 empregada a metodologia do Departamento Intersindical de Estat\u00edstica e Estudos Econ\u00f4micos &#8211; DIEESE. A pesquisa \u00e9 realizada mensalmente, com coletas que consideram tr\u00eas n\u00edveis de pre\u00e7os (baixo, m\u00e9dio e alto) de um conjuntos de 13 alimentos em todos os pontos varejistas de Guarapuava no raio de 20 km. A estima\u00e7\u00e3o dos indicadores mensais utiliza fun\u00e7\u00f5es estat\u00edsticas\/matem\u00e1ticas definidas pelo DIEESE.<\/span><\/p>\n<p style=\"text-align: justify\"><span style=\"font-family: tahoma, arial, helvetica, sans-serif;font-size: 14pt\">A Cesta b\u00e1sica cont\u00e9m o valor nutricional m\u00ednimo para a sobreviv\u00eancia de um trabalhador em idade adulta, permitindo assim mensurar o custo de vida a partir de produtos do g\u00eanero aliment\u00edcio nas fam\u00edlias.\u00a0<\/span><span style=\"font-family: tahoma, arial, helvetica, sans-serif;font-size: 14pt\">A composi\u00e7\u00e3o dos itens foi definida de acordo com o Decreto-Lei n\u00ba 399, de 30 de abril de 1938, sendo composta por treze alimentos: carne, leite, feij\u00e3o, arroz, farinha de trigo, batata, tomate, p\u00e3o, caf\u00e9, banana, a\u00e7\u00facar, \u00f3leo de soja e manteiga.<\/span><\/p>\n<p style=\"text-align: justify\"><span style=\"font-family: tahoma, arial, helvetica, sans-serif;font-size: 14pt\">S\u00e3o elaborados Releases mensais de an\u00e1lise do comportamento dos pre\u00e7os, bem como disponibilizada a s\u00e9rie hist\u00f3ria com os dados coletados a partir de 2003. Para acessar estes dados clique nos links abaixo:<\/span><\/p>\n<p><span style=\"color: #c41010\"><a style=\"color: #c41010\" href=\"https:\/\/www3.unicentro.br\/decon\/2025\/05\/25\/releases\/\" target=\"_blank\" rel=\"noopener\"><strong><span style=\"font-family: tahoma, arial, helvetica, sans-serif;font-size: 14pt\">Releases Mensais<\/span><\/strong><\/a><\/span><\/p>\n<p><a href=\"https:\/\/www3.unicentro.br\/decon\/wp-content\/uploads\/sites\/80\/2026\/03\/SERIE-HISTORICA-DA-CESTA-BASICA-DE-GPVA-2003-2026.xlsx\" target=\"_blank\" rel=\"noopener\"><span style=\"color: #c41010\"><strong><span style=\"font-family: tahoma, arial, helvetica, sans-serif;font-size: 14pt\">S\u00e9rie Hist\u00f3rica<\/span><\/strong><\/span><\/a>[\/vc_column_text][\/vc_column][\/vc_row]<\/p>\n<\/div>","protected":false},"excerpt":{"rendered":"<p>[vc_row][vc_column][vc_column_text css=&#8221;&#8221;] VALOR DA CESTA B\u00c1SICA DE ALIMENTOS DE GUARAPUAVA (CBAG) &nbsp; Historicamente, a estima\u00e7\u00e3o do Valor da Cesta B\u00e1sica de Alimentos de Guarapuava (CBAG) vem sendo realizada pelo Departamento de Ci\u00eancias Econ\u00f4micas (DECON) da Universidade Estadual do Centro-Oeste &#8211; UNICENTRO desde 1998. As pesquisas foram interrompidas em 2010, voltando a serem coletadas a partir [&hellip;]<\/p>\n","protected":false},"author":254,"featured_media":0,"parent":0,"menu_order":0,"comment_status":"closed","ping_status":"closed","template":"","meta":{"_exactmetrics_skip_tracking":false,"_exactmetrics_sitenote_active":false,"_exactmetrics_sitenote_note":"","_exactmetrics_sitenote_category":0,"footnotes":"","_links_to":"","_links_to_target":""},"class_list":["post-550","page","type-page","status-publish","hentry"],"_links":{"self":[{"href":"https:\/\/www3.unicentro.br\/decon\/wp-json\/wp\/v2\/pages\/550","targetHints":{"allow":["GET"]}}],"collection":[{"href":"https:\/\/www3.unicentro.br\/decon\/wp-json\/wp\/v2\/pages"}],"about":[{"href":"https:\/\/www3.unicentro.br\/decon\/wp-json\/wp\/v2\/types\/page"}],"author":[{"embeddable":true,"href":"https:\/\/www3.unicentro.br\/decon\/wp-json\/wp\/v2\/users\/254"}],"replies":[{"embeddable":true,"href":"https:\/\/www3.unicentro.br\/decon\/wp-json\/wp\/v2\/comments?post=550"}],"version-history":[{"count":3,"href":"https:\/\/www3.unicentro.br\/decon\/wp-json\/wp\/v2\/pages\/550\/revisions"}],"predecessor-version":[{"id":861,"href":"https:\/\/www3.unicentro.br\/decon\/wp-json\/wp\/v2\/pages\/550\/revisions\/861"}],"wp:attachment":[{"href":"https:\/\/www3.unicentro.br\/decon\/wp-json\/wp\/v2\/media?parent=550"}],"curies":[{"name":"wp","href":"https:\/\/api.w.org\/{rel}","templated":true}]}}