{"id":424,"date":"2024-09-16T22:09:39","date_gmt":"2024-09-17T01:09:39","guid":{"rendered":"https:\/\/www3.unicentro.br\/decon\/?page_id=424"},"modified":"2025-07-09T13:42:39","modified_gmt":"2025-07-09T16:42:39","slug":"producao-discente","status":"publish","type":"page","link":"https:\/\/www3.unicentro.br\/decon\/producao-discente\/","title":{"rendered":"Produ\u00e7\u00e3o Discente"},"content":{"rendered":"<div class=\"wpb-content-wrapper\"><p>[vc_row][vc_column][vc_column_text css=&#8221;&#8221;]<span style=\"font-family: helvetica, arial, sans-serif;font-size: 14pt\">Alguns dos materiais de autoria dos acad\u00eamicos do curso, produzidos junto as disciplinas, podem ser acessados conforme tem\u00e1ticas:<\/span><\/p>\n<p>&nbsp;<\/p>\n<p><span style=\"font-family: helvetica, arial, sans-serif;font-size: 14pt\"><strong>TEMA:<\/strong><\/span><\/p>\n<p><span style=\"font-family: helvetica, arial, sans-serif;font-size: 14pt\"><a href=\"https:\/\/www3.unicentro.br\/decon\/2024\/09\/16\/a-historia-da-moeda\/\">A Hist\u00f3ria da Moeda<\/a><\/span><\/p>\n<p><span style=\"font-family: helvetica, arial, sans-serif;font-size: 14pt\"><a href=\"https:\/\/www3.unicentro.br\/decon\/2024\/09\/18\/podcast-a-historia-da-moeda\/\" target=\"_blank\" rel=\"noopener\">Podcash a Hist\u00f3ria da Moeda<\/a><\/span><\/p>\n<p><span style=\"font-family: helvetica, arial, sans-serif;font-size: 14pt\"><a href=\"https:\/\/www3.unicentro.br\/decon\/producao-discente\/historica-da-moeda-no-brasil\/\">A Hist\u00f3ria da Moeda no Brasil<\/a><\/span>[\/vc_column_text][\/vc_column][\/vc_row]<\/p>\n<\/div>","protected":false},"excerpt":{"rendered":"<p>[vc_row][vc_column][vc_column_text css=&#8221;&#8221;]Alguns dos materiais de autoria dos acad\u00eamicos do curso, produzidos junto as disciplinas, podem ser acessados conforme tem\u00e1ticas: &nbsp; TEMA: A Hist\u00f3ria da Moeda Podcash a Hist\u00f3ria da Moeda A Hist\u00f3ria da Moeda no Brasil[\/vc_column_text][\/vc_column][\/vc_row]<\/p>\n","protected":false},"author":254,"featured_media":0,"parent":0,"menu_order":0,"comment_status":"closed","ping_status":"closed","template":"","meta":{"_exactmetrics_skip_tracking":false,"_exactmetrics_sitenote_active":false,"_exactmetrics_sitenote_note":"","_exactmetrics_sitenote_category":0,"footnotes":"","_links_to":"","_links_to_target":""},"class_list":["post-424","page","type-page","status-publish","hentry"],"_links":{"self":[{"href":"https:\/\/www3.unicentro.br\/decon\/wp-json\/wp\/v2\/pages\/424","targetHints":{"allow":["GET"]}}],"collection":[{"href":"https:\/\/www3.unicentro.br\/decon\/wp-json\/wp\/v2\/pages"}],"about":[{"href":"https:\/\/www3.unicentro.br\/decon\/wp-json\/wp\/v2\/types\/page"}],"author":[{"embeddable":true,"href":"https:\/\/www3.unicentro.br\/decon\/wp-json\/wp\/v2\/users\/254"}],"replies":[{"embeddable":true,"href":"https:\/\/www3.unicentro.br\/decon\/wp-json\/wp\/v2\/comments?post=424"}],"version-history":[{"count":2,"href":"https:\/\/www3.unicentro.br\/decon\/wp-json\/wp\/v2\/pages\/424\/revisions"}],"predecessor-version":[{"id":714,"href":"https:\/\/www3.unicentro.br\/decon\/wp-json\/wp\/v2\/pages\/424\/revisions\/714"}],"wp:attachment":[{"href":"https:\/\/www3.unicentro.br\/decon\/wp-json\/wp\/v2\/media?parent=424"}],"curies":[{"name":"wp","href":"https:\/\/api.w.org\/{rel}","templated":true}]}}