{"id":391,"date":"2024-02-27T20:54:29","date_gmt":"2024-02-27T23:54:29","guid":{"rendered":"https:\/\/www3.unicentro.br\/decon\/?page_id=391"},"modified":"2024-02-27T20:54:29","modified_gmt":"2024-02-27T23:54:29","slug":"sobre","status":"publish","type":"page","link":"https:\/\/www3.unicentro.br\/decon\/sobre\/","title":{"rendered":"Sobre"},"content":{"rendered":"<p style=\"text-align: justify\"><span style=\"font-family: tahoma, arial, helvetica, sans-serif;font-size: 14pt;text-align: justify\">O Curso de Ci\u00eancias Econ\u00f4micas da Universidade Estadual do Centro Oeste &#8211; UNICENTRO \u00e9, atualmente, o 4\u00ba melhor curso de economia do Paran\u00e1, e o 2\u00ba melhor curso entre as institui\u00e7\u00f5es p\u00fablicas do Paran\u00e1 segundo o Conceito Preliminar de Curso &#8211; CPC\/2018, do Instituto Nacional de Estudos e Pesquisas Educacionais &#8211; INEP, vinculado ao Minist\u00e9rio da Educa\u00e7\u00e3o &#8211; MEC, (CPC- 2018).<\/span><\/p>\n<p style=\"text-align: justify\"><span style=\"font-family: tahoma, arial, helvetica, sans-serif;font-size: 14pt\">Com base no pluralismo do pensamento econ\u00f4mico, o curso contribui para o desenvolvimento de profissionais com perfis bastante distintos, j\u00e1 que est\u00e1 voltado \u00e0 forma\u00e7\u00e3o cidad\u00e3, profissional e multidisciplinar.<\/span><\/p>\n<p style=\"text-align: justify\"><span style=\"font-family: tahoma, arial, helvetica, sans-serif;font-size: 14pt\">Possui uma s\u00f3lida abordagem te\u00f3rica e em m\u00e9todos quantitativos, nas quais os acad\u00eamicos adquirem forma\u00e7\u00e3o em diversas \u00e1reas relacionadas a: desenvolvimento econ\u00f4mico e social, ao n\u00edvel nacional e regional; finan\u00e7as p\u00fablicas; an\u00e1lises macro e microecon\u00f4micas; m\u00e9todos quantitativos; mercado de trabalho; economia de empresas; entre outras abordagens.<\/span><\/p>\n<p style=\"text-align: center\">\n<p style=\"text-align: center\"><span style=\"font-family: tahoma, arial, helvetica, sans-serif;font-size: 14pt\">Departamento de Economia \u2013 DECON<\/span><\/p>\n<p style=\"text-align: center\"><span style=\"font-family: tahoma, arial, helvetica, sans-serif;font-size: 14pt\">Setor de Ci\u00eancias Sociais Aplicadas \u2013 SESA<\/span><\/p>\n<p style=\"text-align: center\"><span style=\"font-family: tahoma, arial, helvetica, sans-serif;font-size: 14pt\">Campus Santa Cruz \u2013 UNICENTRO<\/span><\/p>\n<p style=\"text-align: center\"><span style=\"font-family: tahoma, arial, helvetica, sans-serif;font-size: 14pt\">Guarapuava\/PR &#8211; Brasil<\/span><\/p>\n<p style=\"text-align: center\">\n<p style=\"text-align: center\"><span style=\"font-family: tahoma, arial, helvetica, sans-serif;font-size: 14pt\">Chefia: Jos\u00e9lia Elvira Teixeira<\/span><\/p>\n<p style=\"text-align: center\"><span style=\"font-family: tahoma, arial, helvetica, sans-serif;font-size: 14pt\">Vice-chefia: Eduardo Lopes Marques<\/span><\/p>\n<p style=\"text-align: center\">\n<p style=\"text-align: center\"><span style=\"font-family: tahoma, arial, helvetica, sans-serif;font-size: 14pt\">Telefone: +55 42 3621-1062<\/span><\/p>\n<p style=\"text-align: center\"><span style=\"font-family: tahoma, arial, helvetica, sans-serif;font-size: 14pt\">E-mail: decon_unicentro@yahoo.com.br<\/span><\/p>\n","protected":false},"excerpt":{"rendered":"<p>O Curso de Ci\u00eancias Econ\u00f4micas da Universidade Estadual do Centro Oeste &#8211; UNICENTRO \u00e9, atualmente, o 4\u00ba melhor curso de economia do Paran\u00e1, e o 2\u00ba melhor curso entre as institui\u00e7\u00f5es p\u00fablicas do Paran\u00e1 segundo o Conceito Preliminar de Curso &#8211; CPC\/2018, do Instituto Nacional de Estudos e Pesquisas Educacionais &#8211; INEP, vinculado ao Minist\u00e9rio [&hellip;]<\/p>\n","protected":false},"author":254,"featured_media":0,"parent":0,"menu_order":0,"comment_status":"closed","ping_status":"closed","template":"","meta":{"_exactmetrics_skip_tracking":false,"_exactmetrics_sitenote_active":false,"_exactmetrics_sitenote_note":"","_exactmetrics_sitenote_category":0,"footnotes":"","_links_to":"","_links_to_target":""},"class_list":["post-391","page","type-page","status-publish","hentry"],"_links":{"self":[{"href":"https:\/\/www3.unicentro.br\/decon\/wp-json\/wp\/v2\/pages\/391","targetHints":{"allow":["GET"]}}],"collection":[{"href":"https:\/\/www3.unicentro.br\/decon\/wp-json\/wp\/v2\/pages"}],"about":[{"href":"https:\/\/www3.unicentro.br\/decon\/wp-json\/wp\/v2\/types\/page"}],"author":[{"embeddable":true,"href":"https:\/\/www3.unicentro.br\/decon\/wp-json\/wp\/v2\/users\/254"}],"replies":[{"embeddable":true,"href":"https:\/\/www3.unicentro.br\/decon\/wp-json\/wp\/v2\/comments?post=391"}],"version-history":[{"count":1,"href":"https:\/\/www3.unicentro.br\/decon\/wp-json\/wp\/v2\/pages\/391\/revisions"}],"predecessor-version":[{"id":392,"href":"https:\/\/www3.unicentro.br\/decon\/wp-json\/wp\/v2\/pages\/391\/revisions\/392"}],"wp:attachment":[{"href":"https:\/\/www3.unicentro.br\/decon\/wp-json\/wp\/v2\/media?parent=391"}],"curies":[{"name":"wp","href":"https:\/\/api.w.org\/{rel}","templated":true}]}}