{"id":311,"date":"2024-02-09T19:56:10","date_gmt":"2024-02-09T22:56:10","guid":{"rendered":"https:\/\/www3.unicentro.br\/decon\/?page_id=311"},"modified":"2024-02-09T19:59:45","modified_gmt":"2024-02-09T22:59:45","slug":"premiacoes","status":"publish","type":"page","link":"https:\/\/www3.unicentro.br\/decon\/premiacoes\/","title":{"rendered":"Premia\u00e7\u00f5es"},"content":{"rendered":"<p style=\"text-align: justify\"><span style=\"font-family: tahoma, arial, helvetica, sans-serif;font-size: 14pt\">Os trabalhos desenvolvidos no \u00e2mbito do grupo de pesquisa <span style=\"color: #000080\"><strong><a style=\"color: #000080\" href=\"http:\/\/dgp.cnpq.br\/dgp\/espelhogrupo\/17405\" target=\"_blank\" rel=\"noopener\">Ci\u00eancias Econ\u00f4micas na perspectiva da teoria e da aplica\u00e7\u00e3o \u2013 GPCE<\/a><\/strong><\/span>, do <strong><span style=\"color: #000080\">N\u00facleo de Estudos e Pr\u00e1ticas Econ\u00f4micas \u2013 NEPE<\/span><\/strong>, bem como por professores do curso e tamb\u00e9m por alunos frequentemente concorrem a premia\u00e7\u00f5es. <\/span><span style=\"font-family: tahoma, arial, helvetica, sans-serif;font-size: 14pt\">Algumas das principais premia\u00e7\u00f5es de alguns trabalhos podem ser consultadas nesta se\u00e7\u00e3o.<\/span><\/p>\n<p>&nbsp;<\/p>\n<p style=\"text-align: center\"><strong><span style=\"font-family: tahoma, arial, helvetica, sans-serif;font-size: 14pt\">PR\u00caMIO PARAN\u00c1 DE ECONOMIA<\/span><\/strong><\/p>\n<p style=\"text-align: justify\"><span style=\"font-family: tahoma, arial, helvetica, sans-serif;font-size: 14pt\">O Pr\u00eamio Paran\u00e1 de economia reconhece trabalhos relevantes na \u00e1rea. \u00c9 promovido pelo <a href=\"https:\/\/www.coreconpr.gov.br\/\" target=\"_blank\" rel=\"noopener\"><strong><span style=\"color: #000080\">Conselho Regional de Economia do Paran\u00e1 &#8211; CORECON\/PR<\/span><\/strong><\/a>. Os trabalhos premiados foram:<\/span><\/p>\n<p><span style=\"font-family: tahoma, arial, helvetica, sans-serif\"><em>em atualiza\u00e7\u00e3o<\/em><\/span><\/p>\n<p>&nbsp;<\/p>\n","protected":false},"excerpt":{"rendered":"<p>Os trabalhos desenvolvidos no \u00e2mbito do grupo de pesquisa Ci\u00eancias Econ\u00f4micas na perspectiva da teoria e da aplica\u00e7\u00e3o \u2013 GPCE, do N\u00facleo de Estudos e Pr\u00e1ticas Econ\u00f4micas \u2013 NEPE, bem como por professores do curso e tamb\u00e9m por alunos frequentemente concorrem a premia\u00e7\u00f5es. Algumas das principais premia\u00e7\u00f5es de alguns trabalhos podem ser consultadas nesta se\u00e7\u00e3o. [&hellip;]<\/p>\n","protected":false},"author":254,"featured_media":0,"parent":0,"menu_order":0,"comment_status":"closed","ping_status":"closed","template":"","meta":{"_exactmetrics_skip_tracking":false,"_exactmetrics_sitenote_active":false,"_exactmetrics_sitenote_note":"","_exactmetrics_sitenote_category":0,"footnotes":"","_links_to":"","_links_to_target":""},"class_list":["post-311","page","type-page","status-publish","hentry"],"_links":{"self":[{"href":"https:\/\/www3.unicentro.br\/decon\/wp-json\/wp\/v2\/pages\/311","targetHints":{"allow":["GET"]}}],"collection":[{"href":"https:\/\/www3.unicentro.br\/decon\/wp-json\/wp\/v2\/pages"}],"about":[{"href":"https:\/\/www3.unicentro.br\/decon\/wp-json\/wp\/v2\/types\/page"}],"author":[{"embeddable":true,"href":"https:\/\/www3.unicentro.br\/decon\/wp-json\/wp\/v2\/users\/254"}],"replies":[{"embeddable":true,"href":"https:\/\/www3.unicentro.br\/decon\/wp-json\/wp\/v2\/comments?post=311"}],"version-history":[{"count":2,"href":"https:\/\/www3.unicentro.br\/decon\/wp-json\/wp\/v2\/pages\/311\/revisions"}],"predecessor-version":[{"id":318,"href":"https:\/\/www3.unicentro.br\/decon\/wp-json\/wp\/v2\/pages\/311\/revisions\/318"}],"wp:attachment":[{"href":"https:\/\/www3.unicentro.br\/decon\/wp-json\/wp\/v2\/media?parent=311"}],"curies":[{"name":"wp","href":"https:\/\/api.w.org\/{rel}","templated":true}]}}