{"id":229,"date":"2024-01-25T09:31:30","date_gmt":"2024-01-25T12:31:30","guid":{"rendered":"https:\/\/www3.unicentro.br\/decon\/?page_id=229"},"modified":"2025-12-04T07:18:33","modified_gmt":"2025-12-04T10:18:33","slug":"egressos","status":"publish","type":"page","link":"https:\/\/www3.unicentro.br\/decon\/egressos\/","title":{"rendered":"Egressos"},"content":{"rendered":"<div class=\"wpb-content-wrapper\"><p>[vc_row][vc_column][vc_column_text css=&#8221;&#8221;]<\/p>\n<p style=\"text-align: justify\"><span style=\"font-size: 14pt;font-family: helvetica, arial, sans-serif\">As monografias defendidas pelos egressos do curso de ci\u00eancias econ\u00f4micas podem ser consultadas pelo ano da defesa de cada turma, basta clicar sobre o nome do aluno que ser\u00e1 direcionado para as informa\u00e7\u00f5es do trabalho defendido.<\/span><\/p>\n<p>&nbsp;<\/p>\n<p style=\"text-align: center\"><strong><span style=\"font-family: helvetica, arial, sans-serif;font-size: 14pt\">TURMA 2025<\/span><\/strong><\/p>\n<p><a href=\"https:\/\/www3.unicentro.br\/decon\/2025\/12\/04\/aldo-przybysz\/\" target=\"_blank\" rel=\"noopener\"><span style=\"font-family: helvetica, arial, sans-serif;font-size: 10pt\">Aldo Przybysz<\/span><\/a><br \/>\n<a href=\"https:\/\/www3.unicentro.br\/decon\/2025\/12\/04\/ana-lourena-dos-santos-ribas\/\" target=\"_blank\" rel=\"noopener\"><span style=\"font-family: helvetica, arial, sans-serif;font-size: 10pt\">Ana Lourena dos Santos Ribas<\/span><\/a><br \/>\n<a href=\"https:\/\/www3.unicentro.br\/decon\/2025\/12\/04\/aurelio-rafael-dias-nunes\/\" target=\"_blank\" rel=\"noopener\"><span style=\"font-family: helvetica, arial, sans-serif;font-size: 10pt\">Aur\u00e9lio Rafael Dias Nunes<\/span><\/a><br \/>\n<a href=\"https:\/\/www3.unicentro.br\/decon\/2025\/12\/04\/emmanueli-seroiska\/\" target=\"_blank\" rel=\"noopener\"><span style=\"font-family: helvetica, arial, sans-serif;font-size: 10pt\">Emmanueli Seroiska<\/span><\/a><br \/>\n<a href=\"https:\/\/www3.unicentro.br\/decon\/2025\/12\/04\/gustavo-da-rosa-pagani\/\" target=\"_blank\" rel=\"noopener\"><span style=\"font-family: helvetica, arial, sans-serif;font-size: 10pt\">Gustavo da Rosa Pagani<\/span><\/a><br \/>\n<a href=\"https:\/\/www3.unicentro.br\/decon\/2025\/12\/04\/jonas-samuel-lopes\/\" target=\"_blank\" rel=\"noopener\"><span style=\"font-family: helvetica, arial, sans-serif;font-size: 10pt\">Jonas Samuel Lopes<\/span><\/a><br \/>\n<a href=\"https:\/\/www3.unicentro.br\/decon\/2025\/12\/04\/joao-emanuel-dias-dos-santos\/\" target=\"_blank\" rel=\"noopener\"><span style=\"font-family: helvetica, arial, sans-serif;font-size: 10pt\">Jo\u00e3o Emanuel Dias dos Santos<\/span><\/a><br \/>\n<a href=\"https:\/\/www3.unicentro.br\/decon\/2025\/12\/04\/luciana-bastos-tocarski\/\" target=\"_blank\" rel=\"noopener\"><span style=\"font-family: helvetica, arial, sans-serif;font-size: 10pt\">Luciana Bastos Tocarski<\/span><\/a><br \/>\n<a href=\"https:\/\/www3.unicentro.br\/decon\/2025\/12\/04\/luiz-felipe-barbosa-spacki\/\" target=\"_blank\" rel=\"noopener\"><span style=\"font-family: helvetica, arial, sans-serif;font-size: 10pt\">Luiz Felipe Barbosa Spacki<\/span><\/a><br \/>\n<a href=\"https:\/\/www3.unicentro.br\/decon\/2025\/12\/04\/maria-fernanda-silva-kerniski\/\" target=\"_blank\" rel=\"noopener\"><span style=\"font-family: helvetica, arial, sans-serif;font-size: 10pt\">Maria Fernanda Silva Kerniski<\/span><\/a><br \/>\n<a href=\"https:\/\/www3.unicentro.br\/decon\/2025\/12\/04\/pedro-lucas-amadiu-ottoni\/\" target=\"_blank\" rel=\"noopener\"><span style=\"font-family: helvetica, arial, sans-serif;font-size: 10pt\">Pedro Lucas Amadiu Ottoni<\/span><\/a><br \/>\n<a href=\"https:\/\/www3.unicentro.br\/decon\/2025\/12\/04\/pellison-leutner-cesar\/\" target=\"_blank\" rel=\"noopener\"><span style=\"font-family: helvetica, arial, sans-serif;font-size: 10pt\">Pellison Leutner Cesar<\/span><\/a><br \/>\n<a href=\"https:\/\/www3.unicentro.br\/decon\/2025\/12\/04\/tairine-de-oliveira\/\" target=\"_blank\" rel=\"noopener\"><span style=\"font-family: helvetica, arial, sans-serif;font-size: 10pt\">Tairine de Oliveira<\/span><\/a><\/p>\n<p>&nbsp;<\/p>\n<p style=\"text-align: center\"><strong><span style=\"font-family: helvetica, arial, sans-serif;font-size: 14pt\">TURMA 2024<\/span><\/strong><\/p>\n<p><a href=\"https:\/\/www3.unicentro.br\/decon\/2024\/11\/29\/ademir-correia-scharan\/\" target=\"_blank\" rel=\"noopener\"><span style=\"font-family: helvetica, arial, sans-serif;font-size: 10pt\">Ademir Correia Schran<\/span><\/a><br \/>\n<a href=\"https:\/\/www3.unicentro.br\/decon\/2024\/11\/29\/alan-natha-rodrigues-menon\/\" target=\"_blank\" rel=\"noopener\"><span style=\"font-family: helvetica, arial, sans-serif;font-size: 10pt\">Alan Natha Rodrigues Menon<\/span><\/a><br \/>\n<a href=\"https:\/\/www3.unicentro.br\/decon\/2024\/11\/21\/447\/\" target=\"_blank\" rel=\"noopener\"><span style=\"font-family: helvetica, arial, sans-serif;font-size: 10pt\">Ariel dos Santos Pedroso<\/span><\/a><br \/>\n<a href=\"https:\/\/www3.unicentro.br\/decon\/?p=461&amp;preview=true\" target=\"_blank\" rel=\"noopener\"><span style=\"font-family: helvetica, arial, sans-serif;font-size: 10pt\">Daniel Kinseler<\/span><\/a><br \/>\n<a href=\"https:\/\/www3.unicentro.br\/decon\/?p=463&amp;preview=true\" target=\"_blank\" rel=\"noopener\"><span style=\"font-family: helvetica, arial, sans-serif;font-size: 10pt\">Erika Kamyly Oliveira dos Santos<\/span><\/a><br \/>\n<a href=\"https:\/\/www3.unicentro.br\/decon\/?p=466&amp;preview=true\" target=\"_blank\" rel=\"noopener\"><span style=\"font-family: helvetica, arial, sans-serif;font-size: 10pt\">Gabriela Kublinski<\/span><\/a><br \/>\n<a href=\"https:\/\/www3.unicentro.br\/decon\/?p=482&amp;preview=true\" target=\"_blank\" rel=\"noopener\"><span style=\"font-family: helvetica, arial, sans-serif;font-size: 10pt\">Gislaine Guimaraes<\/span><\/a><br \/>\n<a href=\"https:\/\/www3.unicentro.br\/decon\/2024\/11\/29\/jonas-cikoski\/\" target=\"_blank\" rel=\"noopener\"><span style=\"font-family: helvetica, arial, sans-serif;font-size: 10pt\">Jonas Cikoski<\/span><\/a><br \/>\n<a href=\"https:\/\/www3.unicentro.br\/decon\/2024\/11\/29\/monica-campos\/\" target=\"_blank\" rel=\"noopener\"><span style=\"font-family: helvetica, arial, sans-serif;font-size: 10pt\">Monica Campos<\/span><\/a><br \/>\n<a href=\"https:\/\/www3.unicentro.br\/decon\/?p=488&amp;preview=true\" target=\"_blank\" rel=\"noopener\"><span style=\"font-family: helvetica, arial, sans-serif;font-size: 10pt\">Nicole Aparecida de Castro<\/span><\/a><br \/>\n<a href=\"https:\/\/www3.unicentro.br\/decon\/2024\/11\/29\/pedro-henrique-de-macedo-chaia-batista\/\" target=\"_blank\" rel=\"noopener\"><span style=\"font-family: helvetica, arial, sans-serif;font-size: 10pt\">Pedro Henrique de Macedo Chaia Batista<\/span><\/a><br \/>\n<a href=\"https:\/\/www3.unicentro.br\/decon\/2024\/11\/29\/pedro-henrique-dos-santos\/\" target=\"_blank\" rel=\"noopener\"><span style=\"font-family: helvetica, arial, sans-serif;font-size: 10pt\">Pedro Henrique dos Santos<\/span><\/a><br \/>\n<a href=\"https:\/\/www3.unicentro.br\/decon\/2024\/11\/29\/reinaldo-dos-santos-de-oliveira\/\" target=\"_blank\" rel=\"noopener\"><span style=\"font-family: helvetica, arial, sans-serif;font-size: 10pt\">Reinaldo dos Santos de Oliveira<\/span><\/a><br \/>\n<a href=\"https:\/\/www3.unicentro.br\/decon\/2024\/11\/29\/tamires-taiok-boraiko\/\" target=\"_blank\" rel=\"noopener\"><span style=\"font-family: helvetica, arial, sans-serif;font-size: 10pt\">Tamires Taiok Boraiko<\/span><\/a><\/p>\n<p>&nbsp;<\/p>\n<p style=\"text-align: center\"><strong><span style=\"font-family: helvetica, arial, sans-serif;font-size: 14pt\">TURMA 2023<\/span><\/strong><\/p>\n<p><a href=\"https:\/\/www3.unicentro.br\/decon\/2024\/02\/24\/eduardo-wastchuk\/\" target=\"_blank\" rel=\"noopener\"><span style=\"font-size: 10pt;font-family: helvetica, arial, sans-serif\">Eduardo Wastchuk<\/span><\/a><br \/>\n<a href=\"https:\/\/www3.unicentro.br\/decon\/2024\/02\/23\/fernando-anzolin-moss\/\" target=\"_blank\" rel=\"noopener\"><span style=\"font-size: 10pt;font-family: helvetica, arial, sans-serif\">Fernando Anzolin Moss<\/span><\/a><br \/>\n<a href=\"https:\/\/www3.unicentro.br\/decon\/2024\/02\/21\/joao-gabriel-dos-santos-almeida\/\" target=\"_blank\" rel=\"noopener\"><span style=\"font-size: 10pt;font-family: helvetica, arial, sans-serif\">Jo\u00e3o Gabriel dos Santos Almeida<\/span><\/a><br \/>\n<a href=\"https:\/\/www3.unicentro.br\/decon\/2024\/02\/24\/kelly-de-campos-lemes\/\" target=\"_blank\" rel=\"noopener\"><span style=\"font-size: 10pt;font-family: helvetica, arial, sans-serif\">Kelly de Campos Lemes<\/span><\/a><br \/>\n<a href=\"https:\/\/www3.unicentro.br\/decon\/2024\/01\/25\/leonardo-bruno-furquim\/\"><span style=\"font-size: 10pt;font-family: helvetica, arial, sans-serif\">Leonardo Bruno Furquim<\/span><\/a><br \/>\n<a href=\"https:\/\/www3.unicentro.br\/decon\/2024\/02\/16\/leonardo-moreira-heckler\/\" target=\"_blank\" rel=\"noopener\"><span style=\"font-size: 10pt;font-family: helvetica, arial, sans-serif\">Leonardo Moreira Heckler<\/span><\/a><br \/>\n<a href=\"https:\/\/www3.unicentro.br\/decon\/2024\/02\/20\/lucca-jansen-cabrerizo-fernandes\/\" target=\"_blank\" rel=\"noopener\"><span style=\"font-size: 10pt;font-family: helvetica, arial, sans-serif\">Lucca Jansen Cabrerizo Fernandes<\/span><\/a><br \/>\n<a href=\"https:\/\/www3.unicentro.br\/decon\/2024\/02\/24\/murilo-skavronski\/\" target=\"_blank\" rel=\"noopener\"><span style=\"font-size: 10pt;font-family: helvetica, arial, sans-serif\">Murilo Skavronski<\/span><\/a><br \/>\n<a href=\"https:\/\/www3.unicentro.br\/decon\/2024\/02\/23\/nelson-luiz-brandalise-filho\/\" target=\"_blank\" rel=\"noopener\"><span style=\"font-size: 10pt;font-family: helvetica, arial, sans-serif\">Nelson Luiz Brandalise Filho<\/span><\/a><br \/>\n<a href=\"https:\/\/www3.unicentro.br\/decon\/2024\/02\/19\/vitor-jose-osowski\/\" target=\"_blank\" rel=\"noopener\"><span style=\"font-size: 10pt;font-family: helvetica, arial, sans-serif\">Vitor Jos\u00e9 Osowski<\/span><\/a><br \/>\n<a href=\"https:\/\/www3.unicentro.br\/decon\/2024\/02\/24\/wesley-bugdanovicz-simao\/\" target=\"_blank\" rel=\"noopener\"><span style=\"font-size: 10pt;font-family: helvetica, arial, sans-serif\">Wesley Bugdanovicz Sim\u00e3o<\/span><\/a>[\/vc_column_text][\/vc_column][\/vc_row]<\/p>\n<\/div>","protected":false},"excerpt":{"rendered":"<p>[vc_row][vc_column][vc_column_text css=&#8221;&#8221;] As monografias defendidas pelos egressos do curso de ci\u00eancias econ\u00f4micas podem ser consultadas pelo ano da defesa de cada turma, basta clicar sobre o nome do aluno que ser\u00e1 direcionado para as informa\u00e7\u00f5es do trabalho defendido. &nbsp; TURMA 2025 Aldo Przybysz Ana Lourena dos Santos Ribas Aur\u00e9lio Rafael Dias Nunes Emmanueli Seroiska Gustavo [&hellip;]<\/p>\n","protected":false},"author":254,"featured_media":0,"parent":0,"menu_order":0,"comment_status":"closed","ping_status":"closed","template":"","meta":{"_exactmetrics_skip_tracking":false,"_exactmetrics_sitenote_active":false,"_exactmetrics_sitenote_note":"","_exactmetrics_sitenote_category":0,"footnotes":"","_links_to":"","_links_to_target":""},"class_list":["post-229","page","type-page","status-publish","hentry"],"_links":{"self":[{"href":"https:\/\/www3.unicentro.br\/decon\/wp-json\/wp\/v2\/pages\/229","targetHints":{"allow":["GET"]}}],"collection":[{"href":"https:\/\/www3.unicentro.br\/decon\/wp-json\/wp\/v2\/pages"}],"about":[{"href":"https:\/\/www3.unicentro.br\/decon\/wp-json\/wp\/v2\/types\/page"}],"author":[{"embeddable":true,"href":"https:\/\/www3.unicentro.br\/decon\/wp-json\/wp\/v2\/users\/254"}],"replies":[{"embeddable":true,"href":"https:\/\/www3.unicentro.br\/decon\/wp-json\/wp\/v2\/comments?post=229"}],"version-history":[{"count":1,"href":"https:\/\/www3.unicentro.br\/decon\/wp-json\/wp\/v2\/pages\/229\/revisions"}],"predecessor-version":[{"id":822,"href":"https:\/\/www3.unicentro.br\/decon\/wp-json\/wp\/v2\/pages\/229\/revisions\/822"}],"wp:attachment":[{"href":"https:\/\/www3.unicentro.br\/decon\/wp-json\/wp\/v2\/media?parent=229"}],"curies":[{"name":"wp","href":"https:\/\/api.w.org\/{rel}","templated":true}]}}