{"id":22,"date":"2020-03-10T10:08:08","date_gmt":"2020-03-10T13:08:08","guid":{"rendered":"https:\/\/www3.unicentro.br\/decon\/?page_id=22"},"modified":"2024-02-09T19:47:42","modified_gmt":"2024-02-09T22:47:42","slug":"mercado-de-trabalho","status":"publish","type":"page","link":"https:\/\/www3.unicentro.br\/decon\/mercado-de-trabalho\/","title":{"rendered":"Mercado de Trabalho"},"content":{"rendered":"<p style=\"text-align: justify\"><span style=\"font-family: tahoma, arial, helvetica, sans-serif;font-size: 14pt\">A atividade profissional do economista abrange organiza\u00e7\u00f5es p\u00fablicas e privadas, atuando em institui\u00e7\u00f5es financeiras, bancos, companhias de seguro, corretagem, empresas de consultoria e projetos, escolas, universidades, institutos, funda\u00e7\u00f5es e cooperativas.<\/span><\/p>\n<p style=\"text-align: justify\"><span style=\"font-family: tahoma, arial, helvetica, sans-serif;font-size: 12pt\"><span style=\"font-size: 14pt\">O campo de trabalho se desdobra em per\u00edcias judiciais e extrajudiciais, avalia\u00e7\u00f5es econ\u00f4micas e financeiras, auditorias, diagn\u00f3stico e planejamento socioecon\u00f4mico, proje\u00e7\u00e3o e an\u00e1lise econ\u00f4mico-financeira de investimentos e financiamentos de qualquer natureza, magist\u00e9rio, analista de rela\u00e7\u00f5es internacionais, consultoria independente, dentre outros.<\/span><br \/>\n<\/span><\/p>\n","protected":false},"excerpt":{"rendered":"<p>A atividade profissional do economista abrange organiza\u00e7\u00f5es p\u00fablicas e privadas, atuando em institui\u00e7\u00f5es financeiras, bancos, companhias de seguro, corretagem, empresas de consultoria e projetos, escolas, universidades, institutos, funda\u00e7\u00f5es e cooperativas. O campo de trabalho se desdobra em per\u00edcias judiciais e extrajudiciais, avalia\u00e7\u00f5es econ\u00f4micas e financeiras, auditorias, diagn\u00f3stico e planejamento socioecon\u00f4mico, proje\u00e7\u00e3o e an\u00e1lise econ\u00f4mico-financeira de [&hellip;]<\/p>\n","protected":false},"author":3,"featured_media":0,"parent":0,"menu_order":0,"comment_status":"closed","ping_status":"closed","template":"","meta":{"_exactmetrics_skip_tracking":false,"_exactmetrics_sitenote_active":false,"_exactmetrics_sitenote_note":"","_exactmetrics_sitenote_category":0,"footnotes":"","_links_to":"","_links_to_target":""},"class_list":["post-22","page","type-page","status-publish","hentry"],"_links":{"self":[{"href":"https:\/\/www3.unicentro.br\/decon\/wp-json\/wp\/v2\/pages\/22","targetHints":{"allow":["GET"]}}],"collection":[{"href":"https:\/\/www3.unicentro.br\/decon\/wp-json\/wp\/v2\/pages"}],"about":[{"href":"https:\/\/www3.unicentro.br\/decon\/wp-json\/wp\/v2\/types\/page"}],"author":[{"embeddable":true,"href":"https:\/\/www3.unicentro.br\/decon\/wp-json\/wp\/v2\/users\/3"}],"replies":[{"embeddable":true,"href":"https:\/\/www3.unicentro.br\/decon\/wp-json\/wp\/v2\/comments?post=22"}],"version-history":[{"count":1,"href":"https:\/\/www3.unicentro.br\/decon\/wp-json\/wp\/v2\/pages\/22\/revisions"}],"predecessor-version":[{"id":310,"href":"https:\/\/www3.unicentro.br\/decon\/wp-json\/wp\/v2\/pages\/22\/revisions\/310"}],"wp:attachment":[{"href":"https:\/\/www3.unicentro.br\/decon\/wp-json\/wp\/v2\/media?parent=22"}],"curies":[{"name":"wp","href":"https:\/\/api.w.org\/{rel}","templated":true}]}}