{"id":201,"date":"2023-06-20T15:44:17","date_gmt":"2023-06-20T18:44:17","guid":{"rendered":"https:\/\/www3.unicentro.br\/decon\/?page_id=201"},"modified":"2023-06-20T15:44:17","modified_gmt":"2023-06-20T18:44:17","slug":"dados-e-pesquisas","status":"publish","type":"page","link":"https:\/\/www3.unicentro.br\/decon\/dados-e-pesquisas\/","title":{"rendered":"Dados e Pesquisas"},"content":{"rendered":"<p>O <strong>N\u00facleo de Estudos e Pr\u00e1ticas Econ\u00f4micas &#8211; NEPE<\/strong>, tem o prop\u00f3sito de estabelecer um espa\u00e7o de estudos e pr\u00e1ticas econ\u00f4micas envolvendo alunos e professores, cujo produto \u00e9 oferecer uma rica base de dados, al\u00e9m de atender demandas internas e externas na interven\u00e7\u00e3o extensionista junto a sociedade, no desenvolvimento de estudos e pesquisas, e na presta\u00e7\u00e3o de servi\u00e7os aos setores p\u00fablico, privado e a sociedade em geral.<\/p>\n<p>&nbsp;<\/p>\n","protected":false},"excerpt":{"rendered":"<p>O N\u00facleo de Estudos e Pr\u00e1ticas Econ\u00f4micas &#8211; NEPE, tem o prop\u00f3sito de estabelecer um espa\u00e7o de estudos e pr\u00e1ticas econ\u00f4micas envolvendo alunos e professores, cujo produto \u00e9 oferecer uma rica base de dados, al\u00e9m de atender demandas internas e externas na interven\u00e7\u00e3o extensionista junto a sociedade, no desenvolvimento de estudos e pesquisas, e na [&hellip;]<\/p>\n","protected":false},"author":254,"featured_media":0,"parent":0,"menu_order":0,"comment_status":"closed","ping_status":"closed","template":"","meta":{"_exactmetrics_skip_tracking":false,"_exactmetrics_sitenote_active":false,"_exactmetrics_sitenote_note":"","_exactmetrics_sitenote_category":0,"footnotes":"","_links_to":"","_links_to_target":""},"class_list":["post-201","page","type-page","status-publish","hentry"],"_links":{"self":[{"href":"https:\/\/www3.unicentro.br\/decon\/wp-json\/wp\/v2\/pages\/201","targetHints":{"allow":["GET"]}}],"collection":[{"href":"https:\/\/www3.unicentro.br\/decon\/wp-json\/wp\/v2\/pages"}],"about":[{"href":"https:\/\/www3.unicentro.br\/decon\/wp-json\/wp\/v2\/types\/page"}],"author":[{"embeddable":true,"href":"https:\/\/www3.unicentro.br\/decon\/wp-json\/wp\/v2\/users\/254"}],"replies":[{"embeddable":true,"href":"https:\/\/www3.unicentro.br\/decon\/wp-json\/wp\/v2\/comments?post=201"}],"version-history":[{"count":0,"href":"https:\/\/www3.unicentro.br\/decon\/wp-json\/wp\/v2\/pages\/201\/revisions"}],"wp:attachment":[{"href":"https:\/\/www3.unicentro.br\/decon\/wp-json\/wp\/v2\/media?parent=201"}],"curies":[{"name":"wp","href":"https:\/\/api.w.org\/{rel}","templated":true}]}}