{"id":20,"date":"2020-03-10T10:07:53","date_gmt":"2020-03-10T13:07:53","guid":{"rendered":"https:\/\/www3.unicentro.br\/decon\/?page_id=20"},"modified":"2025-04-10T13:56:07","modified_gmt":"2025-04-10T16:56:07","slug":"grupos-de-pesquisa","status":"publish","type":"page","link":"https:\/\/www3.unicentro.br\/decon\/grupos-de-pesquisa\/","title":{"rendered":"Grupo de Pesquisa e N\u00facleo de Estudos"},"content":{"rendered":"<p style=\"text-align: justify\"><span style=\"font-family: tahoma, arial, helvetica, sans-serif;font-size: 14pt\">O grupo de pesquisa &#8220;<strong><span style=\"color: #000080\"><a style=\"color: #000080\" href=\"http:\/\/dgp.cnpq.br\/dgp\/espelhogrupo\/17405\" target=\"_blank\" rel=\"noopener\">Ci\u00eancias Econ\u00f4micas na perspectiva da teoria e da aplica\u00e7\u00e3o &#8211; GPCE<\/a><\/span><\/strong>&#8221; trata de tem\u00e1ticas afins a \u00e1rea da ci\u00eancia econ\u00f4mica, desenvolvidas em parceria com o <span style=\"color: #000080\"><strong>N\u00facleo de Estudos e Pr\u00e1ticas Econ\u00f4micas &#8211; NEPE<\/strong><\/span>\u00a0do Departamento de Economia\/UNICENTRO.<\/span><\/p>\n<p style=\"text-align: justify\"><span style=\"font-family: tahoma, arial, helvetica, sans-serif;font-size: 14pt\">As linhas de pesquisa s\u00e3o: a) Economia do crescimento e do desenvolvimento: internacional, nacional, territorial, regional, urbano e sustent\u00e1vel; b) Economia setorial e da Inova\u00e7\u00e3o com abordagem te\u00f3rica multifocal; c) Hist\u00f3ria, Economia Pol\u00edtica, Brasileira e Institucional; d) M\u00e9todo quantitativo aplicado \u00e0 an\u00e1lise econ\u00f4mica e com enfoque inter, multi e transdisciplinares; e) Teoria Econ\u00f4mica: concep\u00e7\u00f5es, aplica\u00e7\u00f5es e rela\u00e7\u00f5es inter, multi e transdisciplinar.<\/span><\/p>\n<p style=\"text-align: justify\"><span style=\"font-family: tahoma, arial, helvetica, sans-serif;font-size: 14pt\">As publica\u00e7\u00f5es sobre tem\u00e1ticas afins ao grupo de pesquisa poder\u00e3o ser consultadas nas p\u00e1ginas (<span style=\"color: #000080\"><em><strong>lattes<\/strong><\/em><\/span> e <span style=\"color: #00ff00\"><strong>Orcid<\/strong><\/span>) do <strong><a href=\"https:\/\/www3.unicentro.br\/decon\/corpo-docente\/\"><span style=\"color: #000080\">corpo docente<\/span><\/a><\/strong> do curso.<\/span><\/p>\n","protected":false},"excerpt":{"rendered":"<p>O grupo de pesquisa &#8220;Ci\u00eancias Econ\u00f4micas na perspectiva da teoria e da aplica\u00e7\u00e3o &#8211; GPCE&#8221; trata de tem\u00e1ticas afins a \u00e1rea da ci\u00eancia econ\u00f4mica, desenvolvidas em parceria com o N\u00facleo de Estudos e Pr\u00e1ticas Econ\u00f4micas &#8211; NEPE\u00a0do Departamento de Economia\/UNICENTRO. As linhas de pesquisa s\u00e3o: a) Economia do crescimento e do desenvolvimento: internacional, nacional, territorial, [&hellip;]<\/p>\n","protected":false},"author":3,"featured_media":0,"parent":0,"menu_order":0,"comment_status":"closed","ping_status":"closed","template":"","meta":{"_exactmetrics_skip_tracking":false,"_exactmetrics_sitenote_active":false,"_exactmetrics_sitenote_note":"","_exactmetrics_sitenote_category":0,"footnotes":"","_links_to":"","_links_to_target":""},"class_list":["post-20","page","type-page","status-publish","hentry"],"_links":{"self":[{"href":"https:\/\/www3.unicentro.br\/decon\/wp-json\/wp\/v2\/pages\/20","targetHints":{"allow":["GET"]}}],"collection":[{"href":"https:\/\/www3.unicentro.br\/decon\/wp-json\/wp\/v2\/pages"}],"about":[{"href":"https:\/\/www3.unicentro.br\/decon\/wp-json\/wp\/v2\/types\/page"}],"author":[{"embeddable":true,"href":"https:\/\/www3.unicentro.br\/decon\/wp-json\/wp\/v2\/users\/3"}],"replies":[{"embeddable":true,"href":"https:\/\/www3.unicentro.br\/decon\/wp-json\/wp\/v2\/comments?post=20"}],"version-history":[{"count":2,"href":"https:\/\/www3.unicentro.br\/decon\/wp-json\/wp\/v2\/pages\/20\/revisions"}],"predecessor-version":[{"id":553,"href":"https:\/\/www3.unicentro.br\/decon\/wp-json\/wp\/v2\/pages\/20\/revisions\/553"}],"wp:attachment":[{"href":"https:\/\/www3.unicentro.br\/decon\/wp-json\/wp\/v2\/media?parent=20"}],"curies":[{"name":"wp","href":"https:\/\/api.w.org\/{rel}","templated":true}]}}