{"id":411,"date":"2025-04-04T13:04:53","date_gmt":"2025-04-04T16:04:53","guid":{"rendered":"https:\/\/www3.unicentro.br\/decomp\/?page_id=411"},"modified":"2025-11-27T20:56:23","modified_gmt":"2025-11-27T23:56:23","slug":"curricularizacao-da-extensao","status":"publish","type":"page","link":"https:\/\/www3.unicentro.br\/decomp\/curricularizacao-da-extensao\/","title":{"rendered":"Curriculariza\u00e7\u00e3o da Extens\u00e3o"},"content":{"rendered":"<div class=\"wpb-content-wrapper\"><p>[vc_row u_row_style=&#8221;0&#8243; u_row_paralax=&#8221;0&#8243; u_row_scheme=&#8221;0&#8243;][vc_column][vc_images_carousel images=&#8221;485,486,487,488&#8243; img_size=&#8221;full&#8221; slides_per_view=&#8221;4&#8243; wrap=&#8221;yes&#8221; css_animation=&#8221;zoomIn&#8221; css=&#8221;&#8221;][\/vc_column][\/vc_row][vc_row][vc_column][vc_column_text css=&#8221;&#8221;]<\/p>\n<h4><strong><span style=\"font-size: 14pt\">Regulamentos de Curriculariza\u00e7\u00e3o da Extens\u00e3o:<\/span><\/strong><\/h4>\n<ul>\n<li><span style=\"font-size: 14pt\">Big Data no Agroneg\u00f3cio (<a href=\"https:\/\/sgu.unicentro.br\/pcatooficiais\/imprimir\/428646D6\">Link para Download<\/a>)<\/span><\/li>\n<li><span style=\"font-size: 14pt\">Ci\u00eancia da Computa\u00e7\u00e3o (<a href=\"https:\/\/sgu.unicentro.br\/pcatooficiais\/imprimir\/87F970E9\">Link para Download<\/a>)<\/span><\/li>\n<\/ul>\n<h4><strong><span style=\"font-size: 14pt\">Modelos de documentos:<\/span><\/strong><\/h4>\n<p><em><span style=\"font-size: 14pt\"><span style=\"color: #800000\"><strong>Instru\u00e7\u00f5es:<\/strong><\/span> fa\u00e7a uma c\u00f3pia para o seu Drive (Menu &#8220;Arquivo \u2192 Fazer uma c\u00f3pia&#8221;) ou fa\u00e7a o download (Menu &#8220;Arquivo \u2192 Baixar \u2192 .docx ou .odt&#8221;).<\/span><\/em><\/p>\n<ul>\n<li><span style=\"font-size: 14pt\">Modelo de <strong>Proposta<\/strong> de A\u00e7\u00e3o Extensionista Vinculada a Projeto (<a href=\"https:\/\/docs.google.com\/document\/d\/1HVCDAqI8yMnwoTBjD6LNNGMsxhVk0TbHtP0_MtSf3SQ\/edit?usp=sharing\">Link para Documento<\/a>)<\/span><\/li>\n<li><span style=\"font-size: 14pt\">Modelo de <b>Cronograma <\/b>de A\u00e7\u00e3o Extensionista Vinculada a Projeto (<a href=\"https:\/\/docs.google.com\/spreadsheets\/d\/1D3imDVSaSDJ8LPy6LNUxe2h-bHZQ0kOFb4hNU2IrFqk\/edit?usp=sharing\">Link para Documento<\/a>)<\/span><\/li>\n<li><span style=\"font-size: 14pt\">Modelo de <strong>Relat\u00f3rio<\/strong> de A\u00e7\u00e3o Extensionista Vinculada a Projeto (<a href=\"https:\/\/docs.google.com\/document\/d\/1BoampaAomvUJBhp_6s7qkK7N7mDWYH6ZRjtLUiFIW3M\/edit?usp=sharing\">Link para Documento<\/a>)<\/span>\n<ul>\n<li><span style=\"font-size: 14pt\">Relat\u00f3rios devem ser enviados para: <strong><span style=\"color: #800000\">cae-decomp@unicentro.br<\/span><\/strong><\/span><\/li>\n<\/ul>\n<\/li>\n<\/ul>\n<h4><strong><span style=\"font-size: 14pt\">Exemplos de propostas e relat\u00f3rios de a\u00e7\u00e3o extensionista vinculada a projeto:<\/span><\/strong><\/h4>\n<ul>\n<li><span style=\"font-size: 14pt\">AEPAPA-Proposta-Acao-Extensionista (<a href=\"https:\/\/www3.unicentro.br\/decomp\/wp-content\/uploads\/sites\/77\/2025\/04\/AEPAPA-Proposta-Acao-Extensionista.pdf\">Link para Download<\/a>)<\/span><\/li>\n<li><span style=\"font-size: 14pt\">AEPAPA-Relatorio-Acao-Extensionista (<a href=\"https:\/\/www3.unicentro.br\/decomp\/wp-content\/uploads\/sites\/77\/2025\/04\/AEPAPA-Relatorio-Acao-Extensionista.pdf\">Link para Download<\/a>)<\/span><\/li>\n<li><span style=\"font-size: 14pt\">Informatica-Instrumental-Proposta-Acao-Extensionista (<a href=\"https:\/\/www3.unicentro.br\/decomp\/wp-content\/uploads\/sites\/77\/2025\/04\/Informatica-Instrumental-Proposta-Acao-Extensionista.pdf\">Link para Download<\/a>)<\/span><\/li>\n<li><span style=\"font-size: 14pt\">Informatica-Instrumental-Relatorio-Acao-Extensionista (<a href=\"https:\/\/www3.unicentro.br\/decomp\/wp-content\/uploads\/sites\/77\/2025\/04\/Informatica-Instrumental-Relatorio-Acao-Extensionista.pdf\">Link para Download<\/a>)<\/span><\/li>\n<li><span style=\"font-size: 14pt\">POCC-Proposta-Acao-Extensionista (<a href=\"https:\/\/www3.unicentro.br\/decomp\/wp-content\/uploads\/sites\/77\/2025\/04\/POCC-Proposta-Acao-Extensionista.pdf\">Link para Download<\/a>)*<\/span><\/li>\n<li><span style=\"font-size: 14pt\">POCC-Relatorio-Acao-Extensionista (<a href=\"https:\/\/www3.unicentro.br\/decomp\/wp-content\/uploads\/sites\/77\/2025\/04\/POCC-Relatorio-Acao-Extensionista.pdf\">Link para Download<\/a>)<\/span><\/li>\n<\/ul>\n<p><span style=\"font-size: 14pt\">* Obs.: a proposta da a\u00e7\u00e3o extensionista POCC segue outro modelo (formato institucional da Unicentro) porque envolveu recursos financeiros. Mas, o texto serve de exemplo de conte\u00fado para a escrita da proposta.<\/span><\/p>\n<p>&nbsp;<\/p>\n<h4><strong><span style=\"font-size: 14pt\">Planos de A\u00e7\u00e3o Extensionista Aprovados:<\/span><\/strong><\/h4>\n<p>[\/vc_column_text][\/vc_column][\/vc_row][vc_row][vc_column][vc_raw_html css=&#8221;&#8221;]JTNDZGl2JTIwY2xhc3MlM0QlMjJpZnJhbWUtd3JhcCUyMiUzRSUwQSUzQ2lmcmFtZSUyMGlkJTNEJTIycGxhbmlsaGEtem9vbSUyMiUyMHNyYyUzRCUyMmh0dHBzJTNBJTJGJTJGZG9jcy5nb29nbGUuY29tJTJGc3ByZWFkc2hlZXRzJTJGZCUyRmUlMkYyUEFDWC0xdlNOQ0ZtdjFpdXN4REZIdnRwcllTNFJKSEFFa0ZIbkxjZ2QwVkZpRktTOTJkTEY1dkI1UFlwTUpPSXdyZDBkTmdZdWM3MjE3R2tDT1JzaSUyRnB1Ymh0bWwlM0ZnaWQlM0QyMDY5MDc5MDMzJTI2YW1wJTNCc2luZ2xlJTNEdHJ1ZSUyNmFtcCUzQndpZGdldCUzRHRydWUlMjZhbXAlM0JoZWFkZXJzJTNEZmFsc2UlMjIlM0UlM0MlMkZpZnJhbWUlM0UlMEElM0MlMkZkaXYlM0U=[\/vc_raw_html][\/vc_column][\/vc_row]<\/p>\n<\/div>","protected":false},"excerpt":{"rendered":"<p>[vc_row u_row_style=&#8221;0&#8243; u_row_paralax=&#8221;0&#8243; u_row_scheme=&#8221;0&#8243;][vc_column][vc_images_carousel images=&#8221;485,486,487,488&#8243; img_size=&#8221;full&#8221; slides_per_view=&#8221;4&#8243; wrap=&#8221;yes&#8221; css_animation=&#8221;zoomIn&#8221; css=&#8221;&#8221;][\/vc_column][\/vc_row][vc_row][vc_column][vc_column_text css=&#8221;&#8221;] Regulamentos de Curriculariza\u00e7\u00e3o da Extens\u00e3o: Big Data no Agroneg\u00f3cio (Link para Download) Ci\u00eancia da Computa\u00e7\u00e3o (Link para Download) Modelos de documentos: Instru\u00e7\u00f5es: fa\u00e7a uma c\u00f3pia para o seu Drive (Menu &#8220;Arquivo \u2192 Fazer uma c\u00f3pia&#8221;) ou fa\u00e7a o download (Menu &#8220;Arquivo \u2192 Baixar \u2192 [&hellip;]<\/p>\n","protected":false},"author":214,"featured_media":0,"parent":0,"menu_order":0,"comment_status":"closed","ping_status":"closed","template":"","meta":{"_exactmetrics_skip_tracking":false,"_exactmetrics_sitenote_active":false,"_exactmetrics_sitenote_note":"","_exactmetrics_sitenote_category":0,"footnotes":"","_links_to":"","_links_to_target":""},"class_list":["post-411","page","type-page","status-publish","hentry"],"_links":{"self":[{"href":"https:\/\/www3.unicentro.br\/decomp\/wp-json\/wp\/v2\/pages\/411","targetHints":{"allow":["GET"]}}],"collection":[{"href":"https:\/\/www3.unicentro.br\/decomp\/wp-json\/wp\/v2\/pages"}],"about":[{"href":"https:\/\/www3.unicentro.br\/decomp\/wp-json\/wp\/v2\/types\/page"}],"author":[{"embeddable":true,"href":"https:\/\/www3.unicentro.br\/decomp\/wp-json\/wp\/v2\/users\/214"}],"replies":[{"embeddable":true,"href":"https:\/\/www3.unicentro.br\/decomp\/wp-json\/wp\/v2\/comments?post=411"}],"version-history":[{"count":2,"href":"https:\/\/www3.unicentro.br\/decomp\/wp-json\/wp\/v2\/pages\/411\/revisions"}],"predecessor-version":[{"id":606,"href":"https:\/\/www3.unicentro.br\/decomp\/wp-json\/wp\/v2\/pages\/411\/revisions\/606"}],"wp:attachment":[{"href":"https:\/\/www3.unicentro.br\/decomp\/wp-json\/wp\/v2\/media?parent=411"}],"curies":[{"name":"wp","href":"https:\/\/api.w.org\/{rel}","templated":true}]}}