{"id":41,"date":"2014-10-01T00:00:00","date_gmt":"2014-10-01T03:00:00","guid":{"rendered":"https:\/\/www3.unicentro.br\/decomp\/ic\/"},"modified":"2025-04-04T13:57:39","modified_gmt":"2025-04-04T16:57:39","slug":"ic","status":"publish","type":"page","link":"https:\/\/www3.unicentro.br\/decomp\/ic\/","title":{"rendered":"Inicia\u00e7\u00e3o Cient\u00edfica"},"content":{"rendered":"<p style=\"text-align: justify\"><span style=\"font-size: 14pt\">A Inicia\u00e7\u00e3o Cient\u00edfica (IC) \u00e9 uma modalidade de Pesquisa pela qual muitos alunos de gradua\u00e7\u00e3o t\u00eam o primeiro contato com este segmento do meio acad\u00eamico. A Unicentro mant\u00e9m, juntamente ao Conselho Nacional de Desenvolvimento Cient\u00edfico e Tecnol\u00f3gico (CNPq) e \u00e0 Funda\u00e7\u00e3o Arauc\u00e1ria, diversos programas de bolsas e um programa volunt\u00e1rio de Inicia\u00e7\u00e3o Cient\u00edfica direcionados a alunos da gradua\u00e7\u00e3o.<\/span><\/p>\n<p style=\"text-align: justify\"><span style=\"font-size: 14pt\">Diversos professores do Decomp orientam IC, possibilitando aos alunos realizar pesquisa acad\u00eamica em diversas \u00e1reas do conhecimento. Os resultados da pesquisa realizada pelo aluno s\u00e3o apresentados em eventos.<\/span><\/p>\n<p style=\"text-align: justify\"><span style=\"font-size: 14pt\">Para conhecer sobre as \u00e1reas de pesquisa e os trabalhos realizados por cada professor acesse o seu curr\u00edculo lattes e o seu grupo de pesquisa no CNPq.<\/span><\/p>\n<p style=\"text-align: justify\"><span style=\"font-size: 14pt\">Professores orientadores de Inicia\u00e7\u00e3o Cient\u00edfica:<\/span><\/p>\n<ul style=\"text-align: justify\">\n<li><span style=\"font-size: 14pt\">Prof<sup>a<\/sup>. Dr<sup>a<\/sup>. Carolina Paula de Almeida (<a href=\"http:\/\/lattes.cnpq.br\/2499807535642279\">Curr\u00edculo lattes<\/a>) (<a href=\"http:\/\/dgp.cnpq.br\/dgp\/espelhogrupo\/6451070001521790\">Grupo de Pesquisa<\/a>)<\/span><\/li>\n<li><span style=\"font-size: 14pt\">Prof<sup>a<\/sup>. Dr<sup>a<\/sup>. Josiane Michalak Hauagge Dall\u00b4Agnol (<a href=\"http:\/\/lattes.cnpq.br\/7599246358679552\">Curr\u00edculo lattes<\/a>) (<a href=\"http:\/\/dgp.cnpq.br\/dgp\/espelhogrupo\/6068628639458564\">Grupo de Pesquisa<\/a>)<\/span><\/li>\n<li><span style=\"font-size: 14pt\">Prof<sup>a<\/sup>. Dr<sup>a<\/sup>. <span style=\"font-weight: 400\">Luciane Telinski Wiedermann Agner<\/span> (<a href=\"http:\/\/lattes.cnpq.br\/1400343661879732\">Curr\u00edculo lattes<\/a>) (<a href=\"http:\/\/dgp.cnpq.br\/dgp\/espelhogrupo\/2823946757421965\">Grupo de Pesquisa<\/a>)<\/span><\/li>\n<li><span style=\"font-size: 14pt\">Prof. Dr. <span style=\"font-weight: 400\">Mauro Miazaki<\/span><span style=\"font-weight: 400\">\u00a0<\/span>(<a href=\"http:\/\/lattes.cnpq.br\/6722436779210499\">Curr\u00edculo lattes<\/a>) (<a href=\"http:\/\/dgp.cnpq.br\/dgp\/espelhogrupo\/2363550474875647\">Grupo de Pesquisa<\/a>)<\/span><\/li>\n<li><span style=\"font-size: 14pt\">Prof<sup>a<\/sup>. Dr<sup>a<\/sup>. <span style=\"font-weight: 400\">Sandra Mara Guse Sc\u00f3s Venske<\/span> (<a href=\"http:\/\/lattes.cnpq.br\/1005946243028031\">Curr\u00edculo lattes<\/a>) (<a href=\"http:\/\/dgp.cnpq.br\/dgp\/espelhogrupo\/6451070001521790\">Grupo de Pesquisa<\/a>)<\/span><\/li>\n<\/ul>\n<p style=\"text-align: justify\">Para saber mais informa\u00e7\u00f5es sobre as pesquisas realizadas pelos professores, clique no link ao lado do nome do referido(a) e voc\u00ea ser\u00e1 direcionado ao Curr\u00edculo Lattes do(a) mesmo(a).<\/p>\n","protected":false},"excerpt":{"rendered":"<p>A Inicia\u00e7\u00e3o Cient\u00edfica (IC) \u00e9 uma modalidade de Pesquisa pela qual muitos alunos de gradua\u00e7\u00e3o t\u00eam o primeiro contato com este segmento do meio acad\u00eamico. A Unicentro mant\u00e9m, juntamente ao Conselho Nacional de Desenvolvimento Cient\u00edfico e Tecnol\u00f3gico (CNPq) e \u00e0 Funda\u00e7\u00e3o Arauc\u00e1ria, diversos programas de bolsas e um programa volunt\u00e1rio de Inicia\u00e7\u00e3o Cient\u00edfica direcionados a [&hellip;]<\/p>\n","protected":false},"author":3,"featured_media":0,"parent":0,"menu_order":0,"comment_status":"closed","ping_status":"closed","template":"","meta":{"_exactmetrics_skip_tracking":false,"_exactmetrics_sitenote_active":false,"_exactmetrics_sitenote_note":"","_exactmetrics_sitenote_category":0,"footnotes":"","_links_to":"","_links_to_target":""},"class_list":["post-41","page","type-page","status-publish","hentry"],"_links":{"self":[{"href":"https:\/\/www3.unicentro.br\/decomp\/wp-json\/wp\/v2\/pages\/41","targetHints":{"allow":["GET"]}}],"collection":[{"href":"https:\/\/www3.unicentro.br\/decomp\/wp-json\/wp\/v2\/pages"}],"about":[{"href":"https:\/\/www3.unicentro.br\/decomp\/wp-json\/wp\/v2\/types\/page"}],"author":[{"embeddable":true,"href":"https:\/\/www3.unicentro.br\/decomp\/wp-json\/wp\/v2\/users\/3"}],"replies":[{"embeddable":true,"href":"https:\/\/www3.unicentro.br\/decomp\/wp-json\/wp\/v2\/comments?post=41"}],"version-history":[{"count":1,"href":"https:\/\/www3.unicentro.br\/decomp\/wp-json\/wp\/v2\/pages\/41\/revisions"}],"predecessor-version":[{"id":437,"href":"https:\/\/www3.unicentro.br\/decomp\/wp-json\/wp\/v2\/pages\/41\/revisions\/437"}],"wp:attachment":[{"href":"https:\/\/www3.unicentro.br\/decomp\/wp-json\/wp\/v2\/media?parent=41"}],"curies":[{"name":"wp","href":"https:\/\/api.w.org\/{rel}","templated":true}]}}