{"id":38,"date":"2013-08-23T00:00:00","date_gmt":"2013-08-23T03:00:00","guid":{"rendered":"https:\/\/www3.unicentro.br\/decomp\/contato\/"},"modified":"2023-04-04T15:59:37","modified_gmt":"2023-04-04T18:59:37","slug":"contato","status":"publish","type":"page","link":"https:\/\/www3.unicentro.br\/decomp\/contato\/","title":{"rendered":"Contato"},"content":{"rendered":"<p><strong>Departamento de Ci\u00eancia da Computa\u00e7\u00e3o (DECOMP)<\/strong><\/p>\n<div class=\"wp-block-image\"><img loading=\"lazy\" decoding=\"async\" class=\"alignnone wp-image-300\" src=\"https:\/\/www3.unicentro.br\/decomp\/wp-content\/uploads\/sites\/77\/2023\/04\/contato-300x103.png\" alt=\"Contato: decomp@unicentro.br\" width=\"644\" height=\"221\" srcset=\"https:\/\/www3.unicentro.br\/decomp\/wp-content\/uploads\/sites\/77\/2023\/04\/contato-300x103.png 300w, https:\/\/www3.unicentro.br\/decomp\/wp-content\/uploads\/sites\/77\/2023\/04\/contato-255x88.png 255w, https:\/\/www3.unicentro.br\/decomp\/wp-content\/uploads\/sites\/77\/2023\/04\/contato.png 766w\" sizes=\"auto, (max-width: 644px) 100vw, 644px\" \/><\/div>\n<div><img loading=\"lazy\" decoding=\"async\" class=\"alignnone wp-image-307 \" src=\"https:\/\/www3.unicentro.br\/decomp\/wp-content\/uploads\/sites\/77\/2023\/04\/Decomp_by_Stheffany_Santos_Hadlich-300x169.jpg\" alt=\"Pr\u00e9dio do DECOMP\" width=\"646\" height=\"364\" srcset=\"https:\/\/www3.unicentro.br\/decomp\/wp-content\/uploads\/sites\/77\/2023\/04\/Decomp_by_Stheffany_Santos_Hadlich-300x169.jpg 300w, https:\/\/www3.unicentro.br\/decomp\/wp-content\/uploads\/sites\/77\/2023\/04\/Decomp_by_Stheffany_Santos_Hadlich-1024x576.jpg 1024w, https:\/\/www3.unicentro.br\/decomp\/wp-content\/uploads\/sites\/77\/2023\/04\/Decomp_by_Stheffany_Santos_Hadlich-768x432.jpg 768w, https:\/\/www3.unicentro.br\/decomp\/wp-content\/uploads\/sites\/77\/2023\/04\/Decomp_by_Stheffany_Santos_Hadlich-1536x864.jpg 1536w, https:\/\/www3.unicentro.br\/decomp\/wp-content\/uploads\/sites\/77\/2023\/04\/Decomp_by_Stheffany_Santos_Hadlich-255x143.jpg 255w, https:\/\/www3.unicentro.br\/decomp\/wp-content\/uploads\/sites\/77\/2023\/04\/Decomp_by_Stheffany_Santos_Hadlich.jpg 2048w\" sizes=\"auto, (max-width: 646px) 100vw, 646px\" \/><\/div>\n","protected":false},"excerpt":{"rendered":"<p>Departamento de Ci\u00eancia da Computa\u00e7\u00e3o (DECOMP)<\/p>\n","protected":false},"author":3,"featured_media":0,"parent":0,"menu_order":0,"comment_status":"closed","ping_status":"closed","template":"","meta":{"_exactmetrics_skip_tracking":false,"_exactmetrics_sitenote_active":false,"_exactmetrics_sitenote_note":"","_exactmetrics_sitenote_category":0,"footnotes":"","_links_to":"","_links_to_target":""},"class_list":["post-38","page","type-page","status-publish","hentry"],"_links":{"self":[{"href":"https:\/\/www3.unicentro.br\/decomp\/wp-json\/wp\/v2\/pages\/38","targetHints":{"allow":["GET"]}}],"collection":[{"href":"https:\/\/www3.unicentro.br\/decomp\/wp-json\/wp\/v2\/pages"}],"about":[{"href":"https:\/\/www3.unicentro.br\/decomp\/wp-json\/wp\/v2\/types\/page"}],"author":[{"embeddable":true,"href":"https:\/\/www3.unicentro.br\/decomp\/wp-json\/wp\/v2\/users\/3"}],"replies":[{"embeddable":true,"href":"https:\/\/www3.unicentro.br\/decomp\/wp-json\/wp\/v2\/comments?post=38"}],"version-history":[{"count":0,"href":"https:\/\/www3.unicentro.br\/decomp\/wp-json\/wp\/v2\/pages\/38\/revisions"}],"wp:attachment":[{"href":"https:\/\/www3.unicentro.br\/decomp\/wp-json\/wp\/v2\/media?parent=38"}],"curies":[{"name":"wp","href":"https:\/\/api.w.org\/{rel}","templated":true}]}}