{"id":37,"date":"2013-08-23T00:00:00","date_gmt":"2013-08-23T03:00:00","guid":{"rendered":"https:\/\/www3.unicentro.br\/decomp\/eventos\/"},"modified":"2020-08-10T11:56:05","modified_gmt":"2020-08-10T14:56:05","slug":"eventos","status":"publish","type":"page","link":"https:\/\/www3.unicentro.br\/decomp\/eventos\/","title":{"rendered":"Eventos"},"content":{"rendered":"<p><strong>Anais da Jornada de Atualiza\u00e7\u00e3o em Inform\u00e1tica da UNICENTRO &#8211; JAI\/UNICENTRO<\/strong><\/p>\n<p><a href=\"https:\/\/evento.unicentro.br\/anais\/jai\">https:\/\/evento.unicentro.br\/anais\/jai<\/a><\/p>\n<p>&nbsp;<\/p>\n<p><strong>Anais da Semana de Integra\u00e7\u00e3o Ensino, Pesquisa e Extens\u00e3o &#8211; SIEPE<\/strong><\/p>\n<p><a href=\"https:\/\/evento.unicentro.br\/anais\/siepe\">https:\/\/evento.unicentro.br\/anais\/siepe<\/a><\/p>\n","protected":false},"excerpt":{"rendered":"<p>Anais da Jornada de Atualiza\u00e7\u00e3o em Inform\u00e1tica da UNICENTRO &#8211; JAI\/UNICENTRO https:\/\/evento.unicentro.br\/anais\/jai &nbsp; Anais da Semana de Integra\u00e7\u00e3o Ensino, Pesquisa e Extens\u00e3o &#8211; SIEPE https:\/\/evento.unicentro.br\/anais\/siepe<\/p>\n","protected":false},"author":3,"featured_media":0,"parent":0,"menu_order":0,"comment_status":"closed","ping_status":"closed","template":"","meta":{"_exactmetrics_skip_tracking":false,"_exactmetrics_sitenote_active":false,"_exactmetrics_sitenote_note":"","_exactmetrics_sitenote_category":0,"footnotes":"","_links_to":"","_links_to_target":""},"class_list":["post-37","page","type-page","status-publish","hentry"],"_links":{"self":[{"href":"https:\/\/www3.unicentro.br\/decomp\/wp-json\/wp\/v2\/pages\/37","targetHints":{"allow":["GET"]}}],"collection":[{"href":"https:\/\/www3.unicentro.br\/decomp\/wp-json\/wp\/v2\/pages"}],"about":[{"href":"https:\/\/www3.unicentro.br\/decomp\/wp-json\/wp\/v2\/types\/page"}],"author":[{"embeddable":true,"href":"https:\/\/www3.unicentro.br\/decomp\/wp-json\/wp\/v2\/users\/3"}],"replies":[{"embeddable":true,"href":"https:\/\/www3.unicentro.br\/decomp\/wp-json\/wp\/v2\/comments?post=37"}],"version-history":[{"count":0,"href":"https:\/\/www3.unicentro.br\/decomp\/wp-json\/wp\/v2\/pages\/37\/revisions"}],"wp:attachment":[{"href":"https:\/\/www3.unicentro.br\/decomp\/wp-json\/wp\/v2\/media?parent=37"}],"curies":[{"name":"wp","href":"https:\/\/api.w.org\/{rel}","templated":true}]}}