{"id":36,"date":"2013-08-23T00:00:00","date_gmt":"2013-08-23T03:00:00","guid":{"rendered":"https:\/\/www3.unicentro.br\/decomp\/parcerias\/"},"modified":"2021-09-23T14:42:18","modified_gmt":"2021-09-23T17:42:18","slug":"parcerias","status":"publish","type":"page","link":"https:\/\/www3.unicentro.br\/decomp\/parcerias\/","title":{"rendered":"Parcerias"},"content":{"rendered":"<table style=\"height: 65px;width: 62.1019%\" width=\"616\">\n<tbody>\n<tr>\n<td style=\"width: 18.6084%\"><img loading=\"lazy\" decoding=\"async\" class=\"wp-image-47 alignnone aligncenter\" src=\"http:\/\/www2.unicentro.br\/decomp\/files\/2013\/08\/NV_CUDA.png\" alt=\"NVidia - Cuda Teaching Center\" width=\"120\" height=\"146\" \/><\/td>\n<td style=\"width: 80.0971%\">&#8211; Programa\u00a0<span style=\"text-decoration: underline\"><a title=\"CUDA Teaching Center (CTC)\" href=\"https:\/\/research.nvidia.com\/content\/cuda-teaching-centers-nala#Brazil\" target=\"_blank\" rel=\"noopener\">CUDA Teaching Center (CTC)<\/a><\/span> da NVidia.<\/td>\n<\/tr>\n<tr>\n<td style=\"width: 18.6084%\"><img loading=\"lazy\" decoding=\"async\" class=\"size-full wp-image-85\" src=\"http:\/\/www2.unicentro.br\/decomp\/files\/2013\/08\/dreamspark.png\" alt=\"dreamspark\" width=\"150\" height=\"69\" \/><\/td>\n<td style=\"width: 80.0971%\">&#8211;\u00a0Programa <a href=\"https:\/\/www.dreamspark.com\/\" target=\"_blank\" rel=\"noopener\">Microsoft Dreamspark<\/a><br \/>\n\u00c9 um Programa da Microsoft que d\u00e1 suporte a educa\u00e7\u00e3o t\u00e9cnica fornecendo acesso a software da Microsoft para fins de aprendizado, ensino e pesquisa.<\/td>\n<\/tr>\n<tr>\n<td style=\"width: 18.6084%\"><img loading=\"lazy\" decoding=\"async\" class=\"alignnone size-full wp-image-203\" src=\"https:\/\/www3.unicentro.br\/decomp\/wp-content\/uploads\/sites\/77\/2021\/09\/defisio-Copia.png\" alt=\"\" width=\"233\" height=\"101\" \/><\/td>\n<td style=\"width: 80.0971%\">&#8211; O Departamento de Ci\u00eancia da Computa\u00e7\u00e3o colabora com o Departamento de Fisioterapia da UNICENTRO no desenvolvimento de aplicativos e sistemas web utilizando tecnologias emergentes.<\/td>\n<\/tr>\n<\/tbody>\n<\/table>\n<p>&nbsp;<\/p>\n<p>&nbsp;<\/p>\n<p>&nbsp;<\/p>\n","protected":false},"excerpt":{"rendered":"<p>&#8211; Programa\u00a0CUDA Teaching Center (CTC) da NVidia. &#8211;\u00a0Programa Microsoft Dreamspark \u00c9 um Programa da Microsoft que d\u00e1 suporte a educa\u00e7\u00e3o t\u00e9cnica fornecendo acesso a software da Microsoft para fins de aprendizado, ensino e pesquisa. &#8211; O Departamento de Ci\u00eancia da Computa\u00e7\u00e3o colabora com o Departamento de Fisioterapia da UNICENTRO no desenvolvimento de aplicativos e sistemas [&hellip;]<\/p>\n","protected":false},"author":3,"featured_media":0,"parent":0,"menu_order":0,"comment_status":"closed","ping_status":"closed","template":"","meta":{"_exactmetrics_skip_tracking":false,"_exactmetrics_sitenote_active":false,"_exactmetrics_sitenote_note":"","_exactmetrics_sitenote_category":0,"footnotes":"","_links_to":"","_links_to_target":""},"class_list":["post-36","page","type-page","status-publish","hentry"],"_links":{"self":[{"href":"https:\/\/www3.unicentro.br\/decomp\/wp-json\/wp\/v2\/pages\/36","targetHints":{"allow":["GET"]}}],"collection":[{"href":"https:\/\/www3.unicentro.br\/decomp\/wp-json\/wp\/v2\/pages"}],"about":[{"href":"https:\/\/www3.unicentro.br\/decomp\/wp-json\/wp\/v2\/types\/page"}],"author":[{"embeddable":true,"href":"https:\/\/www3.unicentro.br\/decomp\/wp-json\/wp\/v2\/users\/3"}],"replies":[{"embeddable":true,"href":"https:\/\/www3.unicentro.br\/decomp\/wp-json\/wp\/v2\/comments?post=36"}],"version-history":[{"count":0,"href":"https:\/\/www3.unicentro.br\/decomp\/wp-json\/wp\/v2\/pages\/36\/revisions"}],"wp:attachment":[{"href":"https:\/\/www3.unicentro.br\/decomp\/wp-json\/wp\/v2\/media?parent=36"}],"curies":[{"name":"wp","href":"https:\/\/api.w.org\/{rel}","templated":true}]}}