{"id":35,"date":"2013-08-23T00:00:00","date_gmt":"2013-08-23T03:00:00","guid":{"rendered":"https:\/\/www3.unicentro.br\/decomp\/laboratorios\/"},"modified":"2023-04-04T15:55:36","modified_gmt":"2023-04-04T18:55:36","slug":"laboratorios","status":"publish","type":"page","link":"https:\/\/www3.unicentro.br\/decomp\/laboratorios\/","title":{"rendered":"Laborat\u00f3rios"},"content":{"rendered":"<p><strong>Laborat\u00f3rios de Inform\u00e1tica do Campus CEDETEG<\/strong><\/p>\n<p>H\u00e1 7 laborat\u00f3rios did\u00e1ticos de inform\u00e1tica dispon\u00edveis para as aulas pr\u00e1ticas das disciplinas do curso de Ci\u00eancia da Computa\u00e7\u00e3o.<\/p>\n<p>T\u00e9cnico: Alessandro Ribeiro Taques &#8211; e-mail: alessandro@unicentro.br<\/p>\n<p>Telefone: 3629-8350<\/p>\n<p><img loading=\"lazy\" decoding=\"async\" class=\"alignnone wp-image-303 \" src=\"https:\/\/www3.unicentro.br\/decomp\/wp-content\/uploads\/sites\/77\/2023\/04\/Lab1-169x300.jpg\" alt=\"Laborat\u00f3rio de Inform\u00e1tica\" width=\"183\" height=\"325\" srcset=\"https:\/\/www3.unicentro.br\/decomp\/wp-content\/uploads\/sites\/77\/2023\/04\/Lab1-169x300.jpg 169w, https:\/\/www3.unicentro.br\/decomp\/wp-content\/uploads\/sites\/77\/2023\/04\/Lab1-255x453.jpg 255w, https:\/\/www3.unicentro.br\/decomp\/wp-content\/uploads\/sites\/77\/2023\/04\/Lab1.jpg 405w\" sizes=\"auto, (max-width: 183px) 100vw, 183px\" \/><\/p>\n","protected":false},"excerpt":{"rendered":"<p>Laborat\u00f3rios de Inform\u00e1tica do Campus CEDETEG H\u00e1 7 laborat\u00f3rios did\u00e1ticos de inform\u00e1tica dispon\u00edveis para as aulas pr\u00e1ticas das disciplinas do curso de Ci\u00eancia da Computa\u00e7\u00e3o. T\u00e9cnico: Alessandro Ribeiro Taques &#8211; e-mail: alessandro@unicentro.br Telefone: 3629-8350<\/p>\n","protected":false},"author":3,"featured_media":0,"parent":0,"menu_order":0,"comment_status":"closed","ping_status":"closed","template":"","meta":{"_exactmetrics_skip_tracking":false,"_exactmetrics_sitenote_active":false,"_exactmetrics_sitenote_note":"","_exactmetrics_sitenote_category":0,"footnotes":"","_links_to":"","_links_to_target":""},"class_list":["post-35","page","type-page","status-publish","hentry"],"_links":{"self":[{"href":"https:\/\/www3.unicentro.br\/decomp\/wp-json\/wp\/v2\/pages\/35","targetHints":{"allow":["GET"]}}],"collection":[{"href":"https:\/\/www3.unicentro.br\/decomp\/wp-json\/wp\/v2\/pages"}],"about":[{"href":"https:\/\/www3.unicentro.br\/decomp\/wp-json\/wp\/v2\/types\/page"}],"author":[{"embeddable":true,"href":"https:\/\/www3.unicentro.br\/decomp\/wp-json\/wp\/v2\/users\/3"}],"replies":[{"embeddable":true,"href":"https:\/\/www3.unicentro.br\/decomp\/wp-json\/wp\/v2\/comments?post=35"}],"version-history":[{"count":0,"href":"https:\/\/www3.unicentro.br\/decomp\/wp-json\/wp\/v2\/pages\/35\/revisions"}],"wp:attachment":[{"href":"https:\/\/www3.unicentro.br\/decomp\/wp-json\/wp\/v2\/media?parent=35"}],"curies":[{"name":"wp","href":"https:\/\/api.w.org\/{rel}","templated":true}]}}