{"id":34,"date":"2013-08-23T00:00:00","date_gmt":"2013-08-23T03:00:00","guid":{"rendered":"https:\/\/www3.unicentro.br\/decomp\/monitorias\/"},"modified":"2021-07-09T11:08:56","modified_gmt":"2021-07-09T14:08:56","slug":"monitorias","status":"publish","type":"page","link":"https:\/\/www3.unicentro.br\/decomp\/monitorias\/","title":{"rendered":"Monitorias"},"content":{"rendered":"<p>O curso de Ci\u00eancia da Computa\u00e7\u00e3o oferece Monitoria Discente nas modalidades Remunerada e Volunt\u00e1ria.<br \/>\nNa modalidade Remunerada os alunos selecionados s\u00e3o contemplados com bolsa. (<span style=\"color: #ff0000\">Esta modalidade est\u00e1 temporariamente suspensa<\/span>)<br \/>\nA cada semestre letivo s\u00e3o ofertadas diversas vagas para atender importantes disciplinas do curso.<\/p>\n<p>&nbsp;<\/p>\n<p>Para informa\u00e7\u00f5es sobre hor\u00e1rios de atendimento dos monitores, consultar a secretaria do DECOMP.<\/p>\n<p>&nbsp;<\/p>\n","protected":false},"excerpt":{"rendered":"<p>O curso de Ci\u00eancia da Computa\u00e7\u00e3o oferece Monitoria Discente nas modalidades Remunerada e Volunt\u00e1ria. Na modalidade Remunerada os alunos selecionados s\u00e3o contemplados com bolsa. (Esta modalidade est\u00e1 temporariamente suspensa) A cada semestre letivo s\u00e3o ofertadas diversas vagas para atender importantes disciplinas do curso. &nbsp; Para informa\u00e7\u00f5es sobre hor\u00e1rios de atendimento dos monitores, consultar a secretaria [&hellip;]<\/p>\n","protected":false},"author":3,"featured_media":0,"parent":0,"menu_order":0,"comment_status":"closed","ping_status":"closed","template":"","meta":{"_exactmetrics_skip_tracking":false,"_exactmetrics_sitenote_active":false,"_exactmetrics_sitenote_note":"","_exactmetrics_sitenote_category":0,"footnotes":"","_links_to":"","_links_to_target":""},"class_list":["post-34","page","type-page","status-publish","hentry"],"_links":{"self":[{"href":"https:\/\/www3.unicentro.br\/decomp\/wp-json\/wp\/v2\/pages\/34","targetHints":{"allow":["GET"]}}],"collection":[{"href":"https:\/\/www3.unicentro.br\/decomp\/wp-json\/wp\/v2\/pages"}],"about":[{"href":"https:\/\/www3.unicentro.br\/decomp\/wp-json\/wp\/v2\/types\/page"}],"author":[{"embeddable":true,"href":"https:\/\/www3.unicentro.br\/decomp\/wp-json\/wp\/v2\/users\/3"}],"replies":[{"embeddable":true,"href":"https:\/\/www3.unicentro.br\/decomp\/wp-json\/wp\/v2\/comments?post=34"}],"version-history":[{"count":0,"href":"https:\/\/www3.unicentro.br\/decomp\/wp-json\/wp\/v2\/pages\/34\/revisions"}],"wp:attachment":[{"href":"https:\/\/www3.unicentro.br\/decomp\/wp-json\/wp\/v2\/media?parent=34"}],"curies":[{"name":"wp","href":"https:\/\/api.w.org\/{rel}","templated":true}]}}