{"id":33,"date":"2013-08-23T00:00:00","date_gmt":"2013-08-23T03:00:00","guid":{"rendered":"https:\/\/www3.unicentro.br\/decomp\/projetos-de-extensao\/"},"modified":"2025-04-04T12:04:49","modified_gmt":"2025-04-04T15:04:49","slug":"projetos-de-extensao","status":"publish","type":"page","link":"https:\/\/www3.unicentro.br\/decomp\/projetos-de-extensao\/","title":{"rendered":"Projetos de Extens\u00e3o"},"content":{"rendered":"<p><b>Ensino de Inform\u00e1tica para a Terceira Idade<\/b><br \/>\n<b>Descri\u00e7\u00e3o:<\/b> O objetivo deste projeto \u00e9 a inclus\u00e3o digital aos participantes da Universidade Aberta Terceira Idade.<br \/>\n<b>Contato:<\/b><br \/>\n<b>Resolu\u00e7\u00e3o de aprova\u00e7\u00e3o do projeto:<\/b> Arquivo<\/p>\n<p>&nbsp;<\/p>\n<p><b><a href=\"https:\/\/e2pc.github.io\/ProjectPage\/index\" target=\"_blank\" rel=\"noopener noreferrer\">Ensino Extracurricular de Programa\u00e7\u00e3o de Computadores e Difus\u00e3o de TICs &#8211; 2\u00aa Edi\u00e7\u00e3o<\/a><\/b><br \/>\n<b>Descri\u00e7\u00e3o:<\/b> O projeto visa oferecer oportunidades extracurriculares de treinamento em Programa\u00e7\u00e3o de Computadores aos alunos do Bacharelado em Ci\u00eancia da Computa\u00e7\u00e3o e demais acad\u00eamicos interessados.<br \/>\n<b>Contato:<\/b> Ana Elisa Tozetto Piekarski e Mauro Miazaki (e2pc@unicentro.br)<br \/>\n<b>Resolu\u00e7\u00e3o de aprova\u00e7\u00e3o do projeto:<\/b> <a href=\"https:\/\/sgu.unicentro.br\/pcatooficiais\/imprimir\/FC0ADD8C\" target=\"_blank\" rel=\"noopener noreferrer\">Arquivo<\/a><\/p>\n<p>&nbsp;<\/p>\n<p><b>Treinamento em L\u00f3gica e Programa\u00e7\u00e3o de Computadores no Ensino T\u00e9cnico &#8211; 5 \u00aa Edi\u00e7\u00e3o (2021 &#8211; 2022)<\/b><br \/>\n<b>Descri\u00e7\u00e3o:<\/b> O objetivo geral deste projeto \u00e9 melhorar as habilidades em l\u00f3gica e programa\u00e7\u00e3o de computadores dos participantes.<br \/>\n<b>Contato:<\/b> Ana Elisa Tozetto Piekarski e Mauro Miazaki (e2pc@unicentro.br)<br \/>\n<b>Resolu\u00e7\u00e3o de aprova\u00e7\u00e3o do projeto:<\/b> <a href=\"https:\/\/sgu.unicentro.br\/pcatooficiais\/imprimir\/05D458B4\" target=\"_blank\" rel=\"noopener noreferrer\">Arquivo<\/a><\/p>\n<p>&nbsp;<\/p>\n<p><b>E-Lixo: Lixo Eletr\u00f4nico de Inform\u00e1tica<\/b><br \/>\n<b>Descri\u00e7\u00e3o:<\/b> O projeto visa estimular a reciclagem do lixo eletr\u00f4nico, bem como conscientizar a comunidade sobre o descarte correto deste tipo de lixo. Projetos relacionados: <a href=\"https:\/\/sgu.unicentro.br\/pcatooficiais\/imprimir\/78DABAA9\" target=\"_blank\" rel=\"noopener noreferrer\">REUSE\/RECICLE: Lixo Eletr\u00f4nico de Inform\u00e1tica &#8211; 2\u00b0 fase<\/a> e <a href=\"https:\/\/sgu.unicentro.br\/pcatooficiais\/imprimir\/9ACC6706\" target=\"_blank\" rel=\"noopener noreferrer\">E-Museu de Inform\u00e1tica &#8211; 1\u00b0 fase<\/a>.<br \/>\n<b>Cartilha:<\/b> <a href=\"https:\/\/www3.unicentro.br\/decomp\/wp-content\/uploads\/sites\/77\/2021\/09\/CartilhaLixoEletronico.pdf\" target=\"_blank\" rel=\"noopener noreferrer\">Arquivo<\/a>.<br \/>\n<b>Contato:<\/b> Angelita (amdre65@yahoo.com.br)<br \/>\n<b>Resolu\u00e7\u00e3o de aprova\u00e7\u00e3o do projeto:<\/b> <a href=\"https:\/\/sgu.unicentro.br\/pcatooficiais\/imprimir\/7F930E45\" target=\"_blank\" rel=\"noopener noreferrer\">Arquivo<\/a><\/p>\n<p>&nbsp;<\/p>\n<p><b>Ikigai &#8211; Maximizando a Experi\u00eancia e Viv\u00eancia Acad\u00eamica<\/b><br \/>\n<b>Descri\u00e7\u00e3o:<\/b> O projeto tem por objetivo promover o aprimoramento das habilidades t\u00e9cnicas, acad\u00eamicas e pessoais dos participantes com o intuito de maximizar o potencial dos alunos atrav\u00e9s da expans\u00e3o dos conhecimentos da base curricular e da intera\u00e7\u00e3o com profissionais do mercado de trabalho e de outras \u00e1reas do conhecimento.<br \/>\n<b>Contato:<\/b> Richard (richard@unicentro.br) e Josiel (josiel@unicentro.br)<br \/>\n<b>Resolu\u00e7\u00e3o de aprova\u00e7\u00e3o do projeto: <\/b> <a href=\"https:\/\/sgu.unicentro.br\/pcatooficiais\/imprimir\/7A21D954\" target=\"_blank\" rel=\"noopener noreferrer\">Arquivo<\/a><\/p>\n<p>&nbsp;<\/p>\n<p><b>F\u00e1brica de Software: Servidor FabSoft<\/b><br \/>\n<b>Descri\u00e7\u00e3o:<\/b> Este projeto extensionista visa a cria\u00e7\u00e3o de um a estrutura de servidor para abrigar os projetos vinculados ao Programa &#8220;F\u00e1brica de Software&#8221; do Departamento de Ci\u00eancia da Computa\u00e7\u00e3o da Unicentro.<br \/>\n<b>Contato:<\/b> Marcos Quinaia<br \/>\n<b>Resolu\u00e7\u00e3o de aprova\u00e7\u00e3o do projeto: <\/b> <a href=\"https:\/\/sgu.unicentro.br\/pcatooficiais\/imprimir\/96BEED79\" target=\"_blank\" rel=\"noopener noreferrer\">Arquivo<\/a><\/p>\n","protected":false},"excerpt":{"rendered":"<p>Ensino de Inform\u00e1tica para a Terceira Idade Descri\u00e7\u00e3o: O objetivo deste projeto \u00e9 a inclus\u00e3o digital aos participantes da Universidade Aberta Terceira Idade. Contato: Resolu\u00e7\u00e3o de aprova\u00e7\u00e3o do projeto: Arquivo &nbsp; Ensino Extracurricular de Programa\u00e7\u00e3o de Computadores e Difus\u00e3o de TICs &#8211; 2\u00aa Edi\u00e7\u00e3o Descri\u00e7\u00e3o: O projeto visa oferecer oportunidades extracurriculares de treinamento em Programa\u00e7\u00e3o [&hellip;]<\/p>\n","protected":false},"author":3,"featured_media":0,"parent":0,"menu_order":0,"comment_status":"closed","ping_status":"closed","template":"","meta":{"_exactmetrics_skip_tracking":false,"_exactmetrics_sitenote_active":false,"_exactmetrics_sitenote_note":"","_exactmetrics_sitenote_category":0,"footnotes":"","_links_to":"","_links_to_target":""},"class_list":["post-33","page","type-page","status-publish","hentry"],"_links":{"self":[{"href":"https:\/\/www3.unicentro.br\/decomp\/wp-json\/wp\/v2\/pages\/33","targetHints":{"allow":["GET"]}}],"collection":[{"href":"https:\/\/www3.unicentro.br\/decomp\/wp-json\/wp\/v2\/pages"}],"about":[{"href":"https:\/\/www3.unicentro.br\/decomp\/wp-json\/wp\/v2\/types\/page"}],"author":[{"embeddable":true,"href":"https:\/\/www3.unicentro.br\/decomp\/wp-json\/wp\/v2\/users\/3"}],"replies":[{"embeddable":true,"href":"https:\/\/www3.unicentro.br\/decomp\/wp-json\/wp\/v2\/comments?post=33"}],"version-history":[{"count":1,"href":"https:\/\/www3.unicentro.br\/decomp\/wp-json\/wp\/v2\/pages\/33\/revisions"}],"predecessor-version":[{"id":408,"href":"https:\/\/www3.unicentro.br\/decomp\/wp-json\/wp\/v2\/pages\/33\/revisions\/408"}],"wp:attachment":[{"href":"https:\/\/www3.unicentro.br\/decomp\/wp-json\/wp\/v2\/media?parent=33"}],"curies":[{"name":"wp","href":"https:\/\/api.w.org\/{rel}","templated":true}]}}