{"id":32,"date":"2013-08-23T00:00:00","date_gmt":"2013-08-23T03:00:00","guid":{"rendered":"https:\/\/www3.unicentro.br\/decomp\/grupos-de-pesquisa\/"},"modified":"2023-04-04T14:56:41","modified_gmt":"2023-04-04T17:56:41","slug":"grupos-de-pesquisa","status":"publish","type":"page","link":"https:\/\/www3.unicentro.br\/decomp\/grupos-de-pesquisa\/","title":{"rendered":"Grupos de Pesquisa"},"content":{"rendered":"<div class=\"wpb-content-wrapper\"><p>[vc_row][vc_column width=&#8221;1\/2&#8243;][vc_column_text]<\/p>\n<p style=\"text-align: justify\"><img decoding=\"async\" src=\"https:\/\/www2.unicentro.br\/decomp\/files\/2016\/05\/companat-254x300.png\" alt=\"companat\" \/><\/p>\n<p style=\"text-align: justify\">Descri\u00e7\u00e3o: os pesquisadores deste grupo estudam t\u00e9cnicas de intelig\u00eancia artificial na abordagem de diferentes problemas do mundo real. Dentre as t\u00e9cnicas destacam-se os algoritmos evolucion\u00e1rios, hiper-heur\u00edsticas e t\u00e9cnicas de aprendizado de m\u00e1quina. Alguns problemas tratados s\u00e3o os de otimiza\u00e7\u00e3o, como o despacho econ\u00f4mico de energia el\u00e9trica, o flowshop de permuta\u00e7\u00e3o, o quadr\u00e1tico de aloca\u00e7\u00e3o, assim como problemas de classifica\u00e7\u00e3o e regress\u00e3o de dados.<\/p>\n<p style=\"text-align: justify\">Contato: Carolina Paula de Almeida (carol@unicentro.br) e Sandra Mara Guse Sc\u00f3s Venske (ssvenske@unicentro.br)<\/p>\n<p style=\"text-align: justify\"><a href=\"http:\/\/dgp.cnpq.br\/dgp\/espelhogrupo\/6451070001521790\">Link espelho CNPQ<\/a><\/p>\n<p>[\/vc_column_text][\/vc_column][vc_column width=&#8221;1\/2&#8243;][vc_column_text]<\/p>\n<h3 style=\"text-align: justify\">Intelig\u00eancia Computacional e Pesquisa Operacional<\/h3>\n<p style=\"text-align: justify\">Descri\u00e7\u00e3o: o grupo realiza pesquisa cient\u00edfica e tecnol\u00f3gica, te\u00f3rica e aplicada, em Intelig\u00eancia Artificial, Bioinform\u00e1tica, Algoritmos Heur\u00edsticos, Metaheur\u00edsticas, Sistemas Embarcados, Processamento Digital de Imagens, Pesquisa Operacional, Programa\u00e7\u00e3o Matem\u00e1tica Fuzzy, M\u00e9todos Num\u00e9ricos e Otimiza\u00e7\u00e3o.<\/p>\n<p style=\"text-align: justify\">Contato: Mauro Miazaki (maurom@unicentro.br) e F\u00e1bio Hernandes (hernandes@unicentro.br)<\/p>\n<p style=\"text-align: justify\"><a href=\"http:\/\/dgp.cnpq.br\/dgp\/espelhogrupo\/2363550474875647\">Link espelho CNPQ<\/a><\/p>\n<p>[\/vc_column_text][\/vc_column][\/vc_row][vc_row][vc_column width=&#8221;1\/2&#8243;][vc_column_text]<\/p>\n<h3 style=\"text-align: justify\"><\/h3>\n<p style=\"text-align: justify\"><img loading=\"lazy\" decoding=\"async\" class=\"alignnone wp-image-269\" src=\"https:\/\/www3.unicentro.br\/decomp\/wp-content\/uploads\/sites\/77\/2021\/10\/WhatsApp-Image-2021-10-20-at-11.57.09-300x269.jpeg\" alt=\"\" width=\"326\" height=\"292\" srcset=\"https:\/\/www3.unicentro.br\/decomp\/wp-content\/uploads\/sites\/77\/2021\/10\/WhatsApp-Image-2021-10-20-at-11.57.09-300x269.jpeg 300w, https:\/\/www3.unicentro.br\/decomp\/wp-content\/uploads\/sites\/77\/2021\/10\/WhatsApp-Image-2021-10-20-at-11.57.09-1024x918.jpeg 1024w, https:\/\/www3.unicentro.br\/decomp\/wp-content\/uploads\/sites\/77\/2021\/10\/WhatsApp-Image-2021-10-20-at-11.57.09-768x689.jpeg 768w, https:\/\/www3.unicentro.br\/decomp\/wp-content\/uploads\/sites\/77\/2021\/10\/WhatsApp-Image-2021-10-20-at-11.57.09-255x229.jpeg 255w, https:\/\/www3.unicentro.br\/decomp\/wp-content\/uploads\/sites\/77\/2021\/10\/WhatsApp-Image-2021-10-20-at-11.57.09.jpeg 1280w\" sizes=\"auto, (max-width: 326px) 100vw, 326px\" \/><\/p>\n<p style=\"text-align: justify\">Descri\u00e7\u00e3o: LASeD (Laborat\u00f3rio de Aplica\u00e7\u00f5es Sem\u00e2nticase Distribu\u00eddas) \u00e9 um grupo de pesquisa multidisciplinar do Departamento de Ci\u00eancia da Computa\u00e7\u00e3o da Universidade Estadual do Centro-Oeste (DECOMP\/UNICENTRO). Desde 2015, o grupo desenvolve suas pesquisas no dom\u00ednio da Web Sem\u00e2ntica, primordialmente, na organiza\u00e7\u00e3o e na representa\u00e7\u00e3o de informa\u00e7\u00e3o e conhecimento. Focamos os estudos em:<\/p>\n<ul style=\"text-align: justify\">\n<li>Pesquisar sobre sem\u00e2ntica aplicando tecnologias sem\u00e2nticas para melhorar os produtos existentes.<\/li>\n<li>Abordar novas tecnologias.<\/li>\n<li>Fomentar o conhecimento nas \u00e1reas cient\u00edfica e industrial.<br \/>\nE tecnologicamente:<\/li>\n<li>Projetar e desenvolver arquiteturas baseadas no conhecimento do dom\u00ednio.<\/li>\n<li>Melhorar das solu\u00e7\u00f5es existentes com uma abordagem colaborativa sem\u00e2ntica.<\/li>\n<li>Oferecer novas solu\u00e7\u00f5es combinando vocabul\u00e1rios RDF e publicando dados.<\/li>\n<li>Implementar de m\u00e9todos para explorar o conhecimento de dom\u00ednio e a Web de dados.<\/li>\n<li>Estar ciente dos resultados sem\u00e2nticos das tecnologias web de RDF, OWL, SKOS, entre outras.<\/li>\n<\/ul>\n<p style=\"text-align: justify\">Contato: Gisane Aparecida Michelon (gisane@unicentro.br) e Josiane Michalak Hauagge Dall Agnol (jhauagge@unicentro.br)<\/p>\n<p style=\"text-align: justify\"><a href=\"http:\/\/dgp.cnpq.br\/dgp\/espelhogrupo\/6068628639458564\">Link espelho CNPQ<\/a><\/p>\n<p>[\/vc_column_text][\/vc_column][vc_column width=&#8221;1\/2&#8243;][vc_column_text]<\/p>\n<h3 style=\"text-align: justify\">Tecnologia de Informa\u00e7\u00e3o<\/h3>\n<p style=\"text-align: justify\">Descri\u00e7\u00e3o: O grupo de Tecnologia de Informa\u00e7\u00e3o, do Departamento de Ci\u00eancia da Computa\u00e7\u00e3o da Unicentro, tem participado tanto em projetos de pesquisa como projetos de extens\u00e3o, com foco no desenvolvimento de software.<\/p>\n<p style=\"text-align: justify\">Contato: Marcos Antonio Quin\u00e1ia (quinaia@unicentro.br) e Luc\u00e9lia de Souza (lucelia@unicentro.br)<\/p>\n<p style=\"text-align: justify\"><a href=\"http:\/\/dgp.cnpq.br\/dgp\/espelhogrupo\/2823946757421965\">Link espelho CNPQ<\/a><\/p>\n<p>[\/vc_column_text][\/vc_column][\/vc_row]<\/p>\n<\/div>","protected":false},"excerpt":{"rendered":"<p>[vc_row][vc_column width=&#8221;1\/2&#8243;][vc_column_text] Descri\u00e7\u00e3o: os pesquisadores deste grupo estudam t\u00e9cnicas de intelig\u00eancia artificial na abordagem de diferentes problemas do mundo real. Dentre as t\u00e9cnicas destacam-se os algoritmos evolucion\u00e1rios, hiper-heur\u00edsticas e t\u00e9cnicas de aprendizado de m\u00e1quina. Alguns problemas tratados s\u00e3o os de otimiza\u00e7\u00e3o, como o despacho econ\u00f4mico de energia el\u00e9trica, o flowshop de permuta\u00e7\u00e3o, o quadr\u00e1tico de [&hellip;]<\/p>\n","protected":false},"author":3,"featured_media":0,"parent":0,"menu_order":0,"comment_status":"closed","ping_status":"closed","template":"","meta":{"_exactmetrics_skip_tracking":false,"_exactmetrics_sitenote_active":false,"_exactmetrics_sitenote_note":"","_exactmetrics_sitenote_category":0,"footnotes":"","_links_to":"","_links_to_target":""},"class_list":["post-32","page","type-page","status-publish","hentry"],"_links":{"self":[{"href":"https:\/\/www3.unicentro.br\/decomp\/wp-json\/wp\/v2\/pages\/32","targetHints":{"allow":["GET"]}}],"collection":[{"href":"https:\/\/www3.unicentro.br\/decomp\/wp-json\/wp\/v2\/pages"}],"about":[{"href":"https:\/\/www3.unicentro.br\/decomp\/wp-json\/wp\/v2\/types\/page"}],"author":[{"embeddable":true,"href":"https:\/\/www3.unicentro.br\/decomp\/wp-json\/wp\/v2\/users\/3"}],"replies":[{"embeddable":true,"href":"https:\/\/www3.unicentro.br\/decomp\/wp-json\/wp\/v2\/comments?post=32"}],"version-history":[{"count":0,"href":"https:\/\/www3.unicentro.br\/decomp\/wp-json\/wp\/v2\/pages\/32\/revisions"}],"wp:attachment":[{"href":"https:\/\/www3.unicentro.br\/decomp\/wp-json\/wp\/v2\/media?parent=32"}],"curies":[{"name":"wp","href":"https:\/\/api.w.org\/{rel}","templated":true}]}}