{"id":256,"date":"2021-10-05T18:37:45","date_gmt":"2021-10-05T21:37:45","guid":{"rendered":"https:\/\/www3.unicentro.br\/decomp\/?page_id=256"},"modified":"2021-10-05T18:41:55","modified_gmt":"2021-10-05T21:41:55","slug":"video-recepcao-calouros-decomp","status":"publish","type":"page","link":"https:\/\/www3.unicentro.br\/decomp\/video-recepcao-calouros-decomp\/","title":{"rendered":"V\u00eddeo Recep\u00e7\u00e3o Calouros 2021"},"content":{"rendered":"<p><iframe loading=\"lazy\" title=\"RecepcaoCalouros2021\" width=\"900\" height=\"506\" src=\"https:\/\/www.youtube.com\/embed\/YGa1ONqxnJU?feature=oembed\" frameborder=\"0\" allow=\"accelerometer; autoplay; clipboard-write; encrypted-media; gyroscope; picture-in-picture\" allowfullscreen><\/iframe><\/p>\n","protected":false},"excerpt":{"rendered":"","protected":false},"author":403,"featured_media":0,"parent":0,"menu_order":0,"comment_status":"closed","ping_status":"closed","template":"","meta":{"_exactmetrics_skip_tracking":false,"_exactmetrics_sitenote_active":false,"_exactmetrics_sitenote_note":"","_exactmetrics_sitenote_category":0,"footnotes":"","_links_to":"","_links_to_target":""},"class_list":["post-256","page","type-page","status-publish","hentry"],"_links":{"self":[{"href":"https:\/\/www3.unicentro.br\/decomp\/wp-json\/wp\/v2\/pages\/256","targetHints":{"allow":["GET"]}}],"collection":[{"href":"https:\/\/www3.unicentro.br\/decomp\/wp-json\/wp\/v2\/pages"}],"about":[{"href":"https:\/\/www3.unicentro.br\/decomp\/wp-json\/wp\/v2\/types\/page"}],"author":[{"embeddable":true,"href":"https:\/\/www3.unicentro.br\/decomp\/wp-json\/wp\/v2\/users\/403"}],"replies":[{"embeddable":true,"href":"https:\/\/www3.unicentro.br\/decomp\/wp-json\/wp\/v2\/comments?post=256"}],"version-history":[{"count":0,"href":"https:\/\/www3.unicentro.br\/decomp\/wp-json\/wp\/v2\/pages\/256\/revisions"}],"wp:attachment":[{"href":"https:\/\/www3.unicentro.br\/decomp\/wp-json\/wp\/v2\/media?parent=256"}],"curies":[{"name":"wp","href":"https:\/\/api.w.org\/{rel}","templated":true}]}}