{"id":156,"date":"2021-09-22T13:08:19","date_gmt":"2021-09-22T16:08:19","guid":{"rendered":"https:\/\/www3.unicentro.br\/decomp\/?page_id=156"},"modified":"2025-08-11T15:52:52","modified_gmt":"2025-08-11T18:52:52","slug":"regulamentos","status":"publish","type":"page","link":"https:\/\/www3.unicentro.br\/decomp\/regulamentos\/","title":{"rendered":"Regulamentos"},"content":{"rendered":"<div class=\"wpb-content-wrapper\"><p>[vc_row][vc_column][vc_column_text css=&#8221;&#8221;]<\/p>\n<h4><span style=\"font-size: 14pt\"><strong>Curso Superior de Tecnologia em Big Data no Agroneg\u00f3cio &#8211; <\/strong><\/span><strong style=\"font-size: 14pt\">Curr\u00edculo 2023:<\/strong><\/h4>\n<ul>\n<li><span style=\"font-size: 14pt\">Regulamento de Atividades Complementares: (<a href=\"https:\/\/sgu.unicentro.br\/pcatooficiais\/imprimir\/778DB322\">Link para download<\/a>)<\/span><\/li>\n<li><span style=\"font-size: 14pt\">Regulamento de Est\u00e1gio Supervisionado: (<a href=\"https:\/\/sgu.unicentro.br\/pcatooficiais\/imprimir\/BA2E21B4\">Link para download<\/a>)<\/span><\/li>\n<li><span style=\"font-size: 14pt\">Regulamento e Modelos de Curriculariza\u00e7\u00e3o da Extens\u00e3o: (<a href=\"https:\/\/www3.unicentro.br\/decomp\/curricularizacao-da-extensao\/\">Link para download<\/a>)<\/span><\/li>\n<li><span style=\"font-size: 14pt\">Matrizes, Ementas e Projeto Pedag\u00f3gico (<a href=\"https:\/\/www3.unicentro.br\/proen\/cursos\/matrizes-curriculares\/#1683902864459-d7945adc-25b2\">Link<\/a>)<\/span><\/li>\n<\/ul>\n<h4><span style=\"font-size: 14pt\"><strong>Curso de Bacharelado em Ci\u00eancia da Computa\u00e7\u00e3o &#8211; <\/strong><\/span><strong style=\"font-size: 14pt\">Curr\u00edculo 2022:<\/strong><\/h4>\n<ul>\n<li><span style=\"font-size: 14pt\">Regulamento de Atividades Complementares: (<a href=\"https:\/\/sgu.unicentro.br\/pcatooficiais\/imprimir\/77EF2FFE\">Link para download<\/a>)<\/span><\/li>\n<li><span style=\"font-size: 14pt\">Regulamento de Est\u00e1gio Supervisionado: (<a href=\"https:\/\/sgu.unicentro.br\/pcatooficiais\/imprimir\/55B6250F\">Link para download<\/a>)<\/span><\/li>\n<li><span style=\"font-size: 14pt\">Regulamento de Trabalho de Conclus\u00e3o de Curso: (<a href=\"https:\/\/sgu.unicentro.br\/pcatooficiais\/imprimir\/65424BF1\">Link para download<\/a>)<\/span><\/li>\n<li><span style=\"font-size: 14pt\">Regulamento e Modelos de Curriculariza\u00e7\u00e3o da Extens\u00e3o: (<a href=\"https:\/\/www3.unicentro.br\/decomp\/curricularizacao-da-extensao\/\">Link para download<\/a>)<\/span><\/li>\n<li><span style=\"font-size: 14pt\">Matrizes, Ementas e Projeto Pedag\u00f3gico (<a href=\"https:\/\/www3.unicentro.br\/proen\/cursos\/matrizes-curriculares\/#1536004395342-f72480fd-4a75\">Link<\/a>)<\/span><\/li>\n<\/ul>\n<h4><span style=\"font-size: 14pt\"><strong>Curso de Bacharelado em Ci\u00eancia da Computa\u00e7\u00e3o &#8211; Curr\u00edculo 2010:<\/strong><\/span><\/h4>\n<ul>\n<li><span style=\"font-size: 14pt\">Regulamento de Atividades Complementares: (<a href=\"https:\/\/sgu.unicentro.br\/pcatooficiais\/imprimir\/83F9FA92\">Link para download<\/a>)<\/span><\/li>\n<li><span style=\"font-size: 14pt\">Regulamento de Est\u00e1gio Supervisionado: (<a href=\"https:\/\/sgu.unicentro.br\/pcatooficiais\/imprimir\/AB688496\">Link para download<\/a>)<\/span><\/li>\n<li><span style=\"font-size: 14pt\">Regulamento de Trabalho de Conclus\u00e3o de Curso: (<a href=\"https:\/\/sgu.unicentro.br\/pcatooficiais\/imprimir\/48FFEAEE\">Link para download)<\/a><\/span><\/li>\n<\/ul>\n<h4><span style=\"font-size: 14pt\"><strong>Regulamento das Normas Acad\u00eamicas para os Cursos de Gradua\u00e7\u00e3o Presenciais:<\/strong><\/span><\/h4>\n<ul>\n<li><span style=\"font-size: 14pt\">Regulamento (<a href=\"https:\/\/sgu.unicentro.br\/pcatooficiais\/imprimir\/0EF9D498\">Link para download<\/a>)<\/span><\/li>\n<\/ul>\n<p>[\/vc_column_text][\/vc_column][\/vc_row]<\/p>\n<\/div>","protected":false},"excerpt":{"rendered":"<p>[vc_row][vc_column][vc_column_text css=&#8221;&#8221;] Curso Superior de Tecnologia em Big Data no Agroneg\u00f3cio &#8211; Curr\u00edculo 2023: Regulamento de Atividades Complementares: (Link para download) Regulamento de Est\u00e1gio Supervisionado: (Link para download) Regulamento e Modelos de Curriculariza\u00e7\u00e3o da Extens\u00e3o: (Link para download) Matrizes, Ementas e Projeto Pedag\u00f3gico (Link) Curso de Bacharelado em Ci\u00eancia da Computa\u00e7\u00e3o &#8211; Curr\u00edculo 2022: Regulamento [&hellip;]<\/p>\n","protected":false},"author":414,"featured_media":0,"parent":0,"menu_order":0,"comment_status":"closed","ping_status":"closed","template":"","meta":{"_exactmetrics_skip_tracking":false,"_exactmetrics_sitenote_active":false,"_exactmetrics_sitenote_note":"","_exactmetrics_sitenote_category":0,"footnotes":"","_links_to":"","_links_to_target":""},"class_list":["post-156","page","type-page","status-publish","hentry"],"_links":{"self":[{"href":"https:\/\/www3.unicentro.br\/decomp\/wp-json\/wp\/v2\/pages\/156","targetHints":{"allow":["GET"]}}],"collection":[{"href":"https:\/\/www3.unicentro.br\/decomp\/wp-json\/wp\/v2\/pages"}],"about":[{"href":"https:\/\/www3.unicentro.br\/decomp\/wp-json\/wp\/v2\/types\/page"}],"author":[{"embeddable":true,"href":"https:\/\/www3.unicentro.br\/decomp\/wp-json\/wp\/v2\/users\/414"}],"replies":[{"embeddable":true,"href":"https:\/\/www3.unicentro.br\/decomp\/wp-json\/wp\/v2\/comments?post=156"}],"version-history":[{"count":3,"href":"https:\/\/www3.unicentro.br\/decomp\/wp-json\/wp\/v2\/pages\/156\/revisions"}],"predecessor-version":[{"id":477,"href":"https:\/\/www3.unicentro.br\/decomp\/wp-json\/wp\/v2\/pages\/156\/revisions\/477"}],"wp:attachment":[{"href":"https:\/\/www3.unicentro.br\/decomp\/wp-json\/wp\/v2\/media?parent=156"}],"curies":[{"name":"wp","href":"https:\/\/api.w.org\/{rel}","templated":true}]}}