{"id":25,"date":"2020-11-24T14:10:12","date_gmt":"2020-11-24T17:10:12","guid":{"rendered":"https:\/\/www3.unicentro.br\/decici\/estagio-supervisionado\/"},"modified":"2022-11-18T20:11:47","modified_gmt":"2022-11-18T23:11:47","slug":"estagio-supervisionado","status":"publish","type":"page","link":"https:\/\/www3.unicentro.br\/decici\/graduacao\/estagio-supervisionado\/","title":{"rendered":"Est\u00e1gio Supervisionado"},"content":{"rendered":"<ul>\n<li><a href=\"https:\/\/www3.unicentro.br\/decici\/wp-content\/uploads\/sites\/106\/2021\/05\/Regulamento_estagio_Supervisionado_Res_09_conset_2018_1_60b025259ec4b.pdf\"><b>Resolu\u00e7\u00e3o n\u00ba 09 &#8211; CONSET\/SESA\/I\/UNICENTRO<\/b> &#8211; Aprova o Regulamento de Est\u00e1gio Curricular Supervisionado, do Curso de Gradua\u00e7\u00e3o em Ci\u00eancias Cont\u00e1beis<\/a><\/li>\n<\/ul>\n","protected":false},"excerpt":{"rendered":"<p>Resolu\u00e7\u00e3o n\u00ba 09 &#8211; CONSET\/SESA\/I\/UNICENTRO &#8211; Aprova o Regulamento de Est\u00e1gio Curricular Supervisionado, do Curso de Gradua\u00e7\u00e3o em Ci\u00eancias Cont\u00e1beis<\/p>\n","protected":false},"author":3,"featured_media":0,"parent":212,"menu_order":0,"comment_status":"closed","ping_status":"closed","template":"","meta":{"_exactmetrics_skip_tracking":false,"_exactmetrics_sitenote_active":false,"_exactmetrics_sitenote_note":"","_exactmetrics_sitenote_category":0,"footnotes":"","_links_to":"","_links_to_target":""},"class_list":["post-25","page","type-page","status-publish","hentry"],"_links":{"self":[{"href":"https:\/\/www3.unicentro.br\/decici\/wp-json\/wp\/v2\/pages\/25","targetHints":{"allow":["GET"]}}],"collection":[{"href":"https:\/\/www3.unicentro.br\/decici\/wp-json\/wp\/v2\/pages"}],"about":[{"href":"https:\/\/www3.unicentro.br\/decici\/wp-json\/wp\/v2\/types\/page"}],"author":[{"embeddable":true,"href":"https:\/\/www3.unicentro.br\/decici\/wp-json\/wp\/v2\/users\/3"}],"replies":[{"embeddable":true,"href":"https:\/\/www3.unicentro.br\/decici\/wp-json\/wp\/v2\/comments?post=25"}],"version-history":[{"count":0,"href":"https:\/\/www3.unicentro.br\/decici\/wp-json\/wp\/v2\/pages\/25\/revisions"}],"up":[{"embeddable":true,"href":"https:\/\/www3.unicentro.br\/decici\/wp-json\/wp\/v2\/pages\/212"}],"wp:attachment":[{"href":"https:\/\/www3.unicentro.br\/decici\/wp-json\/wp\/v2\/media?parent=25"}],"curies":[{"name":"wp","href":"https:\/\/api.w.org\/{rel}","templated":true}]}}