{"id":244,"date":"2022-11-18T21:28:03","date_gmt":"2022-11-19T00:28:03","guid":{"rendered":"https:\/\/www3.unicentro.br\/decici\/?page_id=244"},"modified":"2022-12-01T20:44:09","modified_gmt":"2022-12-01T23:44:09","slug":"projetos-de-extensao","status":"publish","type":"page","link":"https:\/\/www3.unicentro.br\/decici\/projetos-de-extensao\/","title":{"rendered":"Projetos de Extens\u00e3o"},"content":{"rendered":"<table>\n<tr>\n<td><b>Projeto de Extens\u00e3o<\/b><\/td>\n<td><b>Resumo<\/b><\/td>\n<td><b>Coordenador<\/b><\/td>\n<\/tr>\n<tr>\n<td>Laborat\u00f3rio de Assessoria e Consultoria Cont\u00e1bil &#8211; LACONT<\/td>\n<td>O objetivo do projeto de extens\u00e3o \u00e9 estabelecer a maneira como a assessoria e consultoria cont\u00e1bil pode auxiliar as micro e pequenas empresas no processo de gest\u00e3o<\/td>\n<td>Prof\u00ba Fl\u00e1vio Ribeiro<\/td>\n<\/tr>\n<tr>\n<td>M\u00e3os que incentivam: Uma a\u00e7\u00e3o para voc\u00ea participar!<\/td>\n<td>O objetivo geral do projeto \u00e9 contribuir para a compreens\u00e3o da pol\u00edtica p\u00fablica relacionada \u00e0 destina\u00e7\u00e3o de parte do Imposto de Renda devido, Pessoa F\u00edsica e\/ou Pessoa Jur\u00eddica, \u00e0s entidades vinculadas aos Fundos Municipais da Pessoa Idosa e aos Fundos Municipais para Crian\u00e7a e o Adolescente, nos munic\u00edpios de abrang\u00eancia da Associa\u00e7\u00e3o dos Munic\u00edpios Centro do Sul do Paran\u00e1 (AMCESPAR).<\/td>\n<td>Prof\u00ba Ana Lea Macohon Klosowski<\/td>\n<\/tr>\n<tr>\n<td>Sua solidariedade tamb\u00e9m contagia: promovendo o Desenvolvimento Sustent\u00e1vel<\/td>\n<td>O objetivo geral do projeto \u00e9 desenvolver e coordenar a\u00e7\u00f5es de voluntariado alinhadas com os Objetivos doDesenvolvimento Sustent\u00e1vel (ODS).<\/td>\n<td>Prof\u00ba Marin\u00eas Taffarel<\/td>\n<\/tr>\n<tr>\n<td>N\u00facleo Maria da Penha &#8211; NUMAPE<\/td>\n<td>O projeto de extens\u00e3o N\u00facleo Maria da Penha enquadra-se na \u00e1rea priorit\u00e1ria Sociedade, Educa\u00e7\u00e3o e Economia, que se prop\u00f5e a prestar atendimento psicojur\u00eddico no enfrentamento \u00e0 viol\u00eancia contra a mulher, bem como apoiar a atua\u00e7\u00e3o dos \u00f3rg\u00e3os e institui\u00e7\u00f5es que trabalham com a tem\u00e1tica da defesa dos direitos das mulheres e conten\u00e7\u00e3o da viol\u00eancia dom\u00e9stica, contribuindo para a divulga\u00e7\u00e3o e efetiva\u00e7\u00e3o da Lei Maria da Penha.<\/td>\n<td>Prof\u00ba Hermano Victor Faustino Camara<\/td>\n<\/tr>\n<\/table>\n","protected":false},"excerpt":{"rendered":"<p>Projeto de Extens\u00e3o Resumo Coordenador Laborat\u00f3rio de Assessoria e Consultoria Cont\u00e1bil &#8211; LACONT O objetivo do projeto de extens\u00e3o \u00e9 estabelecer a maneira como a assessoria e consultoria cont\u00e1bil pode auxiliar as micro e pequenas empresas no processo de gest\u00e3o Prof\u00ba Fl\u00e1vio Ribeiro M\u00e3os que incentivam: Uma a\u00e7\u00e3o para voc\u00ea participar! O objetivo geral do [&hellip;]<\/p>\n","protected":false},"author":584,"featured_media":0,"parent":0,"menu_order":0,"comment_status":"closed","ping_status":"closed","template":"","meta":{"_exactmetrics_skip_tracking":false,"_exactmetrics_sitenote_active":false,"_exactmetrics_sitenote_note":"","_exactmetrics_sitenote_category":0,"footnotes":"","_links_to":"","_links_to_target":""},"class_list":["post-244","page","type-page","status-publish","hentry"],"_links":{"self":[{"href":"https:\/\/www3.unicentro.br\/decici\/wp-json\/wp\/v2\/pages\/244","targetHints":{"allow":["GET"]}}],"collection":[{"href":"https:\/\/www3.unicentro.br\/decici\/wp-json\/wp\/v2\/pages"}],"about":[{"href":"https:\/\/www3.unicentro.br\/decici\/wp-json\/wp\/v2\/types\/page"}],"author":[{"embeddable":true,"href":"https:\/\/www3.unicentro.br\/decici\/wp-json\/wp\/v2\/users\/584"}],"replies":[{"embeddable":true,"href":"https:\/\/www3.unicentro.br\/decici\/wp-json\/wp\/v2\/comments?post=244"}],"version-history":[{"count":0,"href":"https:\/\/www3.unicentro.br\/decici\/wp-json\/wp\/v2\/pages\/244\/revisions"}],"wp:attachment":[{"href":"https:\/\/www3.unicentro.br\/decici\/wp-json\/wp\/v2\/media?parent=244"}],"curies":[{"name":"wp","href":"https:\/\/api.w.org\/{rel}","templated":true}]}}