{"id":241,"date":"2022-11-18T20:33:00","date_gmt":"2022-11-18T23:33:00","guid":{"rendered":"https:\/\/www3.unicentro.br\/decici\/?page_id=241"},"modified":"2022-11-18T20:33:00","modified_gmt":"2022-11-18T23:33:00","slug":"oportunidades-academicas","status":"publish","type":"page","link":"https:\/\/www3.unicentro.br\/decici\/oportunidades-academicas\/","title":{"rendered":"Oportunidades Acad\u00eamicas"},"content":{"rendered":"<ul>\n<li><a href=\"https:\/\/www3.unicentro.br\/empregabilidade\/\" target=\"new_blank\" rel=\"noopener\">Portal da Empregabilidade<\/a><\/li>\n<li><a href=\"https:\/\/www3.unicentro.br\/eri\/\" target=\"new_blank\" rel=\"noopener\">Escrit\u00f3rio de Rela\u00e7\u00f5es Internacionais<\/a><\/li>\n<\/ul>\n","protected":false},"excerpt":{"rendered":"<p>Portal da Empregabilidade Escrit\u00f3rio de Rela\u00e7\u00f5es Internacionais<\/p>\n","protected":false},"author":584,"featured_media":0,"parent":0,"menu_order":0,"comment_status":"closed","ping_status":"closed","template":"","meta":{"_exactmetrics_skip_tracking":false,"_exactmetrics_sitenote_active":false,"_exactmetrics_sitenote_note":"","_exactmetrics_sitenote_category":0,"footnotes":"","_links_to":"","_links_to_target":""},"class_list":["post-241","page","type-page","status-publish","hentry"],"_links":{"self":[{"href":"https:\/\/www3.unicentro.br\/decici\/wp-json\/wp\/v2\/pages\/241","targetHints":{"allow":["GET"]}}],"collection":[{"href":"https:\/\/www3.unicentro.br\/decici\/wp-json\/wp\/v2\/pages"}],"about":[{"href":"https:\/\/www3.unicentro.br\/decici\/wp-json\/wp\/v2\/types\/page"}],"author":[{"embeddable":true,"href":"https:\/\/www3.unicentro.br\/decici\/wp-json\/wp\/v2\/users\/584"}],"replies":[{"embeddable":true,"href":"https:\/\/www3.unicentro.br\/decici\/wp-json\/wp\/v2\/comments?post=241"}],"version-history":[{"count":0,"href":"https:\/\/www3.unicentro.br\/decici\/wp-json\/wp\/v2\/pages\/241\/revisions"}],"wp:attachment":[{"href":"https:\/\/www3.unicentro.br\/decici\/wp-json\/wp\/v2\/media?parent=241"}],"curies":[{"name":"wp","href":"https:\/\/api.w.org\/{rel}","templated":true}]}}