{"id":16,"date":"2020-11-24T12:03:41","date_gmt":"2020-11-24T15:03:41","guid":{"rendered":"https:\/\/www3.unicentro.br\/decici\/?page_id=16"},"modified":"2024-05-27T16:29:10","modified_gmt":"2024-05-27T19:29:10","slug":"inicial","status":"publish","type":"page","link":"https:\/\/www3.unicentro.br\/decici\/","title":{"rendered":"Inicial"},"content":{"rendered":"<div class=\"wpb-content-wrapper\"><p>[vc_row full_width=&#8221;stretch_row&#8221; u_row_style=&#8221;0&#8243; u_row_paralax=&#8221;0&#8243; u_row_scheme=&#8221;0&#8243; css=&#8221;.vc_custom_1716838128982{margin-top: -40px !important;margin-bottom: -40px !important;}&#8221;][vc_column]\n\t\t\t\t<p class=\"rs-p-wp-fix\"><\/p>\n\t\t\t\t<sr7-module data-alias=\"home\" data-id=\"1\" id=\"SR7_1_1\" data-version=\"6.7.51\">\n\t\t\t\t\t<sr7-adjuster><\/sr7-adjuster>\n\t\t\t\t\t<sr7-content>\n\t\t\t\t\t\t<sr7-slide id=\"SR7_1_1-1\" data-key=\"1\">\n\t\t\t\t\t\t\t<sr7-txt id=\"SR7_1_1-1-5\" class=\"sr7-layer\">*de acordo com o Conceito Preliminar de Curso (CPC) do MEC<\/sr7-txt>\n\t\t\t\t\t\t<\/sr7-slide>\n\t\t\t\t\t\t<sr7-slide id=\"SR7_1_1-4\" data-key=\"4\">\n\t\t\t\t\t\t<\/sr7-slide>\n\t\t\t\t\t\t<sr7-slide id=\"SR7_1_1-5\" data-key=\"5\">\n\t\t\t\t\t\t<\/sr7-slide>\n\t\t\t\t\t<\/sr7-content>\n\t\t\t\t<\/sr7-module>\n\t\t\t\t<script>\n\t\t\t\t\twindow.SR7 ??={};SR7.PMH ??={}; SR7.PMH[\"SR7_1_1\"] = {cn:100,state:false,fn: function() { if (window._tpt!==undefined && window._tpt.prepareModuleHeight !== undefined) {  _tpt.prepareModuleHeight({id:\"SR7_1_1\",el:[600],type:'standard',shdw:'0',gh:[600],gw:[1200],vpt:['-200px'],size:{fullWidth:false, fullHeight:false},mh:'0',onh:0,onw:0,bg:{color:'transparent'},plType:'0',plColor:'#ffffff'});   SR7.PMH[\"SR7_1_1\"].state=true;} else if(SR7.PMH[\"SR7_1_1\"].cn-->0)\tsetTimeout( SR7.PMH[\"SR7_1_1\"].fn,19);}};SR7.PMH[\"SR7_1_1\" ].fn();\n\t\t\t\t<\/script>\n[\/vc_column][\/vc_row][vc_row][vc_column][vc_column_text]<\/p>\n<p>&nbsp;<\/p>\n<p>[\/vc_column_text][\/vc_column][\/vc_row][vc_row u_row_style=&#8221;0&#8243; u_row_paralax=&#8221;0&#8243; u_row_scheme=&#8221;0&#8243; css=&#8221;.vc_custom_1606312351890{margin-top: -40px !important;margin-bottom: -40px !important;};&#8221;][vc_column][vc_column_text]<\/p>\n<p><strong>CURSO DE CI\u00caNCIAS CONT\u00c1BEIS IRATI E PRUDENT\u00d3POLIS<\/strong><\/p>\n<p>O curso de gradua\u00e7\u00e3o em Ci\u00eancias Cont\u00e1beis do Campus de Irati, UNICENTRO, obteve autoriza\u00e7\u00e3o de funcionamento pelo Decreto Federal n\u00ba 90.994 de 26\/02\/1985, e reconhecido pela Portaria n\u00ba 1.175 do Minist\u00e9rio da Educa\u00e7\u00e3o e do Desporto de 11\/05\/1994.<\/p>\n<p>Desde a sua constitui\u00e7\u00e3o \u00e9 ininterruptamente ofertado no Campus de Irati e, desde 1999 no Campus Avan\u00e7ado de Prudent\u00f3polis. A primeira turma do curso formou-se em 1989, atualmente o curso \u00e9 ofertado com prazo de conclus\u00e3o de 4 anos. Nesse per\u00edodo de 35 anos que o curso \u00e9 ofertado em Irati e 20 anos em Prudent\u00f3polis, 1235 profissionais conclu\u00edram o bacharelado e tem atuado nas mais diversas \u00e1reas, tanto da iniciativa privada, como do setor p\u00fablico. Atualmente, o curso conta com 295 acad\u00eamicos matriculados (ano de 2020), sendo 157 no Campus de Irati e 138 no Campus Avan\u00e7ado de Prudent\u00f3polis, distribu\u00eddos nas quatro s\u00e9ries que integram o curso.<\/p>\n<p><strong>OBJETIVOS DO CURSO<\/strong><\/p>\n<ol>\n<li>Formar indiv\u00edduos \u00e9ticos, com s\u00f3lidos conhecimentos te\u00f3rico-emp\u00edricos da ci\u00eancia cont\u00e1bil;<\/li>\n<li>Incentivar a pesquisa e a extens\u00e3o como indissoci\u00e1veis e interdependentes do ensino;<\/li>\n<li>Propiciar, de acordo com m\u00e9todos quantitativos e qualitativos, por meio de an\u00e1lises e avalia\u00e7\u00f5es reflexiva-cr\u00edticas, vis\u00e3o sist\u00eamica, estrat\u00e9gica, inter e multidisciplinar da ci\u00eancia cont\u00e1bil;<\/li>\n<li>Desenvolver habilidades profissionais empreendedoras, capazes de atender os anseios da sociedade, de forma sustent\u00e1vel ambientalmente, econ\u00f4mica e social.<\/li>\n<\/ol>\n<p>[\/vc_column_text][\/vc_column][\/vc_row]<\/p>\n<\/div>","protected":false},"excerpt":{"rendered":"<p>[vc_row full_width=&#8221;stretch_row&#8221; u_row_style=&#8221;0&#8243; u_row_paralax=&#8221;0&#8243; u_row_scheme=&#8221;0&#8243; css=&#8221;.vc_custom_1716838128982{margin-top: -40px !important;margin-bottom: -40px !important;}&#8221;][vc_column][\/vc_column][\/vc_row][vc_row][vc_column][vc_column_text] &nbsp; [\/vc_column_text][\/vc_column][\/vc_row][vc_row u_row_style=&#8221;0&#8243; u_row_paralax=&#8221;0&#8243; u_row_scheme=&#8221;0&#8243; css=&#8221;.vc_custom_1606312351890{margin-top: -40px !important;margin-bottom: -40px !important;};&#8221;][vc_column][vc_column_text] CURSO DE CI\u00caNCIAS CONT\u00c1BEIS IRATI E PRUDENT\u00d3POLIS O curso de gradua\u00e7\u00e3o em Ci\u00eancias Cont\u00e1beis do Campus de Irati, UNICENTRO, obteve autoriza\u00e7\u00e3o de funcionamento pelo Decreto Federal n\u00ba 90.994 de 26\/02\/1985, e reconhecido pela Portaria n\u00ba [&hellip;]<\/p>\n","protected":false},"author":3,"featured_media":0,"parent":0,"menu_order":0,"comment_status":"closed","ping_status":"closed","template":"page-templates\/front-page.php","meta":{"_exactmetrics_skip_tracking":false,"_exactmetrics_sitenote_active":false,"_exactmetrics_sitenote_note":"","_exactmetrics_sitenote_category":0,"footnotes":"","_links_to":"","_links_to_target":""},"class_list":["post-16","page","type-page","status-publish","hentry"],"_links":{"self":[{"href":"https:\/\/www3.unicentro.br\/decici\/wp-json\/wp\/v2\/pages\/16","targetHints":{"allow":["GET"]}}],"collection":[{"href":"https:\/\/www3.unicentro.br\/decici\/wp-json\/wp\/v2\/pages"}],"about":[{"href":"https:\/\/www3.unicentro.br\/decici\/wp-json\/wp\/v2\/types\/page"}],"author":[{"embeddable":true,"href":"https:\/\/www3.unicentro.br\/decici\/wp-json\/wp\/v2\/users\/3"}],"replies":[{"embeddable":true,"href":"https:\/\/www3.unicentro.br\/decici\/wp-json\/wp\/v2\/comments?post=16"}],"version-history":[{"count":2,"href":"https:\/\/www3.unicentro.br\/decici\/wp-json\/wp\/v2\/pages\/16\/revisions"}],"predecessor-version":[{"id":307,"href":"https:\/\/www3.unicentro.br\/decici\/wp-json\/wp\/v2\/pages\/16\/revisions\/307"}],"wp:attachment":[{"href":"https:\/\/www3.unicentro.br\/decici\/wp-json\/wp\/v2\/media?parent=16"}],"curies":[{"name":"wp","href":"https:\/\/api.w.org\/{rel}","templated":true}]}}