{"id":34,"date":"2014-03-22T14:30:00","date_gmt":"2014-03-22T17:30:00","guid":{"rendered":"https:\/\/www3.unicentro.br\/decicg\/agenda-de-reunioes\/"},"modified":"2022-03-21T14:56:32","modified_gmt":"2022-03-21T17:56:32","slug":"agenda-de-reunioes","status":"publish","type":"page","link":"https:\/\/www3.unicentro.br\/decicg\/agenda-de-reunioes\/","title":{"rendered":"Agenda de Reuni\u00f5es"},"content":{"rendered":"<p>As reuni\u00f5es do Conselho Departamental do Departamento de Ci\u00eancias Cont\u00e1beis (CONDEP\/DECIC\/G) s\u00e3o realizadas \u00e0s quartas-feiras, a partir das 14:00, mediante convoca\u00e7\u00e3o da Chefia do Departamento. Quando n\u00e3o existem assuntos a serem discutidos ou processos que demandam delibera\u00e7\u00e3o a reuni\u00e3o n\u00e3o \u00e9 convocada.<\/p>\n<p>&nbsp;<\/p>\n<p>As reuni\u00f5es do N\u00facleo Docente Estruturante do Departamento de Ci\u00eancias Cont\u00e1beis (NDE\/DECIC\/G) s\u00e3o realizadas mediante convoca\u00e7\u00e3o do Presidente do NDE.<\/p>\n","protected":false},"excerpt":{"rendered":"<p>As reuni\u00f5es do Conselho Departamental do Departamento de Ci\u00eancias Cont\u00e1beis (CONDEP\/DECIC\/G) s\u00e3o realizadas \u00e0s quartas-feiras, a partir das 14:00, mediante convoca\u00e7\u00e3o da Chefia do Departamento. Quando n\u00e3o existem assuntos a serem discutidos ou processos que demandam delibera\u00e7\u00e3o a reuni\u00e3o n\u00e3o \u00e9 convocada. &nbsp; As reuni\u00f5es do N\u00facleo Docente Estruturante do Departamento de Ci\u00eancias Cont\u00e1beis (NDE\/DECIC\/G) [&hellip;]<\/p>\n","protected":false},"author":3,"featured_media":0,"parent":0,"menu_order":0,"comment_status":"closed","ping_status":"open","template":"","meta":{"_exactmetrics_skip_tracking":false,"_exactmetrics_sitenote_active":false,"_exactmetrics_sitenote_note":"","_exactmetrics_sitenote_category":0,"footnotes":"","_links_to":"","_links_to_target":""},"class_list":["post-34","page","type-page","status-publish","hentry"],"_links":{"self":[{"href":"https:\/\/www3.unicentro.br\/decicg\/wp-json\/wp\/v2\/pages\/34","targetHints":{"allow":["GET"]}}],"collection":[{"href":"https:\/\/www3.unicentro.br\/decicg\/wp-json\/wp\/v2\/pages"}],"about":[{"href":"https:\/\/www3.unicentro.br\/decicg\/wp-json\/wp\/v2\/types\/page"}],"author":[{"embeddable":true,"href":"https:\/\/www3.unicentro.br\/decicg\/wp-json\/wp\/v2\/users\/3"}],"replies":[{"embeddable":true,"href":"https:\/\/www3.unicentro.br\/decicg\/wp-json\/wp\/v2\/comments?post=34"}],"version-history":[{"count":0,"href":"https:\/\/www3.unicentro.br\/decicg\/wp-json\/wp\/v2\/pages\/34\/revisions"}],"wp:attachment":[{"href":"https:\/\/www3.unicentro.br\/decicg\/wp-json\/wp\/v2\/media?parent=34"}],"curies":[{"name":"wp","href":"https:\/\/api.w.org\/{rel}","templated":true}]}}