{"id":32,"date":"2014-02-20T00:00:00","date_gmt":"2014-02-20T03:00:00","guid":{"rendered":"https:\/\/www3.unicentro.br\/decicg\/formularios\/"},"modified":"2026-03-16T10:06:54","modified_gmt":"2026-03-16T13:06:54","slug":"formularios","status":"publish","type":"page","link":"https:\/\/www3.unicentro.br\/decicg\/formularios\/","title":{"rendered":"Formul\u00e1rios"},"content":{"rendered":"<div class=\"wpb-content-wrapper\"><p>[vc_row][vc_column][vc_column_text css=&#8221;&#8221;]<span style=\"font-size: 14pt\"><a href=\"https:\/\/www3.unicentro.br\/decicg\/wp-content\/uploads\/sites\/70\/2026\/03\/Ficha_de_inscricao_Estagio_Pedagogico_Voluntario-2.pdf\">PROGRAMA DE EST\u00c1GIO PEDAG\u00d3GICO VOLUNT\u00c1RIO DA UNICENTRO<\/a><\/span><\/p>\n<p><a href=\"https:\/\/www3.unicentro.br\/decicg\/wp-content\/uploads\/sites\/70\/2026\/03\/Ficha_de_inscricao_Monitoria_Discente.pdf\"><span style=\"font-size: 14pt\">PROGRAMA DE MONITORIA DISCENTE DA UNICENTRO<\/span><\/a><\/p>\n<p><a href=\"https:\/\/www3.unicentro.br\/decicg\/wp-content\/uploads\/sites\/70\/2026\/03\/Ficha_de_inscricao_Tutoria_Discente-1.pdf\"><span style=\"font-size: 14pt\">PROGRAMA DE TUTORIA DISCENTE DA UNICENTRO <\/span><\/a>[\/vc_column_text][\/vc_column][\/vc_row]<\/p>\n<\/div>","protected":false},"excerpt":{"rendered":"<p>[vc_row][vc_column][vc_column_text css=&#8221;&#8221;]PROGRAMA DE EST\u00c1GIO PEDAG\u00d3GICO VOLUNT\u00c1RIO DA UNICENTRO PROGRAMA DE MONITORIA DISCENTE DA UNICENTRO PROGRAMA DE TUTORIA DISCENTE DA UNICENTRO [\/vc_column_text][\/vc_column][\/vc_row]<\/p>\n","protected":false},"author":3,"featured_media":0,"parent":0,"menu_order":0,"comment_status":"closed","ping_status":"open","template":"","meta":{"_exactmetrics_skip_tracking":false,"_exactmetrics_sitenote_active":false,"_exactmetrics_sitenote_note":"","_exactmetrics_sitenote_category":0,"footnotes":"","_links_to":"","_links_to_target":""},"class_list":["post-32","page","type-page","status-publish","hentry"],"_links":{"self":[{"href":"https:\/\/www3.unicentro.br\/decicg\/wp-json\/wp\/v2\/pages\/32","targetHints":{"allow":["GET"]}}],"collection":[{"href":"https:\/\/www3.unicentro.br\/decicg\/wp-json\/wp\/v2\/pages"}],"about":[{"href":"https:\/\/www3.unicentro.br\/decicg\/wp-json\/wp\/v2\/types\/page"}],"author":[{"embeddable":true,"href":"https:\/\/www3.unicentro.br\/decicg\/wp-json\/wp\/v2\/users\/3"}],"replies":[{"embeddable":true,"href":"https:\/\/www3.unicentro.br\/decicg\/wp-json\/wp\/v2\/comments?post=32"}],"version-history":[{"count":3,"href":"https:\/\/www3.unicentro.br\/decicg\/wp-json\/wp\/v2\/pages\/32\/revisions"}],"predecessor-version":[{"id":435,"href":"https:\/\/www3.unicentro.br\/decicg\/wp-json\/wp\/v2\/pages\/32\/revisions\/435"}],"wp:attachment":[{"href":"https:\/\/www3.unicentro.br\/decicg\/wp-json\/wp\/v2\/media?parent=32"}],"curies":[{"name":"wp","href":"https:\/\/api.w.org\/{rel}","templated":true}]}}