{"id":31,"date":"2024-12-19T15:00:00","date_gmt":"2024-12-19T18:00:00","guid":{"rendered":"https:\/\/www3.unicentro.br\/decicg\/reconhecimento-do-curso\/"},"modified":"2024-12-19T14:53:05","modified_gmt":"2024-12-19T17:53:05","slug":"reconhecimento-do-curso","status":"publish","type":"page","link":"https:\/\/www3.unicentro.br\/decicg\/reconhecimento-do-curso\/","title":{"rendered":"Legisla\u00e7\u00e3o Reguladora do Exerc\u00edcio Profissional"},"content":{"rendered":"<table style=\"width: 99.321%;height: 452px\" width=\"628\">\n<tbody>\n<tr style=\"height: 56px\">\n<td style=\"width: 27.1132%;height: 56px;text-align: center\" width=\"187\"><strong>Ato Legal\/\u00d3rg\u00e3o<\/strong><\/td>\n<td style=\"width: 14.9975%;height: 56px;text-align: center\" width=\"66\"><strong>N\u00famero<\/strong><\/td>\n<td style=\"width: 16.9077%;height: 56px;text-align: center\" width=\"94\"><strong>Data<\/strong><\/td>\n<td style=\"width: 92.8519%;height: 56px;text-align: center\" width=\"280\"><strong>Ementa<\/strong><\/td>\n<\/tr>\n<tr style=\"height: 69px\">\n<td style=\"width: 27.1132%;height: 69px\" width=\"187\">Decreto-Lei\/Presid\u00eancia da Rep\u00fablica<\/td>\n<td style=\"width: 14.9975%;height: 69px;text-align: center\" width=\"66\">9.295<\/td>\n<td style=\"width: 16.9077%;height: 69px;text-align: center\" width=\"94\">27\/05\/1946<\/td>\n<td style=\"width: 92.8519%;height: 69px\" width=\"280\"><em>Cria o Conselho Federal de Contabilidade, define as atribui\u00e7\u00f5es do Contador e do Guarda-livros, e d\u00e1 outras provid\u00eancias<\/em>.<\/td>\n<\/tr>\n<tr style=\"height: 87px\">\n<td style=\"width: 27.1132%;height: 87px\" width=\"187\">Resolu\u00e7\u00e3o\/CFC<\/td>\n<td style=\"width: 14.9975%;height: 87px;text-align: center\" width=\"66\">1.640<\/td>\n<td style=\"width: 16.9077%;height: 87px;text-align: center\" width=\"94\">18\/11\/2021<\/td>\n<td style=\"width: 92.8519%;height: 87px\" width=\"280\"><em>Disp\u00f5e sobre as prerrogativas profissionais de que trata o artigo 25 do Decreto-Lei N\u00ba 9.295, de 27 de maio de 1946<\/em><\/td>\n<\/tr>\n<tr style=\"height: 80px\">\n<td style=\"width: 27.1132%;height: 80px\" width=\"187\">Resolu\u00e7\u00e3o\/CFC<\/td>\n<td style=\"width: 14.9975%;height: 80px;text-align: center\" width=\"66\">1246<\/td>\n<td style=\"width: 16.9077%;height: 80px;text-align: center\" width=\"94\">27\/11\/2009<\/td>\n<td style=\"width: 92.8519%;height: 80px\" width=\"280\"><em>Disp\u00f5e sobre a participa\u00e7\u00e3o de estudantes em trabalhos auxiliares da profiss\u00e3o cont\u00e1bil.<\/em><\/td>\n<\/tr>\n<tr style=\"height: 80px\">\n<td style=\"width: 27.1132%;height: 80px\" width=\"187\">Resolu\u00e7\u00e3o\/CFC<\/td>\n<td style=\"width: 14.9975%;height: 80px;text-align: center\" width=\"66\">2019\/NBCPG01<\/td>\n<td style=\"width: 16.9077%;height: 80px;text-align: center\" width=\"94\">14\/02\/2019<\/td>\n<td style=\"width: 92.8519%;height: 80px\" width=\"280\"><em>Aprova a NBC PG 01 \u2013 C\u00f3digo de \u00c9tica Profissional do Contador<\/em><\/td>\n<\/tr>\n<tr style=\"height: 80px\">\n<td style=\"width: 27.1132%;height: 80px\" width=\"187\">Norma Brasileira de Contabilidade\/CFC<\/td>\n<td style=\"width: 14.9975%;height: 80px;text-align: center\" width=\"66\">NBC PA 12 (R3)<\/td>\n<td style=\"width: 16.9077%;height: 80px;text-align: center\" width=\"94\">07\/12\/2017<\/td>\n<td style=\"width: 92.8519%;height: 80px\" width=\"280\"><em>Disp\u00f5e sobre educa\u00e7\u00e3o profissional continuada.<\/em><\/td>\n<\/tr>\n<\/tbody>\n<\/table>\n","protected":false},"excerpt":{"rendered":"<p>Ato Legal\/\u00d3rg\u00e3o N\u00famero Data Ementa Decreto-Lei\/Presid\u00eancia da Rep\u00fablica 9.295 27\/05\/1946 Cria o Conselho Federal de Contabilidade, define as atribui\u00e7\u00f5es do Contador e do Guarda-livros, e d\u00e1 outras provid\u00eancias. Resolu\u00e7\u00e3o\/CFC 1.640 18\/11\/2021 Disp\u00f5e sobre as prerrogativas profissionais de que trata o artigo 25 do Decreto-Lei N\u00ba 9.295, de 27 de maio de 1946 Resolu\u00e7\u00e3o\/CFC 1246 27\/11\/2009 [&hellip;]<\/p>\n","protected":false},"author":3,"featured_media":0,"parent":0,"menu_order":0,"comment_status":"closed","ping_status":"open","template":"","meta":{"_exactmetrics_skip_tracking":false,"_exactmetrics_sitenote_active":false,"_exactmetrics_sitenote_note":"","_exactmetrics_sitenote_category":0,"footnotes":"","_links_to":"","_links_to_target":""},"class_list":["post-31","page","type-page","status-publish","hentry"],"_links":{"self":[{"href":"https:\/\/www3.unicentro.br\/decicg\/wp-json\/wp\/v2\/pages\/31","targetHints":{"allow":["GET"]}}],"collection":[{"href":"https:\/\/www3.unicentro.br\/decicg\/wp-json\/wp\/v2\/pages"}],"about":[{"href":"https:\/\/www3.unicentro.br\/decicg\/wp-json\/wp\/v2\/types\/page"}],"author":[{"embeddable":true,"href":"https:\/\/www3.unicentro.br\/decicg\/wp-json\/wp\/v2\/users\/3"}],"replies":[{"embeddable":true,"href":"https:\/\/www3.unicentro.br\/decicg\/wp-json\/wp\/v2\/comments?post=31"}],"version-history":[{"count":1,"href":"https:\/\/www3.unicentro.br\/decicg\/wp-json\/wp\/v2\/pages\/31\/revisions"}],"predecessor-version":[{"id":290,"href":"https:\/\/www3.unicentro.br\/decicg\/wp-json\/wp\/v2\/pages\/31\/revisions\/290"}],"wp:attachment":[{"href":"https:\/\/www3.unicentro.br\/decicg\/wp-json\/wp\/v2\/media?parent=31"}],"curies":[{"name":"wp","href":"https:\/\/api.w.org\/{rel}","templated":true}]}}