{"id":30,"date":"2022-03-28T17:50:00","date_gmt":"2022-03-28T20:50:00","guid":{"rendered":"https:\/\/www3.unicentro.br\/decicg\/decreto-de-autorizacao\/"},"modified":"2026-03-16T09:50:34","modified_gmt":"2026-03-16T12:50:34","slug":"decreto-de-autorizacao","status":"publish","type":"page","link":"https:\/\/www3.unicentro.br\/decicg\/decreto-de-autorizacao\/","title":{"rendered":"Atos Legais do Curso"},"content":{"rendered":"<div class=\"wpb-content-wrapper\"><p>[vc_row][vc_column][vc_column_text css=&#8221;&#8221;]<\/p>\n<p style=\"text-align: center\"><strong>CRIA\u00c7\u00c3O\/AUTORIZA\u00c7\u00c3O DO CURSO<\/strong><\/p>\n<p style=\"text-align: center\">Decreto de autoriza\u00e7\u00e3o do Governo do Estado do Paran\u00e1 N\u00ba 85.061\/1980 &#8211; Di\u00e1rio Oficial n\u00ba 162 de 25\/08\/1980<\/p>\n<p style=\"text-align: center\">(<a href=\"https:\/\/www3.unicentro.br\/decicg\/wp-content\/uploads\/sites\/70\/2022\/03\/Decreto-N-85061-1980.pdf\" target=\"_blank\" rel=\"noopener\"><span style=\"color: #0000ff\">Acesso ao documento<\/span><\/a>)<\/p>\n<p>&nbsp;<\/p>\n<p style=\"text-align: center\"><strong>RECONHECIMENTO DO CURSO<\/strong><\/p>\n<p style=\"text-align: center\">Portaria N\u00ba 328\/1984 do Minist\u00e9rio da Educa\u00e7\u00e3o (MEC) &#8211; Di\u00e1rio Oficial n\u00ba 162 de 27\/07\/1984<\/p>\n<p style=\"text-align: center\">(<a href=\"https:\/\/www3.unicentro.br\/decicg\/wp-content\/uploads\/sites\/70\/2022\/03\/Portaria-328.pdf\" target=\"_blank\" rel=\"noopener\"><span style=\"color: #0000ff\">Acesso ao documento<\/span><\/a>)<\/p>\n<p style=\"text-align: center\">Parecer N\u00ba 116\/1984 do Conselho Estadual de Educa\u00e7\u00e3o (CEE\/PR) de 09\/05\/1984<\/p>\n<p style=\"text-align: center\">(<span style=\"color: #0000ff\">Acesso ao documento n\u00e3o dispon\u00edvel<\/span>)<\/p>\n<p>&nbsp;<\/p>\n<p style=\"text-align: center\"><strong>RENOVA\u00c7\u00c3O DO RECONHECIMENTO DO CURSO &#8211; Vig\u00eancia de 16\/04\/2020 a 15\/04\/2024<\/strong><\/p>\n<p style=\"text-align: center\">Parecer N\u00ba 16\/2020 do Conselho Estadual de Educa\u00e7\u00e3o (CEE\/PR) de 19\/02\/2020 &#8211;<\/p>\n<p style=\"text-align: center\">(<a href=\"https:\/\/www3.unicentro.br\/decicg\/wp-content\/uploads\/sites\/70\/2022\/03\/Parecer-CEE-CES-N.o-16-20-19-02-20.pdf\" target=\"_blank\" rel=\"noopener\"><span style=\"color: #0000ff\">Acesso ao documento<\/span><\/a>)<\/p>\n<p style=\"text-align: center\">Portaria N\u00ba 38\/2020 da Superintend\u00eancia Geral de Ci\u00eancia, Tecnologia e Ensino Superior (SETI\/PR) de 02\/04\/2020<\/p>\n<p style=\"text-align: center\">(<a href=\"https:\/\/www3.unicentro.br\/decicg\/wp-content\/uploads\/sites\/70\/2022\/03\/Portaria-N.o-038-2020-SETI.pdf\" target=\"_blank\" rel=\"noopener\"><span style=\"color: #0000ff\">Acesso ao documento<\/span><\/a>)<\/p>\n<p>&nbsp;<\/p>\n<p style=\"text-align: center\"><strong>RENOVA\u00c7\u00c3O DO RECONHECIMENTO DO CURSO &#8211; Vig\u00eancia de 16\/04\/2024 a 15\/04\/2028<\/strong><\/p>\n<p style=\"text-align: center\">Parecer n\u00ba 01\/2024 do Conselho Estadual de Educa\u00e7\u00e3o (CEE\/PR) de 05\/02\/2024 &#8211;<\/p>\n<p style=\"text-align: center\">(<a href=\"https:\/\/www3.unicentro.br\/decicg\/wp-content\/uploads\/sites\/70\/2026\/03\/pa_ces_01_24-Ren.-Cont.-G.pdf\" target=\"_blank\" rel=\"noopener\"><span style=\"color: #0000ff\">Acesso ao documento<\/span><\/a>)<\/p>\n<p style=\"text-align: center\">Resolu\u00e7\u00e3o n\u00ba 39\/2024 da Superintend\u00eancia Geral de Ci\u00eancia, Tecnologia e Ensino Superior (SETI\/PR) de 01\/04\/2024<\/p>\n<p style=\"text-align: center\">(<a href=\"https:\/\/www3.unicentro.br\/decicg\/wp-content\/uploads\/sites\/70\/2026\/03\/Res.-39.24-Ren.-C.-Cont.-G.pdf\" target=\"_blank\" rel=\"noopener\"><span style=\"color: #0000ff\">Acesso ao documento<\/span><\/a>)<\/p>\n<p>[\/vc_column_text][\/vc_column][\/vc_row]<\/p>\n<\/div>","protected":false},"excerpt":{"rendered":"<p>[vc_row][vc_column][vc_column_text css=&#8221;&#8221;] CRIA\u00c7\u00c3O\/AUTORIZA\u00c7\u00c3O DO CURSO Decreto de autoriza\u00e7\u00e3o do Governo do Estado do Paran\u00e1 N\u00ba 85.061\/1980 &#8211; Di\u00e1rio Oficial n\u00ba 162 de 25\/08\/1980 (Acesso ao documento) &nbsp; RECONHECIMENTO DO CURSO Portaria N\u00ba 328\/1984 do Minist\u00e9rio da Educa\u00e7\u00e3o (MEC) &#8211; Di\u00e1rio Oficial n\u00ba 162 de 27\/07\/1984 (Acesso ao documento) Parecer N\u00ba 116\/1984 do Conselho Estadual de [&hellip;]<\/p>\n","protected":false},"author":3,"featured_media":0,"parent":0,"menu_order":0,"comment_status":"closed","ping_status":"open","template":"","meta":{"_exactmetrics_skip_tracking":false,"_exactmetrics_sitenote_active":false,"_exactmetrics_sitenote_note":"","_exactmetrics_sitenote_category":0,"footnotes":"","_links_to":"","_links_to_target":""},"class_list":["post-30","page","type-page","status-publish","hentry"],"_links":{"self":[{"href":"https:\/\/www3.unicentro.br\/decicg\/wp-json\/wp\/v2\/pages\/30","targetHints":{"allow":["GET"]}}],"collection":[{"href":"https:\/\/www3.unicentro.br\/decicg\/wp-json\/wp\/v2\/pages"}],"about":[{"href":"https:\/\/www3.unicentro.br\/decicg\/wp-json\/wp\/v2\/types\/page"}],"author":[{"embeddable":true,"href":"https:\/\/www3.unicentro.br\/decicg\/wp-json\/wp\/v2\/users\/3"}],"replies":[{"embeddable":true,"href":"https:\/\/www3.unicentro.br\/decicg\/wp-json\/wp\/v2\/comments?post=30"}],"version-history":[{"count":3,"href":"https:\/\/www3.unicentro.br\/decicg\/wp-json\/wp\/v2\/pages\/30\/revisions"}],"predecessor-version":[{"id":422,"href":"https:\/\/www3.unicentro.br\/decicg\/wp-json\/wp\/v2\/pages\/30\/revisions\/422"}],"wp:attachment":[{"href":"https:\/\/www3.unicentro.br\/decicg\/wp-json\/wp\/v2\/media?parent=30"}],"curies":[{"name":"wp","href":"https:\/\/api.w.org\/{rel}","templated":true}]}}