{"id":27,"date":"2022-03-22T10:15:00","date_gmt":"2022-03-22T13:15:00","guid":{"rendered":"https:\/\/www3.unicentro.br\/decicg\/horario-das-disciplinas\/"},"modified":"2026-03-09T15:34:27","modified_gmt":"2026-03-09T18:34:27","slug":"horario-das-disciplinas","status":"publish","type":"page","link":"https:\/\/www3.unicentro.br\/decicg\/horario-das-disciplinas\/","title":{"rendered":"Hor\u00e1rio das Disciplinas"},"content":{"rendered":"<div class=\"wpb-content-wrapper\"><p>[vc_row][vc_column][vc_column_text css=&#8221;&#8221;]<\/p>\n<p style=\"text-align: center\"><span style=\"font-size: 18pt\"><strong><span style=\"font-size: 14pt\">QUADRO DE HOR\u00c1RIOS 2026<\/span><\/strong><\/span><\/p>\n<table style=\"border-collapse: collapse;width: 91.6902%;height: 28px\">\n<tbody>\n<tr style=\"height: 28px\">\n<td style=\"width: 33.3333%;text-align: center;height: 28px\"><a href=\"https:\/\/www3.unicentro.br\/decicg\/wp-content\/uploads\/sites\/70\/2026\/03\/Manha-2.pdf\"><span style=\"color: #0000ff\"><span style=\"font-size: 18.6667px\">MANH\u00c3<\/span><\/span><\/a><\/td>\n<td style=\"width: 33.3333%;text-align: center;height: 28px\"><span style=\"font-size: 14pt;color: #0000ff\"><a style=\"color: #0000ff\" href=\"https:\/\/www3.unicentro.br\/decicg\/wp-content\/uploads\/sites\/70\/2026\/03\/ilovepdf_merged-3.pdf\" target=\"_blank\" rel=\"noopener\">NOITE<\/a><\/span><\/td>\n<td style=\"width: 91.3922%;text-align: center;height: 28px\"><span style=\"font-size: 14pt;color: #0000ff\"><a style=\"color: #0000ff\" href=\"https:\/\/www3.unicentro.br\/decicg\/wp-content\/uploads\/sites\/70\/2026\/03\/Pitanga_1o-Sem.pdf\" target=\"_blank\" rel=\"noopener\">PITANGA<\/a><\/span><\/td>\n<\/tr>\n<\/tbody>\n<\/table>\n<p>&nbsp;<\/p>\n<table style=\"border-collapse: collapse;width: 91.6902%;height: 27px\">\n<tbody>\n<tr>\n<td style=\"width: 168.422px;text-align: center\"><\/td>\n<td style=\"width: 168.422px;text-align: center\"><\/td>\n<td style=\"width: 168.453px;text-align: center\"><\/td>\n<\/tr>\n<\/tbody>\n<\/table>\n<table style=\"border-collapse: collapse;width: 91.6902%\">\n<tbody>\n<tr>\n<td style=\"width: 33.3333%;text-align: center\"><\/td>\n<td style=\"width: 33.3333%;text-align: center\"><\/td>\n<td style=\"width: 91.3922%;text-align: center\"><\/td>\n<\/tr>\n<\/tbody>\n<\/table>\n<p style=\"text-align: center\">Durante o per\u00edodo letivo podem ocorrer altera\u00e7\u00f5es dos Professores das disciplinas.<\/p>\n<p>[\/vc_column_text][\/vc_column][\/vc_row]<\/p>\n<\/div>","protected":false},"excerpt":{"rendered":"<p>[vc_row][vc_column][vc_column_text css=&#8221;&#8221;] QUADRO DE HOR\u00c1RIOS 2026 MANH\u00c3 NOITE PITANGA &nbsp; Durante o per\u00edodo letivo podem ocorrer altera\u00e7\u00f5es dos Professores das disciplinas. [\/vc_column_text][\/vc_column][\/vc_row]<\/p>\n","protected":false},"author":3,"featured_media":0,"parent":0,"menu_order":0,"comment_status":"closed","ping_status":"closed","template":"","meta":{"_exactmetrics_skip_tracking":false,"_exactmetrics_sitenote_active":false,"_exactmetrics_sitenote_note":"","_exactmetrics_sitenote_category":0,"footnotes":"","_links_to":"","_links_to_target":""},"class_list":["post-27","page","type-page","status-publish","hentry"],"_links":{"self":[{"href":"https:\/\/www3.unicentro.br\/decicg\/wp-json\/wp\/v2\/pages\/27","targetHints":{"allow":["GET"]}}],"collection":[{"href":"https:\/\/www3.unicentro.br\/decicg\/wp-json\/wp\/v2\/pages"}],"about":[{"href":"https:\/\/www3.unicentro.br\/decicg\/wp-json\/wp\/v2\/types\/page"}],"author":[{"embeddable":true,"href":"https:\/\/www3.unicentro.br\/decicg\/wp-json\/wp\/v2\/users\/3"}],"replies":[{"embeddable":true,"href":"https:\/\/www3.unicentro.br\/decicg\/wp-json\/wp\/v2\/comments?post=27"}],"version-history":[{"count":2,"href":"https:\/\/www3.unicentro.br\/decicg\/wp-json\/wp\/v2\/pages\/27\/revisions"}],"predecessor-version":[{"id":327,"href":"https:\/\/www3.unicentro.br\/decicg\/wp-json\/wp\/v2\/pages\/27\/revisions\/327"}],"wp:attachment":[{"href":"https:\/\/www3.unicentro.br\/decicg\/wp-json\/wp\/v2\/media?parent=27"}],"curies":[{"name":"wp","href":"https:\/\/api.w.org\/{rel}","templated":true}]}}