{"id":24,"date":"2022-03-21T10:00:00","date_gmt":"2022-03-21T13:00:00","guid":{"rendered":"https:\/\/www3.unicentro.br\/decicg\/descricao-do-curso\/"},"modified":"2026-03-16T09:13:04","modified_gmt":"2026-03-16T12:13:04","slug":"descricao-do-curso","status":"publish","type":"page","link":"https:\/\/www3.unicentro.br\/decicg\/inicial\/descricao-do-curso\/","title":{"rendered":"Descri\u00e7\u00e3o do Curso"},"content":{"rendered":"<div class=\"wpb-content-wrapper\"><p>[vc_row][vc_column][vc_column_text css=&#8221;&#8221;]<img loading=\"lazy\" decoding=\"async\" class=\"wp-image-109 size-medium alignleft\" src=\"https:\/\/www3.unicentro.br\/decicg\/wp-content\/uploads\/sites\/70\/2020\/03\/computa\u00e7\u00e3o-300x200.jpg\" alt=\"Ci\u00eancias Cont\u00e1beis\" width=\"300\" height=\"200\" srcset=\"https:\/\/www3.unicentro.br\/decicg\/wp-content\/uploads\/sites\/70\/2020\/03\/computa\u00e7\u00e3o-300x200.jpg 300w, https:\/\/www3.unicentro.br\/decicg\/wp-content\/uploads\/sites\/70\/2020\/03\/computa\u00e7\u00e3o-255x170.jpg 255w, https:\/\/www3.unicentro.br\/decicg\/wp-content\/uploads\/sites\/70\/2020\/03\/computa\u00e7\u00e3o.jpg 320w\" sizes=\"auto, (max-width: 300px) 100vw, 300px\" \/><\/p>\n<p style=\"text-align: center\"><span style=\"font-size: 18pt;font-family: 'arial black', sans-serif\"><strong>CURSO DE CI\u00caNCIAS CONT\u00c1BEIS &#8211; UNICENTRO\u00a0<\/strong><\/span><\/p>\n<p style=\"text-align: center\"><span style=\"background-color: #ffffff;font-size: 12pt\"><span style=\"font-family: times new roman, times, serif\">O curso de Ci\u00eancia Cont\u00e1beis <\/span><span style=\"font-family: times new roman, times, serif\">funciona <\/span><\/span><span style=\"font-family: times new roman, times, serif;background-color: #ffffff;font-size: 12pt\">\u00a0no campus Santa Cruz em\u00a0<\/span><span style=\"font-family: times new roman, times, serif;background-color: #ffffff;font-size: 12pt\">Guarapuava, no Paran\u00e1. <\/span><\/p>\n<h4 style=\"text-align: center\"><span style=\"font-size: 8pt\">.<\/span><\/h4>\n<h4 style=\"text-align: center\"><span style=\"font-size: 12pt\">Chefe do Departamento: Prof. Dr. Ivonaldo Brandani Gusm\u00e3o<\/span><\/h4>\n<p style=\"text-align: center\"><span style=\"font-size: 12pt\">Vice-Chefe do Departamento: Profa. Dr. Elaine Wantroba<\/span><\/p>\n<blockquote><p>&nbsp;<\/p>\n<p>Curso pertencente ao Setor de Ci\u00eancias Sociais Aplicadas, a Ci\u00eancia Cont\u00e1bil \u00e9 uma atividade profissional de obrigatoriedade legal, na qual os profissionais buscam o aprimoramento empresarial por meio de controle e organiza\u00e7\u00e3o interna.<\/p>\n<p>As compet\u00eancias enfocadas e desenvolvidas durante a gradua\u00e7\u00e3o devem proporcionar ao Bacharel em Ci\u00eancias Cont\u00e1beis (Contador\/Controller) conhecimentos para as compet\u00eancias t\u00e9cnicas inerentes \u00e0 profiss\u00e3o: contabilidade; finan\u00e7as; legisla\u00e7\u00e3o; controladoria; auditoria; consultoria financeira e gerencial; per\u00edcias, avalia\u00e7\u00e3o do desempenho das empresas e do seu patrim\u00f4nio; entre outras, bem como compet\u00eancias de gest\u00e3o, articula\u00e7\u00e3o, comunica\u00e7\u00e3o e lideran\u00e7a no ambiente organizacional e fora deste, requerendo conduta \u00e9tica no trato com os usu\u00e1rios internos e externos da informa\u00e7\u00e3o cont\u00e1bil e dos indicadores cont\u00e1beis-financeiros.<\/p>\n<p><strong>Mercado de trabalho:<\/strong><\/p>\n<p style=\"text-align: left\">O profissional cont\u00e1bil est\u00e1 entre os mais requisitados do mercado, podendo atuar em empresas p\u00fablicas, privadas ou mistas, de pequeno, m\u00e9dio e grande porte, ou de forma independente, como profissional aut\u00f4nomo.<\/p>\n<p style=\"text-align: left\">As principais \u00e1reas de atua\u00e7\u00e3o s\u00e3o na contabilidade comercial, industrial, agroneg\u00f3cios e p\u00fablica ou, ainda, no controle e gest\u00e3o de custos, elabora\u00e7\u00e3o e acompanhamento do or\u00e7amento empresarial, auditoria cont\u00e1bil interna e externa, per\u00edcia, an\u00e1lise de balan\u00e7os, controladoria, assessoria cont\u00e1bil, finan\u00e7as, consultoria entre outras.<\/p>\n<p><strong>Sobre o curso de Ci\u00eancias Cont\u00e1beis:<\/strong><\/p>\n<ul>\n<li>Curso gratuito, com dura\u00e7\u00e3o de 4 anos (8 semestres);<\/li>\n<li>Nota 4 (quatro) na \u00faltima avalia\u00e7\u00e3o do MEC;<\/li>\n<li>Op\u00e7\u00e3o de curso matutino ou noturno;<\/li>\n<li>Ingressos anuais por PAC,\u00a0 Vestibular e Aprova Paran\u00e1 Mais, totalizando 40 vagas anuais (manh\u00e3 e noite);<\/li>\n<li>Aproximadamente 46% do total da carga hor\u00e1ria de disciplinas \u00e9 destinada a aulas pr\u00e1ticas;<\/li>\n<li>Conta com 22 professores efetivos e colaboradores, sendo 14 Doutores e 8 Mestres (1 em processo de Doutoramento);<\/li>\n<li>Eventualmente conta com professores colaboradores com titula\u00e7\u00e3o m\u00ednima de Mestre;<\/li>\n<li>Todos os professores disponibilizam hor\u00e1rios para atendimento aos alunos;<\/li>\n<li>Desenvolvimento de Est\u00e1gio Supervisionado Obrigat\u00f3rio a partir do 6 semestre (80 horas);<\/li>\n<li>Desenvolvimento de Atividades Extensionistas Obrigat\u00f3rias durante todo o curso (243 horas);<\/li>\n<li>Desenvolvimento de Atividades Complementares Obrigat\u00f3rias durante todo o curso (100 horas);<\/li>\n<li>Desenvolvimento de Atividades de Pesquisa (TCC ou Inicia\u00e7\u00e3o Cient\u00edfica);<\/li>\n<li>Oportunidade de bolsas de Inicia\u00e7\u00e3o Cient\u00edfica, Inicia\u00e7\u00e3o \u00e0 Extens\u00e3o e Inicia\u00e7\u00e3o Tecnol\u00f3gica.<\/li>\n<\/ul>\n<\/blockquote>\n<p>[\/vc_column_text][\/vc_column][\/vc_row]<\/p>\n<\/div>","protected":false},"excerpt":{"rendered":"<p>[vc_row][vc_column][vc_column_text css=&#8221;&#8221;] CURSO DE CI\u00caNCIAS CONT\u00c1BEIS &#8211; UNICENTRO\u00a0 O curso de Ci\u00eancia Cont\u00e1beis funciona \u00a0no campus Santa Cruz em\u00a0Guarapuava, no Paran\u00e1. . Chefe do Departamento: Prof. Dr. Ivonaldo Brandani Gusm\u00e3o Vice-Chefe do Departamento: Profa. Dr. Elaine Wantroba &nbsp; Curso pertencente ao Setor de Ci\u00eancias Sociais Aplicadas, a Ci\u00eancia Cont\u00e1bil \u00e9 uma atividade profissional de obrigatoriedade [&hellip;]<\/p>\n","protected":false},"author":3,"featured_media":111,"parent":23,"menu_order":0,"comment_status":"closed","ping_status":"open","template":"","meta":{"_exactmetrics_skip_tracking":false,"_exactmetrics_sitenote_active":false,"_exactmetrics_sitenote_note":"","_exactmetrics_sitenote_category":0,"footnotes":"","_links_to":"","_links_to_target":""},"class_list":["post-24","page","type-page","status-publish","has-post-thumbnail","hentry"],"_links":{"self":[{"href":"https:\/\/www3.unicentro.br\/decicg\/wp-json\/wp\/v2\/pages\/24","targetHints":{"allow":["GET"]}}],"collection":[{"href":"https:\/\/www3.unicentro.br\/decicg\/wp-json\/wp\/v2\/pages"}],"about":[{"href":"https:\/\/www3.unicentro.br\/decicg\/wp-json\/wp\/v2\/types\/page"}],"author":[{"embeddable":true,"href":"https:\/\/www3.unicentro.br\/decicg\/wp-json\/wp\/v2\/users\/3"}],"replies":[{"embeddable":true,"href":"https:\/\/www3.unicentro.br\/decicg\/wp-json\/wp\/v2\/comments?post=24"}],"version-history":[{"count":3,"href":"https:\/\/www3.unicentro.br\/decicg\/wp-json\/wp\/v2\/pages\/24\/revisions"}],"predecessor-version":[{"id":417,"href":"https:\/\/www3.unicentro.br\/decicg\/wp-json\/wp\/v2\/pages\/24\/revisions\/417"}],"up":[{"embeddable":true,"href":"https:\/\/www3.unicentro.br\/decicg\/wp-json\/wp\/v2\/pages\/23"}],"wp:featuredmedia":[{"embeddable":true,"href":"https:\/\/www3.unicentro.br\/decicg\/wp-json\/wp\/v2\/media\/111"}],"wp:attachment":[{"href":"https:\/\/www3.unicentro.br\/decicg\/wp-json\/wp\/v2\/media?parent=24"}],"curies":[{"name":"wp","href":"https:\/\/api.w.org\/{rel}","templated":true}]}}