{"id":126,"date":"2021-06-30T21:40:01","date_gmt":"2021-07-01T00:40:01","guid":{"rendered":"https:\/\/www3.unicentro.br\/decicg\/?page_id=126"},"modified":"2026-03-16T09:56:08","modified_gmt":"2026-03-16T12:56:08","slug":"instrucoes-normativas","status":"publish","type":"page","link":"https:\/\/www3.unicentro.br\/decicg\/instrucoes-normativas\/","title":{"rendered":"Instru\u00e7\u00f5es Normativas"},"content":{"rendered":"<div class=\"wpb-content-wrapper\"><p>[vc_row][vc_column][vc_column_text css=&#8221;&#8221;]<\/p>\n<ul>\n<li><a href=\"https:\/\/www3.unicentro.br\/decicg\/wp-content\/uploads\/sites\/70\/2026\/03\/Instrucao-Normativa-001_2026.pdf\"><strong>INSTRU\u00c7\u00c3O NORMATIVA N\u00b0 01-CONDEP-DECIC\/G\/UNICENTRO, DE 01\/04\/2026<\/strong> &#8211; Instrui sobre os procedimentos a serem adotados no ano letivo de 2026 para a operacionaliza\u00e7\u00e3o do Regulamento do Trabalho de Conclus\u00e3o de Curso (TCC)<\/a><\/li>\n<\/ul>\n<p>[\/vc_column_text][\/vc_column][\/vc_row]<\/p>\n<\/div>","protected":false},"excerpt":{"rendered":"<p>[vc_row][vc_column][vc_column_text css=&#8221;&#8221;] INSTRU\u00c7\u00c3O NORMATIVA N\u00b0 01-CONDEP-DECIC\/G\/UNICENTRO, DE 01\/04\/2026 &#8211; Instrui sobre os procedimentos a serem adotados no ano letivo de 2026 para a operacionaliza\u00e7\u00e3o do Regulamento do Trabalho de Conclus\u00e3o de Curso (TCC) [\/vc_column_text][\/vc_column][\/vc_row]<\/p>\n","protected":false},"author":6,"featured_media":0,"parent":0,"menu_order":0,"comment_status":"closed","ping_status":"closed","template":"","meta":{"_exactmetrics_skip_tracking":false,"_exactmetrics_sitenote_active":false,"_exactmetrics_sitenote_note":"","_exactmetrics_sitenote_category":0,"footnotes":"","_links_to":"","_links_to_target":""},"class_list":["post-126","page","type-page","status-publish","hentry"],"_links":{"self":[{"href":"https:\/\/www3.unicentro.br\/decicg\/wp-json\/wp\/v2\/pages\/126","targetHints":{"allow":["GET"]}}],"collection":[{"href":"https:\/\/www3.unicentro.br\/decicg\/wp-json\/wp\/v2\/pages"}],"about":[{"href":"https:\/\/www3.unicentro.br\/decicg\/wp-json\/wp\/v2\/types\/page"}],"author":[{"embeddable":true,"href":"https:\/\/www3.unicentro.br\/decicg\/wp-json\/wp\/v2\/users\/6"}],"replies":[{"embeddable":true,"href":"https:\/\/www3.unicentro.br\/decicg\/wp-json\/wp\/v2\/comments?post=126"}],"version-history":[{"count":3,"href":"https:\/\/www3.unicentro.br\/decicg\/wp-json\/wp\/v2\/pages\/126\/revisions"}],"predecessor-version":[{"id":424,"href":"https:\/\/www3.unicentro.br\/decicg\/wp-json\/wp\/v2\/pages\/126\/revisions\/424"}],"wp:attachment":[{"href":"https:\/\/www3.unicentro.br\/decicg\/wp-json\/wp\/v2\/media?parent=126"}],"curies":[{"name":"wp","href":"https:\/\/api.w.org\/{rel}","templated":true}]}}