{"id":931,"date":"2023-04-25T08:53:54","date_gmt":"2023-04-25T11:53:54","guid":{"rendered":"https:\/\/www3.unicentro.br\/deart\/?page_id=931"},"modified":"2023-04-25T08:53:54","modified_gmt":"2023-04-25T11:53:54","slug":"matriz-curricular-2023","status":"publish","type":"page","link":"https:\/\/www3.unicentro.br\/deart\/matriz-curricular-2023\/","title":{"rendered":"Matriz Curricular 2023"},"content":{"rendered":"<div class=\"wpb-content-wrapper\"><p>[vc_row][vc_column][vc_btn title=&#8221;Regulamento de Trabalho de Conclus\u00e3o de Curso (TCC) do curso de Arte &#8211; Curr\u00edculo 2023&#8243; color=&#8221;danger&#8221; align=&#8221;center&#8221; link=&#8221;url:https%3A%2F%2Fsgu.unicentro.br%2Fpcatooficiais%2Fimprimir%2FDAC832ED&#8221;][vc_btn title=&#8221;Regulamento das Atividades Complementares do curso de Arte &#8211; Curr\u00edculo 2023&#8243; color=&#8221;danger&#8221; align=&#8221;center&#8221; link=&#8221;url:https%3A%2F%2Fsgu.unicentro.br%2Fpcatooficiais%2Fimprimir%2F361ACB91&#8243;][vc_btn title=&#8221;Regulamento do Regulamento de Est\u00e1gio Curricular Supervisionado Obrigat\u00f3rio do Curso de Arte &#8211; Curr\u00edculo 2023&#8243; color=&#8221;danger&#8221; align=&#8221;center&#8221; link=&#8221;url:https%3A%2F%2Fsgu.unicentro.br%2Fpcatooficiais%2Fimprimir%2FE46D6F39&#8243;][vc_btn title=&#8221;Regulamento de Curriculariza\u00e7\u00e3o da Extens\u00e3o do Curso de Gradua\u00e7\u00e3o em Arte &#8211; Curr\u00edculo 2023&#8243; color=&#8221;danger&#8221; align=&#8221;center&#8221; link=&#8221;url:https%3A%2F%2Fsgu.unicentro.br%2Fpcatooficiais%2Fimprimir%2F418C11F6&#8243;][\/vc_column][\/vc_row]<\/p>\n<\/div>","protected":false},"excerpt":{"rendered":"<p>[vc_row][vc_column][vc_btn title=&#8221;Regulamento de Trabalho de Conclus\u00e3o de Curso (TCC) do curso de Arte &#8211; Curr\u00edculo 2023&#8243; color=&#8221;danger&#8221; align=&#8221;center&#8221; link=&#8221;url:https%3A%2F%2Fsgu.unicentro.br%2Fpcatooficiais%2Fimprimir%2FDAC832ED&#8221;][vc_btn title=&#8221;Regulamento das Atividades Complementares do curso de Arte &#8211; Curr\u00edculo 2023&#8243; color=&#8221;danger&#8221; align=&#8221;center&#8221; link=&#8221;url:https%3A%2F%2Fsgu.unicentro.br%2Fpcatooficiais%2Fimprimir%2F361ACB91&#8243;][vc_btn title=&#8221;Regulamento do Regulamento de Est\u00e1gio Curricular Supervisionado Obrigat\u00f3rio do Curso de Arte &#8211; Curr\u00edculo 2023&#8243; color=&#8221;danger&#8221; align=&#8221;center&#8221; link=&#8221;url:https%3A%2F%2Fsgu.unicentro.br%2Fpcatooficiais%2Fimprimir%2FE46D6F39&#8243;][vc_btn title=&#8221;Regulamento de Curriculariza\u00e7\u00e3o da [&hellip;]<\/p>\n","protected":false},"author":6,"featured_media":0,"parent":0,"menu_order":0,"comment_status":"closed","ping_status":"closed","template":"","meta":{"_exactmetrics_skip_tracking":false,"_exactmetrics_sitenote_active":false,"_exactmetrics_sitenote_note":"","_exactmetrics_sitenote_category":0,"footnotes":"","_links_to":"","_links_to_target":""},"class_list":["post-931","page","type-page","status-publish","hentry"],"_links":{"self":[{"href":"https:\/\/www3.unicentro.br\/deart\/wp-json\/wp\/v2\/pages\/931","targetHints":{"allow":["GET"]}}],"collection":[{"href":"https:\/\/www3.unicentro.br\/deart\/wp-json\/wp\/v2\/pages"}],"about":[{"href":"https:\/\/www3.unicentro.br\/deart\/wp-json\/wp\/v2\/types\/page"}],"author":[{"embeddable":true,"href":"https:\/\/www3.unicentro.br\/deart\/wp-json\/wp\/v2\/users\/6"}],"replies":[{"embeddable":true,"href":"https:\/\/www3.unicentro.br\/deart\/wp-json\/wp\/v2\/comments?post=931"}],"version-history":[{"count":0,"href":"https:\/\/www3.unicentro.br\/deart\/wp-json\/wp\/v2\/pages\/931\/revisions"}],"wp:attachment":[{"href":"https:\/\/www3.unicentro.br\/deart\/wp-json\/wp\/v2\/media?parent=931"}],"curies":[{"name":"wp","href":"https:\/\/api.w.org\/{rel}","templated":true}]}}