{"id":851,"date":"2021-11-04T16:18:44","date_gmt":"2021-11-04T19:18:44","guid":{"rendered":"https:\/\/www3.unicentro.br\/deart\/?page_id=851"},"modified":"2021-11-05T08:47:25","modified_gmt":"2021-11-05T11:47:25","slug":"mostra-de-arte-2021-2022","status":"publish","type":"page","link":"https:\/\/www3.unicentro.br\/deart\/mostra-de-arte-2021-2022\/","title":{"rendered":"Mostra de Arte 2021\/2022"},"content":{"rendered":"<div class=\"wpb-content-wrapper\"><p>[vc_row][vc_column][vc_custom_heading text=&#8221;MOSTRA DE ARTE 2021\/2022&#8243; font_container=&#8221;tag:h2|font_size:50|text_align:center&#8221;][vc_cta h2=&#8221;FA\u00c7A SUA INSCRI\u00c7\u00c3O AQUI!&#8221; h2_font_container=&#8221;tag:h2|text_align:center&#8221; add_button=&#8221;bottom&#8221; btn_title=&#8221;FORMUL\u00c1RIO DE INSCRI\u00c7\u00c3O&#8221; btn_color=&#8221;danger&#8221; btn_align=&#8221;center&#8221; css_animation=&#8221;bounceIn&#8221; use_custom_fonts_h2=&#8221;true&#8221; btn_link=&#8221;url:https%3A%2F%2Fdocs.google.com%2Fforms%2Fd%2F1TY13IvlvSdRAjOTK5ySoXUXD9TyQii_5jrMuPS6RwGI%2Fedit&#8221;][\/vc_cta][vc_btn title=&#8221;REGULAMENTO&#8221; color=&#8221;danger&#8221; align=&#8221;center&#8221; link=&#8221;url:https%3A%2F%2Fwww3.unicentro.br%2Fdeart%2Fwp-content%2Fuploads%2Fsites%2F13%2F2021%2F11%2Fmostradearte22.pdf|target:_blank&#8221;][\/vc_column][\/vc_row][vc_row][vc_column][vc_gallery interval=&#8221;10&#8243; images=&#8221;849,848,847,846,845,844,843,842&#8243; img_size=&#8221;564&#215;800&#8243;][\/vc_column][\/vc_row][vc_row][vc_column][\/vc_column][\/vc_row]<\/p>\n<\/div>","protected":false},"excerpt":{"rendered":"<p>[vc_row][vc_column][vc_custom_heading text=&#8221;MOSTRA DE ARTE 2021\/2022&#8243; font_container=&#8221;tag:h2|font_size:50|text_align:center&#8221;][vc_cta h2=&#8221;FA\u00c7A SUA INSCRI\u00c7\u00c3O AQUI!&#8221; h2_font_container=&#8221;tag:h2|text_align:center&#8221; add_button=&#8221;bottom&#8221; btn_title=&#8221;FORMUL\u00c1RIO DE INSCRI\u00c7\u00c3O&#8221; btn_color=&#8221;danger&#8221; btn_align=&#8221;center&#8221; css_animation=&#8221;bounceIn&#8221; use_custom_fonts_h2=&#8221;true&#8221; btn_link=&#8221;url:https%3A%2F%2Fdocs.google.com%2Fforms%2Fd%2F1TY13IvlvSdRAjOTK5ySoXUXD9TyQii_5jrMuPS6RwGI%2Fedit&#8221;][\/vc_cta][vc_btn title=&#8221;REGULAMENTO&#8221; color=&#8221;danger&#8221; align=&#8221;center&#8221; link=&#8221;url:https%3A%2F%2Fwww3.unicentro.br%2Fdeart%2Fwp-content%2Fuploads%2Fsites%2F13%2F2021%2F11%2Fmostradearte22.pdf|target:_blank&#8221;][\/vc_column][\/vc_row][vc_row][vc_column][vc_gallery interval=&#8221;10&#8243; images=&#8221;849,848,847,846,845,844,843,842&#8243; img_size=&#8221;564&#215;800&#8243;][\/vc_column][\/vc_row][vc_row][vc_column][\/vc_column][\/vc_row]<\/p>\n","protected":false},"author":266,"featured_media":0,"parent":0,"menu_order":0,"comment_status":"closed","ping_status":"closed","template":"","meta":{"_exactmetrics_skip_tracking":false,"_exactmetrics_sitenote_active":false,"_exactmetrics_sitenote_note":"","_exactmetrics_sitenote_category":0,"footnotes":"","_links_to":"","_links_to_target":""},"class_list":["post-851","page","type-page","status-publish","hentry"],"_links":{"self":[{"href":"https:\/\/www3.unicentro.br\/deart\/wp-json\/wp\/v2\/pages\/851","targetHints":{"allow":["GET"]}}],"collection":[{"href":"https:\/\/www3.unicentro.br\/deart\/wp-json\/wp\/v2\/pages"}],"about":[{"href":"https:\/\/www3.unicentro.br\/deart\/wp-json\/wp\/v2\/types\/page"}],"author":[{"embeddable":true,"href":"https:\/\/www3.unicentro.br\/deart\/wp-json\/wp\/v2\/users\/266"}],"replies":[{"embeddable":true,"href":"https:\/\/www3.unicentro.br\/deart\/wp-json\/wp\/v2\/comments?post=851"}],"version-history":[{"count":0,"href":"https:\/\/www3.unicentro.br\/deart\/wp-json\/wp\/v2\/pages\/851\/revisions"}],"wp:attachment":[{"href":"https:\/\/www3.unicentro.br\/deart\/wp-json\/wp\/v2\/media?parent=851"}],"curies":[{"name":"wp","href":"https:\/\/api.w.org\/{rel}","templated":true}]}}