{"id":64,"date":"2017-05-05T11:37:26","date_gmt":"2017-05-05T14:37:26","guid":{"rendered":"https:\/\/www3.unicentro.br\/deart\/?page_id=64"},"modified":"2021-06-05T14:41:41","modified_gmt":"2021-06-05T17:41:41","slug":"galeria-vitual","status":"publish","type":"page","link":"https:\/\/www3.unicentro.br\/deart\/galeria-vitual\/","title":{"rendered":"Galeria Virtual"},"content":{"rendered":"<div class=\"wpb-content-wrapper\"><p>[vc_row][vc_column][vc_column_text]<\/p>\n<p style=\"text-align: justify\"><span style=\"font-weight: 400\">A Galeria Virtual de Arte da Unicentro \u00e9 um projeto proposto pelo Departamento de Arte a fim de proporcionar aos alunos um local adequado para exposi\u00e7\u00e3o dos trabalhos desenvolvidos durante o curso de Licenciatura em Arte. Organizada anualmente pelos docentes do Departamento, a galeria se prop\u00f5e a abrir um di\u00e1logo democr\u00e1tico, aberto e fluido com a comunidade, abra\u00e7ando os pilares de pesquisa, ensino e extens\u00e3o que cimentam a Universidade.<\/span><\/p>\n<p>[\/vc_column_text][\/vc_column][\/vc_row][vc_row][vc_column][vc_btn title=&#8221;Acesse a Galeria Virtual&#8221; color=&#8221;danger&#8221; align=&#8221;center&#8221; link=&#8221;url:https%3A%2F%2Fwww3.unicentro.br%2Fgaleriavirtual%2Fgaleria%2F|target:_blank&#8221;][\/vc_column][\/vc_row]<\/p>\n<\/div>","protected":false},"excerpt":{"rendered":"<p>[vc_row][vc_column][vc_column_text] A Galeria Virtual de Arte da Unicentro \u00e9 um projeto proposto pelo Departamento de Arte a fim de proporcionar aos alunos um local adequado para exposi\u00e7\u00e3o dos trabalhos desenvolvidos durante o curso de Licenciatura em Arte. Organizada anualmente pelos docentes do Departamento, a galeria se prop\u00f5e a abrir um di\u00e1logo democr\u00e1tico, aberto e fluido [&hellip;]<\/p>\n","protected":false},"author":3,"featured_media":0,"parent":0,"menu_order":0,"comment_status":"closed","ping_status":"closed","template":"","meta":{"_exactmetrics_skip_tracking":false,"_exactmetrics_sitenote_active":false,"_exactmetrics_sitenote_note":"","_exactmetrics_sitenote_category":0,"footnotes":"","_links_to":"","_links_to_target":""},"class_list":["post-64","page","type-page","status-publish","hentry"],"_links":{"self":[{"href":"https:\/\/www3.unicentro.br\/deart\/wp-json\/wp\/v2\/pages\/64","targetHints":{"allow":["GET"]}}],"collection":[{"href":"https:\/\/www3.unicentro.br\/deart\/wp-json\/wp\/v2\/pages"}],"about":[{"href":"https:\/\/www3.unicentro.br\/deart\/wp-json\/wp\/v2\/types\/page"}],"author":[{"embeddable":true,"href":"https:\/\/www3.unicentro.br\/deart\/wp-json\/wp\/v2\/users\/3"}],"replies":[{"embeddable":true,"href":"https:\/\/www3.unicentro.br\/deart\/wp-json\/wp\/v2\/comments?post=64"}],"version-history":[{"count":0,"href":"https:\/\/www3.unicentro.br\/deart\/wp-json\/wp\/v2\/pages\/64\/revisions"}],"wp:attachment":[{"href":"https:\/\/www3.unicentro.br\/deart\/wp-json\/wp\/v2\/media?parent=64"}],"curies":[{"name":"wp","href":"https:\/\/api.w.org\/{rel}","templated":true}]}}