{"id":44,"date":"2017-05-05T11:37:27","date_gmt":"2017-05-05T14:37:27","guid":{"rendered":"https:\/\/www3.unicentro.br\/deart\/?page_id=44"},"modified":"2021-06-02T21:01:51","modified_gmt":"2021-06-03T00:01:51","slug":"projetos-de-pesquisa","status":"publish","type":"page","link":"https:\/\/www3.unicentro.br\/deart\/projetos-de-pesquisa\/","title":{"rendered":"Projetos de Pesquisa"},"content":{"rendered":"<div class=\"wpb-content-wrapper\"><p>[vc_row][vc_column][vc_tta_accordion][vc_tta_section title=&#8221;PROJETO DE PESQUISA CONTINUADA&#8221; tab_id=&#8221;1602074828124-3cccb42d-6ca1&#8243;][vc_column_text]<\/p>\n<p><b>Profa. Dra. Daiane Solange Stoeberl da Cunha<\/b><span style=\"font-weight: 400\">\u00a0<\/span><\/p>\n<p><b>Projeto de Pesquisa Continuada\u00a0<\/b><\/p>\n<p><span style=\"font-weight: 400\">RESOLU\u00c7\u00c3O N\u00ba 014\/2018-CONSET\/SEHLA\/G\/UNICENTRO, DE 13 DE MAR\u00c7O DE 2018<\/span><\/p>\n<p><span style=\"font-weight: 400\">Link: <\/span><a href=\"https:\/\/sgu.unicentro.br\/pcatooficiais\/imprimir\/7708D35C\"><span style=\"font-weight: 400\">https:\/\/sgu.unicentro.br\/pcatooficiais\/imprimir\/7708D35C<\/span><\/a><\/p>\n<p><span style=\"font-weight: 400\">O prazo de vig\u00eancia de 1\u00b0 de junho de 2018 a 31 de maio de 2021.\u00a0<\/span><\/p>\n<p><span style=\"font-weight: 400\">Vinculado \u00e0 Linha de Pesquisa: Arte e Ensino<\/span><\/p>\n<p>&nbsp;<\/p>\n<p><b>Profa. Ms. \u00c9rica Dias Gomes\u00a0<\/b><\/p>\n<p><b>Projeto de Pesquisa Continuada\u00a0<\/b><\/p>\n<p><span style=\"font-weight: 400\">Resolu\u00e7\u00e3o n\u00ba 100\/2019 <\/span><a href=\"https:\/\/sgu.unicentro.br\/pcatooficiais\/imprimir\/B0AC13CC\"><span style=\"font-weight: 400\">https:\/\/sgu.unicentro.br\/pcatooficiais\/imprimir\/B0AC13CC<\/span><\/a><span style=\"font-weight: 400\">\u00a0<\/span><\/p>\n<p><span style=\"font-weight: 400\">O prazo de vig\u00eancia de 17 de janeiro de 2020 a 16 de janeiro de 2023.<\/span><\/p>\n<p><span style=\"font-weight: 400\">Vinculado \u00e0 Linha de Pesquisa: Educa\u00e7\u00e3o, cultura e diversidade; Arte e ensino; Processos criativos.<\/span><\/p>\n<p>&nbsp;<\/p>\n<p>[\/vc_column_text][\/vc_tta_section][vc_tta_section title=&#8221;PROJETO DE PESQUISA ISOLADO (PqI)&#8221; tab_id=&#8221;1602074828125-48767f35-90bc&#8221;][vc_column_text]<\/p>\n<p><b>Profa. Dra. Desir\u00e9e Paschoal de Melo<\/b><\/p>\n<p><b>Projeto de Pesquisa Isolado (PqI):<\/b> &#8220;A teoria pragm\u00e1tica de investiga\u00e7\u00e3o na pesquisa em arte&#8221;.<\/p>\n<p>RESOLU\u00c7\u00c3O N\u00ba 16\/2020CONSET\/SEHLA\/G\/UNICENTRO, DE 08 DE MAIO DE 2020.<\/p>\n<p>Link:\u00a0<a href=\"https:\/\/sgu.unicentro.br\/pcatooficiais\/imprimir\/245AECE9\">https:\/\/sgu.unicentro.br\/pcatooficiais\/imprimir\/245AECE9<\/a><\/p>\n<p>O prazo de vig\u00eancia de 23 de abril de 2020 a 22 de abril de 2022<\/p>\n<p>Vinculado \u00e0 Linha de Pesquisa: Processos Criativos<b>\u00a0<\/b><\/p>\n<p>&nbsp;<\/p>\n<p><b>Profa. Ms. Eglecy do Rocio Lippmann<\/b><\/p>\n<p><b>Projeto de Pesquisa Isolado (PqI):<\/b>\u201cRe vistas e La mentos\u201d \u2013 II Ato: Grupo de Teatro \u201cLUZ\u201d da APADEVI\/Guarapuava \u2013 Sequ\u00eancia de apresenta\u00e7\u00f5es art\u00edsticas\u00a0 e inclusivas.<\/p>\n<p>RESOLU\u00c7\u00c3O N\u00ba 102\/2019-CONSET\/SEHLA\/G\/UNICENTRO, DE 12 DE NOVEMBRO DE 2019.<\/p>\n<p>Link:\u00a0<a href=\"https:\/\/sgu.unicentro.br\/pcatooficiais\/imprimir\/0484DFEE\">https:\/\/sgu.unicentro.br\/pcatooficiais\/imprimir\/0484DFEE<\/a><\/p>\n<p>O prazo de vig\u00eancia \u00e9 de 15 de Janeiro de 2020 a 15 de Janeiro de 2022<\/p>\n<p>Vinculado a linha de Pesquisa Arte e Ensino e ao Programa Rede Arte na Escola.<\/p>\n<p>&nbsp;<\/p>\n<p><b>Profa. Dra. M\u00e1rcia Cristina Cebulski<\/b><\/p>\n<p><b>Projeto de Pesquisa Isolado (PqI):\u00a0 <\/b><span style=\"font-weight: 400\">Pedagogias sist\u00eamicas e o Ensino da Arte (Teatro)<\/span><\/p>\n<p><span style=\"font-weight: 400\">Resolu\u00e7\u00e3o n\u00ba 048\/2019-CONSET\/SEHLA\/\/UNICENTRO, DE 14 de maio de 2019<\/span><\/p>\n<p><span style=\"font-weight: 400\">link: <\/span><a href=\"https:\/\/sgu.unicentro.br\/pcatooficiais\/imprimir\/D76F38D1\"><span style=\"font-weight: 400\">https:\/\/sgu.unicentro.br\/pcatooficiais\/imprimir\/D76F38D1<\/span><\/a><\/p>\n<p><span style=\"font-weight: 400\">O prazo de vig\u00eancia de 1\u00ba de julho de 2019 a 30 de junho de 2021.<\/span><\/p>\n<p><span style=\"font-weight: 400\">Vinculado \u00e0 Linha de Pesquisa: Arte e Ensino<\/span><\/p>\n<p>&nbsp;<\/p>\n<p><b><\/b>[\/vc_column_text][\/vc_tta_section][vc_tta_section title=&#8221;INICIA\u00c7\u00c3O CIENT\u00cdFICA&#8221; tab_id=&#8221;1602075458583-2a56a21e-65e9&#8243;][vc_column_text]<span style=\"font-weight: 400\">Os docentes apresentam pesquisas em suas \u00e1reas, tamb\u00e9m orientando alunos na pesquisa, por meio do Programa Inicia\u00e7\u00e3o Cient\u00edfica.<\/span><\/p>\n<p><span style=\"font-weight: 400\">Em 2020, realizam Inicia\u00e7\u00e3o Cient\u00edfica os seguintes alunos:<\/span><\/p>\n<ul>\n<li style=\"font-weight: 400\"><span style=\"font-weight: 400\">ANA RHUBIA KLOSTER GRUBE\u00a0<\/span>\n<ul>\n<li style=\"font-weight: 400\"><span style=\"font-weight: 400\">V\u00cdNCULO: IC\/VOLUNT\u00c1RIA\u00a0<\/span><\/li>\n<li style=\"font-weight: 400\"><span style=\"font-weight: 400\">ORIENTADORA: DAIANE SOLANGE STOEBERL DA CUNHA<\/span><\/li>\n<li style=\"font-weight: 400\"><span style=\"font-weight: 400\">PROJETO DE PESQUISA: A integra\u00e7\u00e3o das Artes: processos criativos e pedag\u00f3gicos<\/span><\/li>\n<li style=\"font-weight: 400\"><span style=\"font-weight: 400\">PLANO DE ATIVIDADES: <\/span><span style=\"font-weight: 400\">Teatro de Conflu\u00eancia: possibilidades did\u00e1ticas de integra\u00e7\u00e3o das artes.<\/span><\/li>\n<\/ul>\n<\/li>\n<\/ul>\n<ul>\n<li style=\"font-weight: 400\"><span style=\"font-weight: 400\">ANDRESSA SANTOS DE OLIVEIRA\u00a0<\/span><\/li>\n<\/ul>\n<ul>\n<li style=\"list-style-type: none\">\n<ul style=\"list-style-type: circle\">\n<li><span style=\"font-weight: 400\">V\u00cdNCULO: BOLSISTA PIBIC\/PIBIS Funda\u00e7\u00e3o Arauc\u00e1ria<\/span><\/li>\n<li><span style=\"font-weight: 400\">ORIENTADORA: \u00c9RICA DIAS GOMES<\/span><\/li>\n<li><span style=\"font-weight: 400\">PROJETO DE PESQUISA: <\/span><span style=\"font-weight: 400\">Carnaval carioca e pandemia: os casos da gripe espanhola e do COVID-19<\/span><\/li>\n<li><span style=\"font-weight: 400\">PLANO DE ATIVIDADES: <\/span><span style=\"font-weight: 400\">Depois do fim do mundo: m\u00fasica, carnaval e pandemia\u00a0<\/span><\/li>\n<\/ul>\n<\/li>\n<\/ul>\n<ul>\n<li style=\"font-weight: 400\"><span style=\"font-weight: 400\">BRUNA CAROLINE CYBULSKI\u00a0<\/span>\n<ul>\n<li style=\"font-weight: 400\"><span style=\"font-weight: 400\">V\u00cdNCULO: IC\/VOLUNT\u00c1RIA<\/span><\/li>\n<li style=\"font-weight: 400\"><span style=\"font-weight: 400\">ORIENTADORA: DAIANE SOLANGE STOEBERL DA CUNHA<\/span><\/li>\n<li style=\"font-weight: 400\"><span style=\"font-weight: 400\">PROJETO DE PESQUISA: A integra\u00e7\u00e3o das Artes: processos criativos e pedag\u00f3gicos<\/span><\/li>\n<li style=\"font-weight: 400\"><span style=\"font-weight: 400\">PLANO DE ATIVIDADES:Abordagem Rizom\u00e1tica no ensino de Arte: limites e possibilidades<\/span><\/li>\n<\/ul>\n<\/li>\n<\/ul>\n<ul>\n<li style=\"font-weight: 400\"><span style=\"font-weight: 400\">ISAMARA CAETANO<\/span><\/li>\n<\/ul>\n<ul>\n<li style=\"list-style-type: none\">\n<ul style=\"list-style-type: circle\">\n<li><span style=\"font-weight: 400\">V\u00cdNCULO: BOLSISTA PIBIC\/Funda\u00e7\u00e3o Arauc\u00e1ria<\/span><\/li>\n<li><span style=\"font-weight: 400\">ORIENTADORA: \u00c9RICA DIAS GOMES<\/span><\/li>\n<li><span style=\"font-weight: 400\">PROJETO DE PESQUISA: <\/span><span style=\"font-weight: 400\">Carnaval carioca e pandemia: os casos da gripe espanhola e do COVID-19<\/span><\/li>\n<li><span style=\"font-weight: 400\">PLANO DE ATIVIDADES: <\/span><i><span style=\"font-weight: 400\">E o mundo n\u00e3o se acabou<\/span><\/i><span style=\"font-weight: 400\">: o carnaval carioca e a gripe espanhola\u00a0\u00a0<\/span><\/li>\n<\/ul>\n<\/li>\n<\/ul>\n<ul>\n<li style=\"font-weight: 400\"><span style=\"font-weight: 400\">\u00a0VAL\u00c9RIA PEDROSO DOS SANTOS<\/span>\n<ul>\n<li style=\"font-weight: 400\"><span style=\"font-weight: 400\">V\u00cdNCULO:\u00a0 IC\/VOLUNT\u00c1RIA<\/span><\/li>\n<li style=\"font-weight: 400\"><span style=\"font-weight: 400\">ORIENTADORA: DAIANE SOLANGE STOEBERL DA CUNHA<\/span><\/li>\n<li style=\"font-weight: 400\"><span style=\"font-weight: 400\">PROJETO DE PESQUISA: A integra\u00e7\u00e3o das Artes: processos criativos e pedag\u00f3gicos<\/span><\/li>\n<\/ul>\n<\/li>\n<\/ul>\n<p><span style=\"font-weight: 400\">PLANO DE ATIVIDADES: <\/span><span style=\"font-weight: 400\">A sinestesia nos processos criativos e suas implica\u00e7\u00f5es pedag\u00f3gicas <\/span>[\/vc_column_text][\/vc_tta_section][\/vc_tta_accordion][\/vc_column][\/vc_row][vc_row][vc_column][vc_images_carousel images=&#8221;369,368,367,366,365,364,363,362,361,360,359,358,357,356,355,354,353,352,351,350,349,348,347,346,345,344,343,342&#8243; autoplay=&#8221;yes&#8221; hide_pagination_control=&#8221;yes&#8221; partial_view=&#8221;yes&#8221; css_animation=&#8221;fadeInDown&#8221; title=&#8221;\u201cRe vistas e T\u00e1 lento\u201d&#8221;][\/vc_column][\/vc_row][vc_row][vc_column][vc_images_carousel images=&#8221;292,291&#8243; hide_pagination_control=&#8221;yes&#8221; partial_view=&#8221;yes&#8221; title=&#8221;Projetos dos Professores&#8221;][\/vc_column][\/vc_row]<\/p>\n<\/div>","protected":false},"excerpt":{"rendered":"<p>[vc_row][vc_column][vc_tta_accordion][vc_tta_section title=&#8221;PROJETO DE PESQUISA CONTINUADA&#8221; tab_id=&#8221;1602074828124-3cccb42d-6ca1&#8243;][vc_column_text] Profa. Dra. Daiane Solange Stoeberl da Cunha\u00a0 Projeto de Pesquisa Continuada\u00a0 RESOLU\u00c7\u00c3O N\u00ba 014\/2018-CONSET\/SEHLA\/G\/UNICENTRO, DE 13 DE MAR\u00c7O DE 2018 Link: https:\/\/sgu.unicentro.br\/pcatooficiais\/imprimir\/7708D35C O prazo de vig\u00eancia de 1\u00b0 de junho de 2018 a 31 de maio de 2021.\u00a0 Vinculado \u00e0 Linha de Pesquisa: Arte e Ensino &nbsp; Profa. Ms. [&hellip;]<\/p>\n","protected":false},"author":3,"featured_media":0,"parent":0,"menu_order":0,"comment_status":"closed","ping_status":"closed","template":"","meta":{"_exactmetrics_skip_tracking":false,"_exactmetrics_sitenote_active":false,"_exactmetrics_sitenote_note":"","_exactmetrics_sitenote_category":0,"footnotes":"","_links_to":"","_links_to_target":""},"class_list":["post-44","page","type-page","status-publish","hentry"],"_links":{"self":[{"href":"https:\/\/www3.unicentro.br\/deart\/wp-json\/wp\/v2\/pages\/44","targetHints":{"allow":["GET"]}}],"collection":[{"href":"https:\/\/www3.unicentro.br\/deart\/wp-json\/wp\/v2\/pages"}],"about":[{"href":"https:\/\/www3.unicentro.br\/deart\/wp-json\/wp\/v2\/types\/page"}],"author":[{"embeddable":true,"href":"https:\/\/www3.unicentro.br\/deart\/wp-json\/wp\/v2\/users\/3"}],"replies":[{"embeddable":true,"href":"https:\/\/www3.unicentro.br\/deart\/wp-json\/wp\/v2\/comments?post=44"}],"version-history":[{"count":0,"href":"https:\/\/www3.unicentro.br\/deart\/wp-json\/wp\/v2\/pages\/44\/revisions"}],"wp:attachment":[{"href":"https:\/\/www3.unicentro.br\/deart\/wp-json\/wp\/v2\/media?parent=44"}],"curies":[{"name":"wp","href":"https:\/\/api.w.org\/{rel}","templated":true}]}}