{"id":42,"date":"2017-05-05T11:37:26","date_gmt":"2017-05-05T14:37:26","guid":{"rendered":"https:\/\/www3.unicentro.br\/deart\/?page_id=42"},"modified":"2021-06-04T13:20:59","modified_gmt":"2021-06-04T16:20:59","slug":"grupos-de-pesquisa","status":"publish","type":"page","link":"https:\/\/www3.unicentro.br\/deart\/grupos-de-pesquisa\/","title":{"rendered":"Grupos de Pesquisa"},"content":{"rendered":"<div class=\"wpb-content-wrapper\"><p>[vc_row][vc_column][vc_media_grid element_width=&#8221;12&#8243; grid_id=&#8221;vc_gid:1622823296381-9f563cc6c845790ee1be56ea0c21616d-0&#8243;][vc_column_text]<\/p>\n<p style=\"text-align: justify\"><span style=\"font-weight: 400\">O Grupo de Pesquisa em Artes \u00e9 cadastrado na Plataforma do Diret\u00f3rio do Grupo de Pesquisa &#8211; Cnpq. Pesquisas na linha de Educa\u00e7\u00e3o, Cultura e Diversidade do Programa de P\u00f3s-Gradua\u00e7\u00e3o em Educa\u00e7\u00e3o (PPGE) da UNICENTRO, com Mestrados conclu\u00eddos e em andamento. Pesquisas de docentes e orientandos(as) do Curso de Licenciatura em Arte nas linhas de Arte e Ensino e Processos Criativos, com bolsistas PAIC\/Funda\u00e7\u00e3o Arauc\u00e1ria, PIBIC\/CNPq e volunt\u00e1rios. Dissemina\u00e7\u00e3o em associa\u00e7\u00f5es nacionais (ANPED, ABRACE, ANPAP e ANPPOM, Fazendo G\u00eanero) e internacionais. Publica\u00e7\u00f5es de artigos em peri\u00f3dicos qualificados, livros e cap\u00edtulos de livros no Brasil e no exterior. A\u00e7\u00f5es de colabora\u00e7\u00e3o no Canad\u00e1, nos Estados Unidos e na Espanha.\u00a0<\/span><\/p>\n<p style=\"text-align: justify\"><span style=\"font-weight: 400\">A<\/span><span style=\"font-weight: 400\">s linhas de Pesquisa:\u00a0<\/span><\/p>\n<p style=\"text-align: justify\"><b>Arte e ensino:\u00a0<\/b><\/p>\n<p style=\"text-align: justify\"><span style=\"font-weight: 400\">Objetivo: Investiga\u00e7\u00e3o de pr\u00e1ticas educativas, pedag\u00f3gicas e docentes, abrangendo a interdisciplinaridade no ensino da arte, conforme os recortes dos pesquisadores de artes c\u00eanicas (teatro, dan\u00e7a, performance e educa\u00e7\u00e3o musical) e as artes visuais.<\/span><\/p>\n<p style=\"text-align: justify\"><b>Arte e Sociedade:\u00a0<\/b><\/p>\n<p style=\"text-align: justify\"><span style=\"font-weight: 400\">Objetivo:Pesquisar as artes a partir de correntes sociol\u00f3gicas de teoria e cr\u00edtica.<\/span><\/p>\n<p style=\"text-align: justify\"><b>Educa\u00e7\u00e3o, Cultura e Diversidade:\u00a0<\/b><\/p>\n<p style=\"text-align: justify\"><span style=\"font-weight: 400\">Objetivo: Desenvolver projetos pertinentes ao Programa de P\u00f3s-Gradua\u00e7\u00e3o em Educa\u00e7\u00e3o (PPGE) da Unicentro. Pesquisar tem\u00e1ticas de cultura e diversidade relacionadas a processos criativos e ensino, abrangendo aspectos do curr\u00edculo e\/ou da forma\u00e7\u00e3o de professores de Arte atuantes em institui\u00e7\u00f5es da educa\u00e7\u00e3o b\u00e1sica e\/ou superior. A linha tamb\u00e9m \u00e9 praticada por docentes do Departamento de Arte (DEART) da UNICENTRO, em projetos de Pesquisa em Arte e de Inicia\u00e7\u00e3o Cient\u00edfica (PIBIC).<\/span><\/p>\n<p style=\"text-align: justify\"><b>Processos Criativos:\u00a0<\/b><\/p>\n<p style=\"text-align: justify\"><span style=\"font-weight: 400\">Objetivo: Investigar as op\u00e7\u00f5es e\/ou as buscas est\u00e9ticas e\/ou po\u00e9ticas, as influ\u00eancias, as rela\u00e7\u00f5es culturais e\/ou hist\u00f3ricas (inclusive a constru\u00e7\u00e3o de g\u00eaneros e sexualidades), os processos de transmiss\u00e3o e\/ou de recep\u00e7\u00e3o, contemplando as fronteiras das artes em suas diversas linguagens, conforme a delimita\u00e7\u00e3o de cada pesquisador(a).<\/span><\/p>\n<p style=\"text-align: justify\"><span style=\"font-weight: 400\">Para acessar o espelho do grupo acesse.\u00a0<\/span><\/p>\n<p><a href=\"http:\/\/dgp.cnpq.br\/dgp\/espelhogrupo\/0947436586936655\">http:\/\/dgp.cnpq.br\/dgp\/espelhogrupo\/0947436586936655<\/a><\/p>\n<p style=\"text-align: justify\"><span style=\"font-weight: 400\">INSTAGRAN: @grupopesquisaartes<\/span><\/p>\n<p style=\"text-align: justify\"><span style=\"font-weight: 400\">Youtube do Grupo de Pesquisa em Artes:\u00a0<\/span><\/p>\n<p style=\"text-align: justify\"><span style=\"font-weight: 400\">\u00a0<\/span><a href=\"https:\/\/www.youtube.com\/channel\/UCQo-m1p6hGGMqDwvoFWUQ6w\"><span style=\"font-weight: 400\">https:\/\/www.youtube.com\/channel\/UCQo-m1p6hGGMqDwvoFWUQ6w<\/span><\/a><\/p>\n<p>[\/vc_column_text][\/vc_column][\/vc_row][vc_row][vc_column][\/vc_column][\/vc_row]<\/p>\n<\/div>","protected":false},"excerpt":{"rendered":"<p>[vc_row][vc_column][vc_media_grid element_width=&#8221;12&#8243; grid_id=&#8221;vc_gid:1622823296381-9f563cc6c845790ee1be56ea0c21616d-0&#8243;][vc_column_text] O Grupo de Pesquisa em Artes \u00e9 cadastrado na Plataforma do Diret\u00f3rio do Grupo de Pesquisa &#8211; Cnpq. Pesquisas na linha de Educa\u00e7\u00e3o, Cultura e Diversidade do Programa de P\u00f3s-Gradua\u00e7\u00e3o em Educa\u00e7\u00e3o (PPGE) da UNICENTRO, com Mestrados conclu\u00eddos e em andamento. Pesquisas de docentes e orientandos(as) do Curso de Licenciatura em Arte [&hellip;]<\/p>\n","protected":false},"author":3,"featured_media":0,"parent":0,"menu_order":0,"comment_status":"closed","ping_status":"closed","template":"","meta":{"_exactmetrics_skip_tracking":false,"_exactmetrics_sitenote_active":false,"_exactmetrics_sitenote_note":"","_exactmetrics_sitenote_category":0,"footnotes":"","_links_to":"","_links_to_target":""},"class_list":["post-42","page","type-page","status-publish","hentry"],"_links":{"self":[{"href":"https:\/\/www3.unicentro.br\/deart\/wp-json\/wp\/v2\/pages\/42","targetHints":{"allow":["GET"]}}],"collection":[{"href":"https:\/\/www3.unicentro.br\/deart\/wp-json\/wp\/v2\/pages"}],"about":[{"href":"https:\/\/www3.unicentro.br\/deart\/wp-json\/wp\/v2\/types\/page"}],"author":[{"embeddable":true,"href":"https:\/\/www3.unicentro.br\/deart\/wp-json\/wp\/v2\/users\/3"}],"replies":[{"embeddable":true,"href":"https:\/\/www3.unicentro.br\/deart\/wp-json\/wp\/v2\/comments?post=42"}],"version-history":[{"count":0,"href":"https:\/\/www3.unicentro.br\/deart\/wp-json\/wp\/v2\/pages\/42\/revisions"}],"wp:attachment":[{"href":"https:\/\/www3.unicentro.br\/deart\/wp-json\/wp\/v2\/media?parent=42"}],"curies":[{"name":"wp","href":"https:\/\/api.w.org\/{rel}","templated":true}]}}