{"id":40,"date":"2017-05-05T11:37:26","date_gmt":"2017-05-05T14:37:26","guid":{"rendered":"https:\/\/www3.unicentro.br\/deart\/?page_id=40"},"modified":"2020-11-11T15:13:16","modified_gmt":"2020-11-11T18:13:16","slug":"eventos","status":"publish","type":"page","link":"https:\/\/www3.unicentro.br\/deart\/eventos\/","title":{"rendered":"Mostras de Arte"},"content":{"rendered":"<div class=\"wpb-content-wrapper\"><p>[vc_row][vc_column][vc_column_text]<\/p>\n<p style=\"text-align: justify\"><span style=\"font-weight: 400\">As Mostras de Arte s\u00e3o projetos de extens\u00e3o no formato de eventos extensionistas realizados periodicamente ao final dos semestres letivos com o objetivo de <\/span><span style=\"font-weight: 400\">possibilitar aos acad\u00eamicos do curso de Arte\/UNICENTRO, aos professores de Arte da regi\u00e3o de Guarapuava, aos pesquisadores, artistas e a comunidade em geral um espa\u00e7o de di\u00e1logo e reflex\u00e3o a partir da Mostra Art\u00edstica e da comunica\u00e7\u00e3o de trabalhos acad\u00eamicos produzidos no DEART.<\/span><\/p>\n<p style=\"text-align: justify\"><span style=\"font-weight: 400\">As mostras se constituem em espa\u00e7os de exposi\u00e7\u00e3o e socializa\u00e7\u00e3o de a\u00e7\u00f5es de ensino, pesquisa e extens\u00e3o do curso de Arte da Unicentro.\u00a0<\/span><\/p>\n<p style=\"text-align: justify\"><span style=\"font-weight: 400\">A Mostra de Arte \u00e9 realizada pelos professores e alunos que exp\u00f5em seus trabalhos coletivos e individuais produzidos durante o semestre\/ano\u00a0 letivo. Tem como <\/span><span style=\"font-weight: 400\">p\u00fablico alvo: Discentes e Docentes do curso de Arte, educadores\u00a0 pesquisadores, artistas e comunidade em geral. Pretende-se envolver, al\u00e9m da comunidade acad\u00eamica, pessoas interessadas da cidade de Guarapuava (tais como professores da Educa\u00e7\u00e3o B\u00e1sica e estudantes da Educa\u00e7\u00e3o B\u00e1sica e de outras IES) e das outras cidades da regi\u00e3o que se interessem por Arte e Educa\u00e7\u00e3o.<\/span><\/p>\n<p style=\"text-align: justify\"><span style=\"font-weight: 400\">Assim, considerando a import\u00e2ncia de oportunizar o di\u00e1logo entre os docentes e os acad\u00eamicos do curso n\u00e3o s\u00f3 perante o meio acad\u00eamico, mas tamb\u00e9m junto a comunidade, a Mostra de Artes deste ano de 2003 pretende estabelecer um espa\u00e7o de troca e mostra dos trabalhos produzidos pelo DEART ao longo do ano letivo.<\/span><\/p>\n<p style=\"text-align: justify\"><span style=\"font-weight: 400\">Link para o site dos anais das Mostras de Arte:\u00a0<\/span><\/p>\n<p style=\"text-align: justify\"><a href=\"https:\/\/evento.unicentro.br\/anais\/mostradearte\"><span style=\"font-weight: 400\">https:\/\/evento.unicentro.br\/anais\/mostradearte<\/span><\/a><\/p>\n<p>[\/vc_column_text][\/vc_column][\/vc_row][vc_row][vc_column][vc_media_grid element_width=&#8221;6&#8243; grid_id=&#8221;vc_gid:1605118354115-983f8d3f-4a12-8&#8243; include=&#8221;325,324&#8243;][\/vc_column][\/vc_row]<\/p>\n<\/div>","protected":false},"excerpt":{"rendered":"<p>[vc_row][vc_column][vc_column_text] As Mostras de Arte s\u00e3o projetos de extens\u00e3o no formato de eventos extensionistas realizados periodicamente ao final dos semestres letivos com o objetivo de possibilitar aos acad\u00eamicos do curso de Arte\/UNICENTRO, aos professores de Arte da regi\u00e3o de Guarapuava, aos pesquisadores, artistas e a comunidade em geral um espa\u00e7o de di\u00e1logo e reflex\u00e3o a [&hellip;]<\/p>\n","protected":false},"author":3,"featured_media":0,"parent":0,"menu_order":0,"comment_status":"closed","ping_status":"closed","template":"","meta":{"_exactmetrics_skip_tracking":false,"_exactmetrics_sitenote_active":false,"_exactmetrics_sitenote_note":"","_exactmetrics_sitenote_category":0,"footnotes":"","_links_to":"","_links_to_target":""},"class_list":["post-40","page","type-page","status-publish","hentry"],"_links":{"self":[{"href":"https:\/\/www3.unicentro.br\/deart\/wp-json\/wp\/v2\/pages\/40","targetHints":{"allow":["GET"]}}],"collection":[{"href":"https:\/\/www3.unicentro.br\/deart\/wp-json\/wp\/v2\/pages"}],"about":[{"href":"https:\/\/www3.unicentro.br\/deart\/wp-json\/wp\/v2\/types\/page"}],"author":[{"embeddable":true,"href":"https:\/\/www3.unicentro.br\/deart\/wp-json\/wp\/v2\/users\/3"}],"replies":[{"embeddable":true,"href":"https:\/\/www3.unicentro.br\/deart\/wp-json\/wp\/v2\/comments?post=40"}],"version-history":[{"count":0,"href":"https:\/\/www3.unicentro.br\/deart\/wp-json\/wp\/v2\/pages\/40\/revisions"}],"wp:attachment":[{"href":"https:\/\/www3.unicentro.br\/deart\/wp-json\/wp\/v2\/media?parent=40"}],"curies":[{"name":"wp","href":"https:\/\/api.w.org\/{rel}","templated":true}]}}