{"id":38,"date":"2017-05-05T11:37:27","date_gmt":"2017-05-05T14:37:27","guid":{"rendered":"https:\/\/www3.unicentro.br\/deart\/?page_id=38"},"modified":"2023-06-19T09:52:21","modified_gmt":"2023-06-19T12:52:21","slug":"parcerias","status":"publish","type":"page","link":"https:\/\/www3.unicentro.br\/deart\/parcerias\/","title":{"rendered":"Simp\u00f3sio de Arte"},"content":{"rendered":"<div class=\"wpb-content-wrapper\"><p>[vc_row][vc_column][vc_single_image image=&#8221;989&#8243; img_size=&#8221;full&#8221; alignment=&#8221;center&#8221; onclick=&#8221;custom_link&#8221; link=&#8221;https:\/\/evento.unicentro.br\/site\/sia\/2023\/1&#8243;][\/vc_column][\/vc_row][vc_row][vc_column][vc_column_text]<\/p>\n<p style=\"text-align: justify\"><span style=\"font-weight: 400\">A Universidade Estadual do Centro-Oeste (Unicentro), por meio do Departamento de Arte e estabelecendo parcerias com outras Institui\u00e7\u00f5es e com Grupos de Pesquisa, promove, periodicamente desde 2003, o Simp\u00f3sio de Arte e Educa\u00e7\u00e3o, que\u00a0 em 2021 chegar\u00e1 \u00e0 sua d\u00e9cima terceira edi\u00e7\u00e3o.<\/span><\/p>\n<p style=\"text-align: justify\"><span style=\"font-weight: 400\">O Simp\u00f3sio de Arte e Educa\u00e7\u00e3o \u00e9 o principal espa\u00e7o de interc\u00e2mbio, aperfei\u00e7oamento e dissemina\u00e7\u00e3o de pesquisas realizadas na \u00e1rea de Artes e nas \u00e1reas afins (como Pedagogia, Hist\u00f3ria, Filosofia, Letras e Comunica\u00e7\u00e3o Social) da regi\u00e3o centro-sul do estado do Paran\u00e1, fundamental para o di\u00e1logo entre artistas, produtores culturais, discentes, pesquisadores e docentes do ensino superior e da educa\u00e7\u00e3o b\u00e1sica desta regi\u00e3o.<\/span><\/p>\n<p style=\"text-align: justify\"><span style=\"font-weight: 400\">O evento, que normalmente dura uma semana, tem o objetivo de amenizar a lacuna existente em Guarapuava e regi\u00e3o quanto \u00e0 atualiza\u00e7\u00e3o na forma\u00e7\u00e3o dos professores que atuar\u00e3o ou atuam nas diferentes etapas e modalidades da Educa\u00e7\u00e3o B\u00e1sica e da Educa\u00e7\u00e3o Superior, principalmente por meio da organiza\u00e7\u00e3o e promo\u00e7\u00e3o de oficinas, mesas redondas, comunica\u00e7\u00f5es e palestras.<\/span><\/p>\n<p style=\"text-align: justify\"><span style=\"font-weight: 400\">Devido a localiza\u00e7\u00e3o geogr\u00e1fica privilegiada de Guarapuava (localizada no centro do entroncamento rodoferrovi\u00e1rio de import\u00e2ncia nacional, denominado corredor do Mercosul, entre os munic\u00edpios de Foz do Igua\u00e7u e Curitiba), o evento proporciona a efetiva participa\u00e7\u00e3o de acad\u00eamicos e professores das Universidades e Redes Escolares das cidades da regi\u00e3o, como Francisco Beltr\u00e3o, Realeza, Cascavel, Foz do Igua\u00e7u, Pato Branco, Palmas, Ponta Grossa etc., al\u00e9m das cidades pertencentes aos polos do ensino \u00e0 dist\u00e2ncia.<\/span><\/p>\n<p style=\"text-align: justify\"><span style=\"font-weight: 400\">Conscientes sobre a rela\u00e7\u00e3o entre a complexidade de discuss\u00e3o sobre o tema e a multiplicidade de p\u00fablico-alvo (artistas, produtores culturais, discentes, pesquisadores e docentes do ensino superior e da educa\u00e7\u00e3o b\u00e1sica desta regi\u00e3o), a comiss\u00e3o organizadora idealiza as suas atividades a fim de possibilitar a converg\u00eancia e o desdobramento entre diferentes discuss\u00f5es e tem\u00e1ticas, tornando a semana uma progress\u00e3o de reflex\u00f5es acess\u00edvel a participantes iniciantes e rica a participantes intermedi\u00e1rios e avan\u00e7ados.<\/span><\/p>\n<p style=\"text-align: justify\"><span style=\"font-weight: 400\">O evento tem se consolidado como espa\u00e7o para dissemina\u00e7\u00e3o de pesquisas e divulga\u00e7\u00e3o de atividades art\u00edsticas e tamb\u00e9m para reflex\u00e3o sobre o ensino de arte na atualidade. Profissionais de diferentes regi\u00f5es do pa\u00eds e tamb\u00e9m de outros pa\u00edses s\u00e3o convidados a contribuir com essa reflex\u00e3o, por meio de confer\u00eancias, oficinas e mesas-redondas, enriquecendo as discuss\u00f5es sobre o papel da arte na educa\u00e7\u00e3o. O evento tamb\u00e9m objetiva promover a amplia\u00e7\u00e3o de repert\u00f3rio.\u00a0<\/span><\/p>\n<p style=\"text-align: justify\"><span style=\"font-weight: 400\">A cada ano, o evento prop\u00f5e diferente tem\u00e1tica, buscando profissionais de refer\u00eancia para contribuir com quest\u00f5es atuais na \u00e1rea.<\/span><\/p>\n<p style=\"text-align: justify\">[\/vc_column_text][vc_media_grid grid_id=&#8221;vc_gid:1687178957943-af097cf0-6ff5-1&#8243; include=&#8221;299,298,297&#8243;][\/vc_column][\/vc_row][vc_row][vc_column][vc_cta h2=&#8221;Anais do Evento e Anteriores&#8221;]<\/p>\n<p style=\"text-align: justify\"><span style=\"font-weight: 400\">Os anais das \u00faltimas edi\u00e7\u00f5es do Simp\u00f3sio podem ser encontradas online:<\/span><\/p>\n<p style=\"text-align: justify\"><span style=\"font-weight: 400\">IX SIMP\u00d3SIO DE ARTE-EDUCA\u00c7\u00c3O (2012)\u00a0 ISSN 2316-1418 v.1, n.1 <a href=\"https:\/\/anais.unicentro.br\/simposioarte\/pesquisa_anais2012.php\">https:\/\/anais.unicentro.br\/simposioarte\/pesquisa_anais2012.php<\/a><\/span><!--more--><\/p>\n<p style=\"text-align: justify\"><span style=\"font-weight: 400\">X\u00a0 SIMP\u00d3SIO INTERNACIONAL DE ARTE-EDUCA\u00c7\u00c3O (2013) \u2013 ISSN 2316-1418 v.2, n.1 <a href=\"https:\/\/anais.unicentro.br\/simposioarte\/pesquisa_anais2013.php\">https:\/\/anais.unicentro.br\/simposioarte\/pesquisa_anais2013.php<\/a><\/span><\/p>\n<p style=\"text-align: justify\"><span style=\"font-weight: 400\">XI SIMP\u00d3SIO INTERNACIONAL DE ARTE-EDUCA\u00c7\u00c3O (2014) ISSN 2316-1418 v.3, n.1 <\/span><a href=\"https:\/\/anais.unicentro.br\/simposioarte\/pesquisa_anais2014.php\"><span style=\"font-weight: 400\">https:\/\/anais.unicentro.br\/simposioarte\/pesquisa_anais2014.php<\/span><\/a><\/p>\n<p style=\"text-align: justify\"><span style=\"font-weight: 400\">XII SIMP\u00d3SIO INTERNACIONAL DE ARTE-EDUCA\u00c7\u00c3O (2016) ISSN: 2316-1418 v. 4, n. 1 <\/span><a href=\"https:\/\/anais.unicentro.br\/pesquisa\/#tabs-1\"><span style=\"font-weight: 400\">https:\/\/anais.unicentro.br\/pesquisa\/#tabs-1<\/span><\/a><\/p>\n<p style=\"text-align: justify\"><span style=\"font-weight: 400\">Saiba como foi o X Simp\u00f3sio: <a href=\"https:\/\/www.facebook.com\/xsimposiodearte\">https:\/\/www.facebook.com\/xsimposiodearte<\/a><\/span><\/p>\n<p style=\"text-align: justify\"><span style=\"font-weight: 400\">Saiba como foi o XI Simp\u00f3sio: <\/span><a href=\"https:\/\/www.facebook.com\/xisimposiodearte\"><span style=\"font-weight: 400\">https:\/\/www.facebook.com\/xisimposiodearte<\/span><\/a><\/p>\n<p style=\"text-align: justify\"><span style=\"font-weight: 400\">Saiba como foi o XII Simp\u00f3sio:\u00a0<\/span><\/p>\n<p style=\"text-align: justify\"><a href=\"https:\/\/www.facebook.com\/events\/231430150547838\/?acontext=%7B%22event_action_history%22%3A[%7B%22mechanism%22%3A%22search_results%22%2C%22surface%22%3A%22search%22%7D]%7D\"><span style=\"font-weight: 400\">https:\/\/www.facebook.com\/events\/231430150547838\/?acontext=%7B%22event_action_history%22%3A[%7B%22mechanism%22%3A%22search_results%22%2C%22surface%22%3A%22search%22%7D]%7D<\/span><\/a><\/p>\n<p>[\/vc_cta][\/vc_column][\/vc_row]<\/p>\n<\/div>","protected":false},"excerpt":{"rendered":"<p>[vc_row][vc_column][vc_single_image image=&#8221;989&#8243; img_size=&#8221;full&#8221; alignment=&#8221;center&#8221; onclick=&#8221;custom_link&#8221; link=&#8221;https:\/\/evento.unicentro.br\/site\/sia\/2023\/1&#8243;][\/vc_column][\/vc_row][vc_row][vc_column][vc_column_text] A Universidade Estadual do Centro-Oeste (Unicentro), por meio do Departamento de Arte e estabelecendo parcerias com outras Institui\u00e7\u00f5es e com Grupos de Pesquisa, promove, periodicamente desde 2003, o Simp\u00f3sio de Arte e Educa\u00e7\u00e3o, que\u00a0 em 2021 chegar\u00e1 \u00e0 sua d\u00e9cima terceira edi\u00e7\u00e3o. O Simp\u00f3sio de Arte e Educa\u00e7\u00e3o \u00e9 [&hellip;]<\/p>\n","protected":false},"author":3,"featured_media":0,"parent":0,"menu_order":0,"comment_status":"closed","ping_status":"closed","template":"","meta":{"_exactmetrics_skip_tracking":false,"_exactmetrics_sitenote_active":false,"_exactmetrics_sitenote_note":"","_exactmetrics_sitenote_category":0,"footnotes":"","_links_to":"","_links_to_target":""},"class_list":["post-38","page","type-page","status-publish","hentry"],"_links":{"self":[{"href":"https:\/\/www3.unicentro.br\/deart\/wp-json\/wp\/v2\/pages\/38","targetHints":{"allow":["GET"]}}],"collection":[{"href":"https:\/\/www3.unicentro.br\/deart\/wp-json\/wp\/v2\/pages"}],"about":[{"href":"https:\/\/www3.unicentro.br\/deart\/wp-json\/wp\/v2\/types\/page"}],"author":[{"embeddable":true,"href":"https:\/\/www3.unicentro.br\/deart\/wp-json\/wp\/v2\/users\/3"}],"replies":[{"embeddable":true,"href":"https:\/\/www3.unicentro.br\/deart\/wp-json\/wp\/v2\/comments?post=38"}],"version-history":[{"count":0,"href":"https:\/\/www3.unicentro.br\/deart\/wp-json\/wp\/v2\/pages\/38\/revisions"}],"wp:attachment":[{"href":"https:\/\/www3.unicentro.br\/deart\/wp-json\/wp\/v2\/media?parent=38"}],"curies":[{"name":"wp","href":"https:\/\/api.w.org\/{rel}","templated":true}]}}