{"id":30,"date":"2017-05-05T11:37:27","date_gmt":"2017-05-05T14:37:27","guid":{"rendered":"https:\/\/www3.unicentro.br\/deart\/?page_id=30"},"modified":"2020-11-11T07:43:20","modified_gmt":"2020-11-11T10:43:20","slug":"pibidmusica","status":"publish","type":"page","link":"https:\/\/www3.unicentro.br\/deart\/pibidmusica\/","title":{"rendered":"PIBID"},"content":{"rendered":"<div class=\"wpb-content-wrapper\"><p>[vc_row][vc_column][vc_column_text]<\/p>\n<p style=\"text-align: justify\"><span style=\"font-weight: 400\">A Licenciatura em Arte da Unicentro realizou projeto do Programa de Incentivo e Bolsa de Inicia\u00e7\u00e3o \u00e0 Doc\u00eancia &#8211; PIBID &#8211; Capes, durante os anos de 2010 a 2017. Inicialmente com projeto voltado para o ensino musical nas aulas de Arte e posteriormente com projetos de Ensino das Artes Integradas. A professora Daiane S. S. Cunha foi a coordenadora de 2010 a 2015 e a professora \u00c9rica Dias Gomes nos anos de 2016 e 2017.<\/span><\/p>\n<p style=\"text-align: justify\"><span style=\"font-weight: 400\">Este subprojeto possibilitou a qualifica\u00e7\u00e3o da forma\u00e7\u00e3o de cerca de 50\u00a0 professores de Arte junto a 6 escolas Estaduais do munic\u00edpio de Guarapuava. Os in\u00fameros projetos de ensino realizados coletivamente pelos acad\u00eamicos de Arte, sob supervis\u00e3o de professores de Arte da Rede estadual de ensino e coordena\u00e7\u00e3o das professoras universit\u00e1rias abordam diferentes tem\u00e1ticas, inovando metodologias e cria\u00e7\u00e3o de materiais did\u00e1ticos. Grande parte das produ\u00e7\u00f5es do PIBID\/Arte est\u00e3o no blog do subprojeto <\/span><a href=\"http:\/\/pibidarte.blogspot.com\/\"><b>http:\/\/pibidarte.blogspot.com\/<\/b><\/a><b>.<\/b><\/p>\n<p style=\"text-align: justify\"><span style=\"font-weight: 400\">Os resultados das a\u00e7\u00f5es realizadas pelo PIBID\/Arte s\u00e3o incont\u00e1veis. Este programa qualifica a forma\u00e7\u00e3o inicial dos estudantes, a forma\u00e7\u00e3o continuada dos professores atuantes na rede p\u00fablica de Educa\u00e7\u00e3o B\u00e1sica e dos professores universit\u00e1rios. A aproxima\u00e7\u00e3o e o v\u00ednculo entre Ensino Superior e Educa\u00e7\u00e3o B\u00e1sica promovem a qualifica\u00e7\u00e3o do ensino, da pesquisa e da extens\u00e3o.<\/span><\/p>\n<p>[\/vc_column_text][\/vc_column][\/vc_row][vc_row][vc_column][vc_single_image image=&#8221;424&#8243; alignment=&#8221;center&#8221; css_animation=&#8221;fadeInDown&#8221;][\/vc_column][\/vc_row]<\/p>\n<\/div>","protected":false},"excerpt":{"rendered":"<p>[vc_row][vc_column][vc_column_text] A Licenciatura em Arte da Unicentro realizou projeto do Programa de Incentivo e Bolsa de Inicia\u00e7\u00e3o \u00e0 Doc\u00eancia &#8211; PIBID &#8211; Capes, durante os anos de 2010 a 2017. Inicialmente com projeto voltado para o ensino musical nas aulas de Arte e posteriormente com projetos de Ensino das Artes Integradas. A professora Daiane S. [&hellip;]<\/p>\n","protected":false},"author":3,"featured_media":0,"parent":0,"menu_order":0,"comment_status":"closed","ping_status":"closed","template":"","meta":{"_exactmetrics_skip_tracking":false,"_exactmetrics_sitenote_active":false,"_exactmetrics_sitenote_note":"","_exactmetrics_sitenote_category":0,"footnotes":"","_links_to":"","_links_to_target":""},"class_list":["post-30","page","type-page","status-publish","hentry"],"_links":{"self":[{"href":"https:\/\/www3.unicentro.br\/deart\/wp-json\/wp\/v2\/pages\/30","targetHints":{"allow":["GET"]}}],"collection":[{"href":"https:\/\/www3.unicentro.br\/deart\/wp-json\/wp\/v2\/pages"}],"about":[{"href":"https:\/\/www3.unicentro.br\/deart\/wp-json\/wp\/v2\/types\/page"}],"author":[{"embeddable":true,"href":"https:\/\/www3.unicentro.br\/deart\/wp-json\/wp\/v2\/users\/3"}],"replies":[{"embeddable":true,"href":"https:\/\/www3.unicentro.br\/deart\/wp-json\/wp\/v2\/comments?post=30"}],"version-history":[{"count":0,"href":"https:\/\/www3.unicentro.br\/deart\/wp-json\/wp\/v2\/pages\/30\/revisions"}],"wp:attachment":[{"href":"https:\/\/www3.unicentro.br\/deart\/wp-json\/wp\/v2\/media?parent=30"}],"curies":[{"name":"wp","href":"https:\/\/api.w.org\/{rel}","templated":true}]}}