{"id":28,"date":"2017-05-05T11:37:26","date_gmt":"2017-05-05T14:37:26","guid":{"rendered":"https:\/\/www3.unicentro.br\/deart\/?page_id=28"},"modified":"2020-11-11T15:07:53","modified_gmt":"2020-11-11T18:07:53","slug":"monitoriatutoria","status":"publish","type":"page","link":"https:\/\/www3.unicentro.br\/deart\/monitoriatutoria\/","title":{"rendered":"Monitoria\/Tutoria"},"content":{"rendered":"<div class=\"wpb-content-wrapper\"><p>[vc_row][vc_column][vc_tta_accordion][vc_tta_section title=&#8221;MONITORIA&#8221; tab_id=&#8221;1604236138527-40f44b61-e313&#8243;][vc_column_text]<\/p>\n<p style=\"text-align: justify\"><span style=\"font-weight: 400\">A Licenciatura em Arte abre anualmente vagas em diferentes disciplinas para alunos que queiram realizar monitoria. Podem participar os acad\u00eamicos regularmente matriculados em cursos de gradua\u00e7\u00e3o, com oferta de vagas na modalidade volunt\u00e1ria.\u00a0<\/span><\/p>\n<p style=\"text-align: justify\"><span style=\"font-weight: 400\">As atividades de monitoria oportunizam aos acad\u00eamicos monitores o desenvolvimento de a\u00e7\u00f5es did\u00e1tico-pedag\u00f3gicas no \u00e2mbito das disciplinas regularmente ofertadas, tendo como objetivos: cultivar o interesse pelo magist\u00e9rio superior; oportunizar ao acad\u00eamico monitor uma maior amplitude de conhecimentos com rela\u00e7\u00e3o ao processo de ensino-aprendizagem; auxiliar na execu\u00e7\u00e3o do programa da disciplina, tendo em vista a melhoria da qualidade do ensino de gradua\u00e7\u00e3o; aprofundar conhecimentos te\u00f3ricos e pr\u00e1ticos, proporcionando complementa\u00e7\u00e3o de estudos e contribuindo para a diminui\u00e7\u00e3o da evas\u00e3o e da reprova\u00e7\u00e3o; auxiliar na forma\u00e7\u00e3o de docentes para o ensino superior por meio do desenvolvimento de metodologias de ensino.<\/span><\/p>\n<p style=\"text-align: justify\"><span style=\"font-weight: 400\">\u00a0O acad\u00eamico monitor deve elaborar o Plano de Atividades juntamente com o Professor Orientador e dedicar doze horas semanais \u00e0s atividades durante todo o per\u00edodo da monitoria, que tem dura\u00e7\u00e3o de, no m\u00e1ximo, 9 meses.<\/span><\/p>\n<p style=\"text-align: justify\"><span style=\"font-weight: 400\">Para acessar mais informa\u00e7\u00f5es sobre a Monitoria acesse: <\/span><a href=\"https:\/\/www3.unicentro.br\/proen\/programas-institucionais\/monitoria\/\"><span style=\"font-weight: 400\">https:\/\/www3.unicentro.br\/proen\/programas-institucionais\/monitoria\/<\/span><\/a><\/p>\n<p>[\/vc_column_text][vc_masonry_media_grid element_width=&#8221;12&#8243; grid_id=&#8221;vc_gid:1605117860563-77c1bc73-4672-0&#8243; include=&#8221;323&#8243;][\/vc_tta_section][vc_tta_section title=&#8221;TUTORIA&#8221; tab_id=&#8221;1604236138527-57ba4f4e-acff&#8221;][vc_column_text]<\/p>\n<p style=\"text-align: justify\"><span style=\"font-weight: 400\">O programa de tutoria visa atender aos alunos pertencentes a grupos que necessitam de a\u00e7\u00f5es inclusivas, apontando, com isso, possibilidades de inser\u00e7\u00e3o \u00e0 din\u00e2mica da universidade e \u00e0s caracter\u00edsticas da vida universit\u00e1ria, oferecendo-lhes a necess\u00e1ria orienta\u00e7\u00e3o no encaminhamento de suas atividades acad\u00eamicas. Podem se inscrever como tutores nesse programa, os alunos regularmente matriculados a partir da segunda s\u00e9rie dos cursos de gradua\u00e7\u00e3o da Unicentro. A Licenciatura em Arte oferece anualmente vagas de tutoria mediante editais do SEHLA a fim de atender a demanda dos alunos com necessidades especiais.<\/span><\/p>\n<p style=\"text-align: justify\"><span style=\"font-weight: 400\">Para saber mais sobre Tutoria discente acesse: <\/span><a href=\"https:\/\/www3.unicentro.br\/proen\/programas-institucionais\/tutoria\/\"><span style=\"font-weight: 400\">https:\/\/www3.unicentro.br\/proen\/programas-institucionais\/tutoria\/<\/span><\/a><\/p>\n<p>[\/vc_column_text][vc_masonry_media_grid element_width=&#8221;12&#8243; grid_id=&#8221;vc_gid:1605118029629-9d413b3e-d218-8&#8243; include=&#8221;296&#8243;][\/vc_tta_section][\/vc_tta_accordion][\/vc_column][\/vc_row]<\/p>\n<\/div>","protected":false},"excerpt":{"rendered":"<p>[vc_row][vc_column][vc_tta_accordion][vc_tta_section title=&#8221;MONITORIA&#8221; tab_id=&#8221;1604236138527-40f44b61-e313&#8243;][vc_column_text] A Licenciatura em Arte abre anualmente vagas em diferentes disciplinas para alunos que queiram realizar monitoria. Podem participar os acad\u00eamicos regularmente matriculados em cursos de gradua\u00e7\u00e3o, com oferta de vagas na modalidade volunt\u00e1ria.\u00a0 As atividades de monitoria oportunizam aos acad\u00eamicos monitores o desenvolvimento de a\u00e7\u00f5es did\u00e1tico-pedag\u00f3gicas no \u00e2mbito das disciplinas regularmente ofertadas, [&hellip;]<\/p>\n","protected":false},"author":3,"featured_media":0,"parent":0,"menu_order":0,"comment_status":"closed","ping_status":"closed","template":"","meta":{"_exactmetrics_skip_tracking":false,"_exactmetrics_sitenote_active":false,"_exactmetrics_sitenote_note":"","_exactmetrics_sitenote_category":0,"footnotes":"","_links_to":"","_links_to_target":""},"class_list":["post-28","page","type-page","status-publish","hentry"],"_links":{"self":[{"href":"https:\/\/www3.unicentro.br\/deart\/wp-json\/wp\/v2\/pages\/28","targetHints":{"allow":["GET"]}}],"collection":[{"href":"https:\/\/www3.unicentro.br\/deart\/wp-json\/wp\/v2\/pages"}],"about":[{"href":"https:\/\/www3.unicentro.br\/deart\/wp-json\/wp\/v2\/types\/page"}],"author":[{"embeddable":true,"href":"https:\/\/www3.unicentro.br\/deart\/wp-json\/wp\/v2\/users\/3"}],"replies":[{"embeddable":true,"href":"https:\/\/www3.unicentro.br\/deart\/wp-json\/wp\/v2\/comments?post=28"}],"version-history":[{"count":0,"href":"https:\/\/www3.unicentro.br\/deart\/wp-json\/wp\/v2\/pages\/28\/revisions"}],"wp:attachment":[{"href":"https:\/\/www3.unicentro.br\/deart\/wp-json\/wp\/v2\/media?parent=28"}],"curies":[{"name":"wp","href":"https:\/\/api.w.org\/{rel}","templated":true}]}}