{"id":26,"date":"2017-05-05T11:37:26","date_gmt":"2017-05-05T14:37:26","guid":{"rendered":"https:\/\/www3.unicentro.br\/deart\/?page_id=26"},"modified":"2020-11-11T15:02:53","modified_gmt":"2020-11-11T18:02:53","slug":"estagio-pedagogico-voluntario","status":"publish","type":"page","link":"https:\/\/www3.unicentro.br\/deart\/estagio-pedagogico-voluntario\/","title":{"rendered":"Est\u00e1gio Pedag\u00f3gico Volunt\u00e1rio"},"content":{"rendered":"<div class=\"wpb-content-wrapper\"><p>[vc_row][vc_column][vc_column_text]<\/p>\n<p style=\"text-align: justify\"><span style=\"font-weight: 400\">O Est\u00e1gio Pedag\u00f3gico Volunt\u00e1rio no curso de Arte visa implementar e atualizar o processo de forma\u00e7\u00e3o continuada dos graduados em n\u00edvel superior em Arte, com vistas ao desenvolvimento da atividade de ensino das mat\u00e9rias do curr\u00edculo pleno dos cursos de gradua\u00e7\u00e3o, bem como cultivar interesse pelas atividades de estudo ligadas \u00e0s linhas de pesquisa pertencentes aos grupos de pesquisa dos professores do Departamento de Arte. Assim, ao realizar o EPV o estagi\u00e1rio, que outrora fora aluno de algum curso de Arte, tem a oportunidade de ampliar seus conhecimentos com rela\u00e7\u00e3o ao processo de ensino-aprendizagem e auxiliar na forma\u00e7\u00e3o de docentes para o ensino superior.\u00a0<\/span><\/p>\n<p style=\"text-align: justify\"><span style=\"font-weight: 400\">Destina-se a todos os graduados em n\u00edvel superior ou diplomados em curso sequencial de forma\u00e7\u00e3o em Arte. Para mais informa\u00e7\u00f5es sobre Est\u00e1gio Pedag\u00f3gico Volunt\u00e1rio acesse <\/span><a href=\"https:\/\/www3.unicentro.br\/proen\/programas-institucionais\/estagio-pedagogico\"><span style=\"font-weight: 400\">https:\/\/www3.unicentro.br\/proen\/programas-institucionais\/estagio-pedagogico<\/span><\/a><\/p>\n<p>[\/vc_column_text][\/vc_column][\/vc_row][vc_row][vc_column][vc_media_grid element_width=&#8221;12&#8243; grid_id=&#8221;vc_gid:1605117680867-dbf77885-d85f-2&#8243; include=&#8221;309&#8243;][\/vc_column][\/vc_row][vc_row][vc_column][\/vc_column][\/vc_row]<\/p>\n<\/div>","protected":false},"excerpt":{"rendered":"<p>[vc_row][vc_column][vc_column_text] O Est\u00e1gio Pedag\u00f3gico Volunt\u00e1rio no curso de Arte visa implementar e atualizar o processo de forma\u00e7\u00e3o continuada dos graduados em n\u00edvel superior em Arte, com vistas ao desenvolvimento da atividade de ensino das mat\u00e9rias do curr\u00edculo pleno dos cursos de gradua\u00e7\u00e3o, bem como cultivar interesse pelas atividades de estudo ligadas \u00e0s linhas de pesquisa [&hellip;]<\/p>\n","protected":false},"author":3,"featured_media":0,"parent":0,"menu_order":0,"comment_status":"closed","ping_status":"closed","template":"","meta":{"_exactmetrics_skip_tracking":false,"_exactmetrics_sitenote_active":false,"_exactmetrics_sitenote_note":"","_exactmetrics_sitenote_category":0,"footnotes":"","_links_to":"","_links_to_target":""},"class_list":["post-26","page","type-page","status-publish","hentry"],"_links":{"self":[{"href":"https:\/\/www3.unicentro.br\/deart\/wp-json\/wp\/v2\/pages\/26","targetHints":{"allow":["GET"]}}],"collection":[{"href":"https:\/\/www3.unicentro.br\/deart\/wp-json\/wp\/v2\/pages"}],"about":[{"href":"https:\/\/www3.unicentro.br\/deart\/wp-json\/wp\/v2\/types\/page"}],"author":[{"embeddable":true,"href":"https:\/\/www3.unicentro.br\/deart\/wp-json\/wp\/v2\/users\/3"}],"replies":[{"embeddable":true,"href":"https:\/\/www3.unicentro.br\/deart\/wp-json\/wp\/v2\/comments?post=26"}],"version-history":[{"count":0,"href":"https:\/\/www3.unicentro.br\/deart\/wp-json\/wp\/v2\/pages\/26\/revisions"}],"wp:attachment":[{"href":"https:\/\/www3.unicentro.br\/deart\/wp-json\/wp\/v2\/media?parent=26"}],"curies":[{"name":"wp","href":"https:\/\/api.w.org\/{rel}","templated":true}]}}